{"id":9403,"date":"2025-07-04T10:44:16","date_gmt":"2025-07-04T08:44:16","guid":{"rendered":"https:\/\/www.biokari.sk\/produkt\/szafi-free-bielkoviny-z-hnedej-ryze-240g\/"},"modified":"2026-01-27T08:41:48","modified_gmt":"2026-01-27T07:41:48","slug":"szafi-free-bielkoviny-z-hnedej-ryze-240g","status":"publish","type":"product","link":"https:\/\/www.biokari.sk\/ro\/produs\/szafi-free-bielkoviny-z-hnedej-ryze-240g\/","title":{"rendered":"Protein\u0103 din orez brun f\u0103r\u0103 Szafi 240g"},"content":{"rendered":"<p><strong>Instantn\u00e1 ka\u0161a bohat\u00e1 na bielkoviny, pripravite\u013en\u00e1 bez varenia, ktor\u00e1 neobsahuje lepok, mlieko, zlo\u017eky \u017eivo\u010d\u00ed\u0161neho p\u00f4vodu, cukor, sladidlo ani semen\u00e1.<\/strong><\/p>\n\n\n\n<p><strong>Compozi\u021bie:<\/strong> poh\u00e1nkov\u00e1 m\u00fa\u010dka, prote\u00ednov\u00fd pr\u00e1\u0161ok z ry\u017eov\u00fdch kl\u00ed\u010dkov (26 %), ban\u00e1nov\u00e1 m\u00fa\u010dka, pomaran\u010dov\u00e1 m\u00fa\u010dka, pr\u00edrodn\u00e1 ar\u00f3ma<\/p>\n\n\n\n<h4 class=\"wp-block-heading\"><strong>Priemern\u00e1 v\u00fd\u017eivov\u00e1 hodnota<\/strong>: <br><strong>v 100 g z\u00e1kladu ka\u0161e<\/strong><br>Energia: 1562 kJ \/ 369 kcal<br>Tuky: 4,1 g  z toho nas\u00fdten\u00e9 mastn\u00e9 kyseliny: 0,9 g<br>Sacharidy: 54 g  z toho cukry: 19 g<br>Vl\u00e1knina: 4,6 g<br>Bielkoviny: 27 g<br>So\u013e: 0,13 g<\/h4>\n\n\n\n<p>Neobsahuje pridan\u00fd cukor. Obsahuje prirodzene sa vyskytuj\u00face cukry.<\/p>\n\n\n\n<h4 class=\"wp-block-heading\"><strong>Odpor\u00fa\u010dan\u00e9 pou\u017eitie \u2013 ka\u0161a bez varenia:<\/strong> <br>40 g <strong>Shafi Liber<\/strong> prote\u00ednovej ka\u0161e bez varenia, 2 dl hor\u00faceho rastlinn\u00e9ho n\u00e1poja (napr. Alpro kokosov\u00fd n\u00e1poj \/19 kcal\/), pod\u013ea chuti a di\u00e9ty je mo\u017en\u00e9 prida\u0165: drven\u00e9 kakaov\u00e9 b\u00f4by, su\u0161en\u00e9 alebo \u010derstv\u00e9 ovocie, semen\u00e1, d\u017eem at\u010f. pod\u013ea chuti mo\u017eno dosladi\u0165 ak\u00fdmko\u013evek sladidlom (ka\u0161a je sama o sebe mierne sladk\u00e1, preto pri pou\u017eit\u00ed sladk\u00e9ho rastlinn\u00e9ho n\u00e1poja nemus\u00ed by\u0165 \u010fal\u0161ie sladenie potrebn\u00e9).<\/h4>\n\n\n\n<p><strong>Preg\u0103tire:<\/strong> V\u0161etky suroviny d\u00f4kladne premie\u0161ajte vidli\u010dkou alebo ru\u010dnou metli\u010dkou.<br>Po nieko\u013ek\u00fdch min\u00fatach nechajte odst\u00e1\u0165 a potom skonzumujte. Pred pod\u00e1van\u00edm m\u00f4\u017eete posypa\u0165 sladen\u00fdm kakaov\u00fdm pr\u00e1\u0161kom, karobov\u00fdm pr\u00e1\u0161kom, \u0161koricou, ozdobi\u0165 \u010derstv\u00fdm ovoc\u00edm alebo pod\u013ea di\u00e9ty k\u00faskami \u010dokol\u00e1dy.<\/p>\n\n\n\n<p><strong>Depozitare:<\/strong> uchov\u00e1vajte na suchom a chladnom mieste!<br><strong>Greutate:<\/strong> 240 g<\/p>\n\n\n\n<p>Produsul poate con\u021bine <strong>sezamov\u00e9 semen\u00e1, hor\u010di\u010dn\u00e9 semen\u00e1, zeler, orechy a siri\u010ditany!<\/strong><\/p>","protected":false},"excerpt":{"rendered":"<p>Instantn\u00e1 ka\u0161a bohat\u00e1 na bielkoviny, pripravite\u013en\u00e1 bez varenia, ktor\u00e1 neobsahuje lepok, mlieko, zlo\u017eky \u017eivo\u010d\u00ed\u0161neho p\u00f4vodu, cukor, sladidlo ani semen\u00e1. Zlo\u017eenie: poh\u00e1nkov\u00e1 m\u00fa\u010dka, prote\u00ednov\u00fd pr\u00e1\u0161ok z ry\u017eov\u00fdch kl\u00ed\u010dkov (26 %), ban\u00e1nov\u00e1 m\u00fa\u010dka, pomaran\u010dov\u00e1 m\u00fa\u010dka, pr\u00edrodn\u00e1 ar\u00f3ma Priemern\u00e1 v\u00fd\u017eivov\u00e1 hodnota: v 100 g z\u00e1kladu ka\u0161eEnergia: 1562 kJ \/ 369 kcalTuky: 4,1 g z toho nas\u00fdten\u00e9 mastn\u00e9 kyseliny: [&hellip;]<\/p>","protected":false},"featured_media":9715,"comment_status":"open","ping_status":"closed","template":"","meta":{"inline_featured_image":false},"product_brand":[],"product_cat":[71,19],"product_tag":[],"class_list":{"0":"post-9403","1":"product","2":"type-product","3":"status-publish","4":"has-post-thumbnail","6":"product_cat-potraviny","7":"product_cat-ostatne","9":"first","10":"instock","11":"taxable","12":"shipping-taxable","13":"purchasable","14":"product-type-simple"},"aioseo_notices":[],"_links":{"self":[{"href":"https:\/\/www.biokari.sk\/ro\/wp-json\/wp\/v2\/product\/9403","targetHints":{"allow":["GET"]}}],"collection":[{"href":"https:\/\/www.biokari.sk\/ro\/wp-json\/wp\/v2\/product"}],"about":[{"href":"https:\/\/www.biokari.sk\/ro\/wp-json\/wp\/v2\/types\/product"}],"replies":[{"embeddable":true,"href":"https:\/\/www.biokari.sk\/ro\/wp-json\/wp\/v2\/comments?post=9403"}],"wp:featuredmedia":[{"embeddable":true,"href":"https:\/\/www.biokari.sk\/ro\/wp-json\/wp\/v2\/media\/9715"}],"wp:attachment":[{"href":"https:\/\/www.biokari.sk\/ro\/wp-json\/wp\/v2\/media?parent=9403"}],"wp:term":[{"taxonomy":"product_brand","embeddable":true,"href":"https:\/\/www.biokari.sk\/ro\/wp-json\/wp\/v2\/product_brand?post=9403"},{"taxonomy":"product_cat","embeddable":true,"href":"https:\/\/www.biokari.sk\/ro\/wp-json\/wp\/v2\/product_cat?post=9403"},{"taxonomy":"product_tag","embeddable":true,"href":"https:\/\/www.biokari.sk\/ro\/wp-json\/wp\/v2\/product_tag?post=9403"}],"curies":[{"name":"wp","href":"https:\/\/api.w.org\/{rel}","templated":true}]}}