{"id":9413,"date":"2025-07-04T10:44:18","date_gmt":"2025-07-04T08:44:18","guid":{"rendered":"https:\/\/www.biokari.sk\/produkt\/bioco-vitamin-c-zinok-tabletky-100ks\/"},"modified":"2026-04-27T19:02:07","modified_gmt":"2026-04-27T17:02:07","slug":"bioco-vitamin-c-zinok-tabletky-100ks","status":"publish","type":"product","link":"https:\/\/www.biokari.sk\/ro\/produs\/bioco-vitamin-c-zinok-tabletky-100ks\/","title":{"rendered":"Bioco Vitamina C + Zinc Tablete 100pcs"},"content":{"rendered":"<p data-start=\"194\" data-end=\"423\">Doplnok stravy vo forme tabliet s postupn\u00fdm uvo\u013e\u0148ovan\u00edm, obsahuj\u00faci vitam\u00edn C s pred\u013a\u017een\u00fdm \u00fa\u010dinkom, organicky viazan\u00fd zinok a extrakt zo \u0161\u00edpok. Vitam\u00edn C sa uvo\u013e\u0148uje do organizmu postupne, \u010d\u00edm sa dlhodobo zabezpe\u010duje jeho pr\u00edjem.<\/p>\n<p data-start=\"425\" data-end=\"449\"><strong data-start=\"425\" data-end=\"449\">Vitam\u00edn C prispieva:<\/strong><\/p>\n<ul data-start=\"450\" data-end=\"586\">\n<li data-start=\"450\" data-end=\"508\">\n<p data-start=\"452\" data-end=\"508\">k spr\u00e1vnemu fungovaniu nervov\u00e9ho a imunitn\u00e9ho syst\u00e9mu,<\/p>\n<\/li>\n<li data-start=\"509\" data-end=\"553\">\n<p data-start=\"511\" data-end=\"553\">k ochrane buniek pred oxida\u010dn\u00fdm stresom,<\/p>\n<\/li>\n<li data-start=\"554\" data-end=\"586\">\n<p data-start=\"556\" data-end=\"586\">k zn\u00ed\u017eeniu \u00fanavy a vy\u010derpania.<\/p>\n<\/li>\n<\/ul>\n<p data-start=\"588\" data-end=\"658\"><strong data-start=\"588\" data-end=\"658\">\u00da\u010dinky vitam\u00ednu C dop\u013a\u0148a organicky viazan\u00fd zinok, ktor\u00fd prispieva:<\/strong><\/p>\n<ul data-start=\"659\" data-end=\"837\">\n<li data-start=\"659\" data-end=\"705\">\n<p data-start=\"661\" data-end=\"705\">k spr\u00e1vnemu fungovaniu imunitn\u00e9ho syst\u00e9mu,<\/p>\n<\/li>\n<li data-start=\"706\" data-end=\"767\">\n<p data-start=\"708\" data-end=\"767\">k udr\u017eiavaniu norm\u00e1lneho stavu vlasov, poko\u017eky a nechtov,<\/p>\n<\/li>\n<li data-start=\"768\" data-end=\"837\">\n<p data-start=\"770\" data-end=\"837\">k zachovaniu norm\u00e1lnej kognit\u00edvnej funkcie, zraku a zdrav\u00fdch kost\u00ed.<\/p>\n<\/li>\n<\/ul>\n<p data-start=\"839\" data-end=\"865\"><strong data-start=\"839\" data-end=\"865\">Vegetari\u00e1nsky produkt.<\/strong><\/p>\n<p><strong data-start=\"872\" data-end=\"890\">O zna\u010dke BioCo<\/strong><\/p>\n<p data-start=\"892\" data-end=\"969\">\u201eBioCo\u201c je registrovan\u00fd n\u00e1zov spolo\u010dnosti, neznamen\u00e1 ekologick\u00fa certifik\u00e1ciu!<\/p>\n<p data-start=\"971\" data-end=\"1255\">Spolo\u010dnos\u0165 BioCo Magyarorsz\u00e1g Kft. prev\u00e1dzkuje syst\u00e9m bezpe\u010dnosti potrav\u00edn certifikovan\u00fd pod\u013ea normy ISO 22000 a smern\u00edc Spr\u00e1vnej v\u00fdrobnej praxe (GMP). V\u00fdrobok je vyvinut\u00fd a vyroben\u00fd v Ma\u010farsku. \u00da\u010dinn\u00e9 l\u00e1tky nepoch\u00e1dzaj\u00fa z Ma\u010farska, ale v\u00fdvoj aj v\u00fdroba prebiehaj\u00fa v\u00fdhradne v Ma\u010farsku.<\/p>\n<p data-start=\"1262\" data-end=\"1277\"><strong data-start=\"1262\" data-end=\"1277\">Dozaj:\u00a0<\/strong>Dospel\u00ed: 1 filmom obalen\u00e1 tableta denne, zapi\u0165 dostato\u010dn\u00fdm mno\u017estvom tekutiny.<\/p>\n<p data-start=\"1364\" data-end=\"1377\"><strong data-start=\"1364\" data-end=\"1377\">Compozi\u021bie:\u00a0<\/strong>Kyselina L-askorbov\u00e1; plniv\u00e1 (mikrokry\u0161talick\u00e1 celul\u00f3za, hydroxypropylmetylcelul\u00f3za); citr\u00e1t zino\u010dnat\u00fd; po\u0165ahov\u00e9 l\u00e1tky (mastn\u00e9 kyseliny, polyvinylalkohol, polyetyl\u00e9nglykol); extrakt zo \u0161\u00edpok (20 mg\/tableta); protihrudkuj\u00face l\u00e1tky (soli hor\u010d\u00edka z mastn\u00fdch kysel\u00edn).<\/p>\n<p><strong data-start=\"1650\" data-end=\"1683\">Akt\u00edvne l\u00e1tky v dennej d\u00e1vke:<br \/>\n<\/strong>Vitam\u00edn C: 1000 mg (NRV 1250 %)<br \/>\nOrganicky viazan\u00fd zinok: 15 mg (NRV 150 %)<br data-start=\"1765\" data-end=\"1768\" \/><em data-start=\"1768\" data-end=\"1816\">NRV: Referen\u010dn\u00e1 v\u00fd\u017eivov\u00e1 hodnota pre dospel\u00fdc<\/em><\/p>\n<p data-start=\"1900\" data-end=\"2079\"><strong data-start=\"1900\" data-end=\"1916\">Depozitare:<\/strong> Uchov\u00e1vajte mimo dosahu det\u00ed, na suchom mieste, chr\u00e1nen\u00e9 pred priamym slne\u010dn\u00fdm \u017eiaren\u00edm, pri izbovej teplote (15\u201325 \u00b0C). Po pou\u017eit\u00ed v\u017edy d\u00f4kladne uzavrite uz\u00e1ver.<\/p>\n<p data-start=\"1900\" data-end=\"2079\"><strong>Cantitate:<\/strong> 100pcs<br \/>\n<strong>Perioada minim\u0103 de valabilitate p\u00e2n\u0103 la:<\/strong> Vede\u021bi ambalajul.<\/p>","protected":false},"excerpt":{"rendered":"<p>Doplnok stravy vo forme tabliet s postupn\u00fdm uvo\u013e\u0148ovan\u00edm, obsahuj\u00faci vitam\u00edn C s pred\u013a\u017een\u00fdm \u00fa\u010dinkom, organicky viazan\u00fd zinok a extrakt zo \u0161\u00edpok. Vitam\u00edn C sa uvo\u013e\u0148uje do organizmu postupne, \u010d\u00edm sa dlhodobo zabezpe\u010duje jeho pr\u00edjem. Vitam\u00edn C prispieva: k spr\u00e1vnemu fungovaniu nervov\u00e9ho a imunitn\u00e9ho syst\u00e9mu, k ochrane buniek pred oxida\u010dn\u00fdm stresom, k zn\u00ed\u017eeniu \u00fanavy a vy\u010derpania. [&hellip;]<\/p>","protected":false},"featured_media":9694,"comment_status":"open","ping_status":"closed","template":"","meta":{"inline_featured_image":false},"product_brand":[],"product_cat":[69,140],"product_tag":[],"class_list":{"0":"post-9413","1":"product","2":"type-product","3":"status-publish","4":"has-post-thumbnail","6":"product_cat-vyzivove-doplnky","7":"product_cat-posilnenie-imunity","9":"first","10":"instock","11":"taxable","12":"shipping-taxable","13":"purchasable","14":"product-type-simple"},"aioseo_notices":[],"_links":{"self":[{"href":"https:\/\/www.biokari.sk\/ro\/wp-json\/wp\/v2\/product\/9413","targetHints":{"allow":["GET"]}}],"collection":[{"href":"https:\/\/www.biokari.sk\/ro\/wp-json\/wp\/v2\/product"}],"about":[{"href":"https:\/\/www.biokari.sk\/ro\/wp-json\/wp\/v2\/types\/product"}],"replies":[{"embeddable":true,"href":"https:\/\/www.biokari.sk\/ro\/wp-json\/wp\/v2\/comments?post=9413"}],"wp:featuredmedia":[{"embeddable":true,"href":"https:\/\/www.biokari.sk\/ro\/wp-json\/wp\/v2\/media\/9694"}],"wp:attachment":[{"href":"https:\/\/www.biokari.sk\/ro\/wp-json\/wp\/v2\/media?parent=9413"}],"wp:term":[{"taxonomy":"product_brand","embeddable":true,"href":"https:\/\/www.biokari.sk\/ro\/wp-json\/wp\/v2\/product_brand?post=9413"},{"taxonomy":"product_cat","embeddable":true,"href":"https:\/\/www.biokari.sk\/ro\/wp-json\/wp\/v2\/product_cat?post=9413"},{"taxonomy":"product_tag","embeddable":true,"href":"https:\/\/www.biokari.sk\/ro\/wp-json\/wp\/v2\/product_tag?post=9413"}],"curies":[{"name":"wp","href":"https:\/\/api.w.org\/{rel}","templated":true}]}}