{"id":9421,"date":"2025-07-04T10:44:19","date_gmt":"2025-07-04T08:44:19","guid":{"rendered":"https:\/\/www.biokari.sk\/produkt\/szafi-free-bezlepkova-stuhanka-200g\/"},"modified":"2026-03-31T19:00:55","modified_gmt":"2026-03-31T17:00:55","slug":"szafi-free-bezlepkova-stuhanka-200g","status":"publish","type":"product","link":"https:\/\/www.biokari.sk\/ro\/produs\/szafi-free-bezlepkova-stuhanka-200g\/","title":{"rendered":"Szafi free Bezlepkov\u00e1 str\u00fahanka 200g"},"content":{"rendered":"<p data-start=\"97\" data-end=\"254\">Odpor\u00fa\u010da sa na oba\u013eovanie r\u00fdb, m\u00e4sa a zeleniny \u2013 \u013eahko sa pou\u017e\u00edva a vytv\u00e1ra chrumkav\u00fd, zlatist\u00fd obal, ktor\u00fd je ide\u00e1lny pre bezlepkov\u00fa a bezmlie\u010dnu di\u00e9tu!<\/p>\n<p data-start=\"256\" data-end=\"328\" data-is-last-node=\"\" data-is-only-node=\"\">Obsahuje pomaly sa vstreb\u00e1vaj\u00face sacharidy a je bez pridan\u00e9ho cukru!<\/p>\n<p data-start=\"94\" data-end=\"296\"><strong data-start=\"94\" data-end=\"107\">Compozi\u021bie:<\/strong> bezlepkov\u00e1 p\u0161eno m\u00faka, tapiokov\u00fd \u0161krob, bambusov\u00e1 vl\u00e1knina, regul\u00e1tory kyslosti (jabl\u010dn\u00fd ocot, kyselina citr\u00f3nov\u00e1), m\u00faka zo semien skorocelu, so\u013e, kypriaca l\u00e1tka (hydrog\u00e9nuhli\u010ditan sodn\u00fd).<\/p>\n<p data-start=\"298\" data-end=\"348\"><strong data-start=\"298\" data-end=\"328\">Valori nutri\u021bionale medii<\/strong><br data-start=\"328\" data-end=\"331\" \/>na 100 g v\u00fdrobku:<br \/>\n<strong data-start=\"352\" data-end=\"364\">Energia:<\/strong> 1367 kJ \/ 325 kcal<br \/>\n<strong data-start=\"388\" data-end=\"397\">Tuky:<\/strong> 1 g z toho nas\u00fdten\u00e9 mastn\u00e9 kyseliny: 0,3 g<br \/>\n<strong data-start=\"449\" data-end=\"463\">Sacharidy:<\/strong> 56,5 g z toho cukry: 1 g,<br \/>\n<strong data-start=\"497\" data-end=\"510\">Vl\u00e1knina:<\/strong> 28,3 g, <strong data-start=\"522\" data-end=\"537\">Bielkoviny:<\/strong> 8,5 g, <strong data-start=\"548\" data-end=\"556\">So\u013e:<\/strong> 1,6 g<\/p>\n<p data-start=\"566\" data-end=\"637\"><strong data-start=\"566\" data-end=\"637\">Neobsahuje pridan\u00fd cukor. Obsahuje prirodzene sa vyskytuj\u00face cukry.<\/strong><\/p>\n<p data-start=\"639\" data-end=\"716\"><strong data-start=\"639\" data-end=\"716\">V\u00fdrobok m\u00f4\u017ee obsahova\u0165: sezam, hor\u010dicu, zeler, orechy, vl\u010d\u00ed b\u00f4b (lupinu).<\/strong><\/p>\n<p><strong>Perioada minim\u0103 de valabilitate p\u00e2n\u0103 la:<\/strong> vezi ambalajul.<br \/>\n<strong>Greutate:<\/strong> 200g<br \/>\n<strong>Depozitare:<\/strong> A se p\u0103stra \u00eentr-un loc uscat. A nu se l\u0103sa la \u00eendem\u00e2na copiilor.<\/p>","protected":false},"excerpt":{"rendered":"<p>Odpor\u00fa\u010da sa na oba\u013eovanie r\u00fdb, m\u00e4sa a zeleniny \u2013 \u013eahko sa pou\u017e\u00edva a vytv\u00e1ra chrumkav\u00fd, zlatist\u00fd obal, ktor\u00fd je ide\u00e1lny pre bezlepkov\u00fa a bezmlie\u010dnu di\u00e9tu! Obsahuje pomaly sa vstreb\u00e1vaj\u00face sacharidy a je bez pridan\u00e9ho cukru! Zlo\u017eenie: bezlepkov\u00e1 p\u0161eno m\u00faka, tapiokov\u00fd \u0161krob, bambusov\u00e1 vl\u00e1knina, regul\u00e1tory kyslosti (jabl\u010dn\u00fd ocot, kyselina citr\u00f3nov\u00e1), m\u00faka zo semien skorocelu, so\u013e, kypriaca [&hellip;]<\/p>","protected":false},"featured_media":9692,"comment_status":"open","ping_status":"closed","template":"","meta":{"inline_featured_image":false},"product_brand":[],"product_cat":[71],"product_tag":[],"class_list":{"0":"post-9421","1":"product","2":"type-product","3":"status-publish","4":"has-post-thumbnail","6":"product_cat-potraviny","8":"first","9":"instock","10":"taxable","11":"shipping-taxable","12":"purchasable","13":"product-type-simple"},"aioseo_notices":[],"_links":{"self":[{"href":"https:\/\/www.biokari.sk\/ro\/wp-json\/wp\/v2\/product\/9421","targetHints":{"allow":["GET"]}}],"collection":[{"href":"https:\/\/www.biokari.sk\/ro\/wp-json\/wp\/v2\/product"}],"about":[{"href":"https:\/\/www.biokari.sk\/ro\/wp-json\/wp\/v2\/types\/product"}],"replies":[{"embeddable":true,"href":"https:\/\/www.biokari.sk\/ro\/wp-json\/wp\/v2\/comments?post=9421"}],"wp:featuredmedia":[{"embeddable":true,"href":"https:\/\/www.biokari.sk\/ro\/wp-json\/wp\/v2\/media\/9692"}],"wp:attachment":[{"href":"https:\/\/www.biokari.sk\/ro\/wp-json\/wp\/v2\/media?parent=9421"}],"wp:term":[{"taxonomy":"product_brand","embeddable":true,"href":"https:\/\/www.biokari.sk\/ro\/wp-json\/wp\/v2\/product_brand?post=9421"},{"taxonomy":"product_cat","embeddable":true,"href":"https:\/\/www.biokari.sk\/ro\/wp-json\/wp\/v2\/product_cat?post=9421"},{"taxonomy":"product_tag","embeddable":true,"href":"https:\/\/www.biokari.sk\/ro\/wp-json\/wp\/v2\/product_tag?post=9421"}],"curies":[{"name":"wp","href":"https:\/\/api.w.org\/{rel}","templated":true}]}}