{"id":9425,"date":"2025-07-04T10:44:20","date_gmt":"2025-07-04T08:44:20","guid":{"rendered":"https:\/\/www.biokari.sk\/produkt\/szafi-free-bezlepkova-mucna-zmes-na-pripravu-palaciniek-1000g-2\/"},"modified":"2026-04-24T19:06:36","modified_gmt":"2026-04-24T17:06:36","slug":"szafi-free-bezlepkova-mucna-zmes-na-pripravu-palaciniek-1000g-2","status":"publish","type":"product","link":"https:\/\/www.biokari.sk\/ro\/produs\/szafi-free-bezlepkova-mucna-zmes-na-pripravu-palaciniek-1000g-2\/","title":{"rendered":"Szafi free Amestec de f\u0103in\u0103 f\u0103r\u0103 gluten pentru prepararea cl\u0103titelor 1000g"},"content":{"rendered":"<p data-start=\"0\" data-end=\"160\">Bezlepkov\u00e9, bezmlie\u010dne, bezvaje\u010dn\u00e9, n\u00edzkotu\u010dn\u00e9 sladk\u00e9 alebo slan\u00e9 palacinky je mo\u017en\u00e9 pripravi\u0165 s pomocou palacinkovej m\u00fa\u010dnej zmesi Szafi Free na b\u00e1ze p\u0161eno.<\/p>\n<hr data-start=\"162\" data-end=\"165\" \/>\n<p data-start=\"167\" data-end=\"381\"><strong data-start=\"167\" data-end=\"180\">Compozi\u021bie:<\/strong> tapiokov\u00fd \u0161krob, psenov\u00e1 m\u00faka (31 %), poh\u00e1nkov\u00e1 m\u00faka, zmes vl\u00e1kniny (pr\u00e1\u0161ok zo \u0161upiek skorocelu, bambusov\u00e1 vl\u00e1knina), kypriaca l\u00e1tka (hydrog\u00e9nuhli\u010ditan sodn\u00fd), regul\u00e1tor kyslosti (kyselina citr\u00f3nov\u00e1).<\/p>\n<div class=\"_tableContainer_16hzy_1\">\n<div class=\"_tableWrapper_16hzy_14 group flex w-fit flex-col-reverse\">\n<table class=\"w-fit min-w-(--thread-content-width)\" data-start=\"420\" data-end=\"853\">\n<thead data-start=\"420\" data-end=\"488\">\n<tr data-start=\"420\" data-end=\"488\">\n<th data-start=\"420\" data-end=\"424\" data-col-size=\"sm\"><strong data-start=\"388\" data-end=\"418\">Valori nutri\u021bionale medii<\/strong>:<\/th>\n<th data-start=\"424\" data-end=\"449\" data-col-size=\"sm\"><strong data-start=\"426\" data-end=\"448\">100 g m\u00fa\u010dnej zmesi<\/strong><\/th>\n<th data-start=\"449\" data-end=\"488\" data-col-size=\"sm\"><strong data-start=\"451\" data-end=\"486\">1 ks hotovej palacinky (37 g)*<\/strong><\/th>\n<\/tr>\n<\/thead>\n<tbody data-start=\"557\" data-end=\"853\">\n<tr data-start=\"557\" data-end=\"613\">\n<td data-start=\"557\" data-end=\"572\" data-col-size=\"sm\"><strong data-start=\"559\" data-end=\"571\">Energia:<\/strong><\/td>\n<td data-col-size=\"sm\" data-start=\"572\" data-end=\"593\">1500 kJ \/ 354 kcal<\/td>\n<td data-col-size=\"sm\" data-start=\"593\" data-end=\"613\">252 kJ \/ 60 kcal<\/td>\n<\/tr>\n<tr data-start=\"614\" data-end=\"640\">\n<td data-start=\"614\" data-end=\"625\" data-col-size=\"sm\"><strong data-start=\"616\" data-end=\"624\">Gr\u0103simi<\/strong><\/td>\n<td data-col-size=\"sm\" data-start=\"625\" data-end=\"633\">1,6 g<\/td>\n<td data-col-size=\"sm\" data-start=\"633\" data-end=\"640\">1 g<\/td>\n<\/tr>\n<tr data-start=\"641\" data-end=\"692\">\n<td data-start=\"641\" data-end=\"677\" data-col-size=\"sm\">- din care satureaz\u0103<\/td>\n<td data-col-size=\"sm\" data-start=\"677\" data-end=\"685\">0,3 g<\/td>\n<td data-col-size=\"sm\" data-start=\"685\" data-end=\"692\">0 g<\/td>\n<\/tr>\n<tr data-start=\"693\" data-end=\"728\">\n<td data-start=\"693\" data-end=\"709\" data-col-size=\"sm\"><strong data-start=\"695\" data-end=\"708\">Carbohidra\u021bi<\/strong><\/td>\n<td data-col-size=\"sm\" data-start=\"709\" data-end=\"718\">76,1 g<\/td>\n<td data-col-size=\"sm\" data-start=\"718\" data-end=\"728\">11,4 g<\/td>\n<\/tr>\n<tr data-start=\"729\" data-end=\"761\">\n<td data-start=\"729\" data-end=\"746\" data-col-size=\"sm\">- din care zaharuri<\/td>\n<td data-col-size=\"sm\" data-start=\"746\" data-end=\"754\">0,3 g<\/td>\n<td data-col-size=\"sm\" data-start=\"754\" data-end=\"761\">0 g<\/td>\n<\/tr>\n<tr data-start=\"762\" data-end=\"794\">\n<td data-start=\"762\" data-end=\"777\" data-col-size=\"sm\"><strong data-start=\"764\" data-end=\"776\">Fibr\u0103<\/strong><\/td>\n<td data-col-size=\"sm\" data-start=\"777\" data-end=\"785\">4,5 g<\/td>\n<td data-col-size=\"sm\" data-start=\"785\" data-end=\"794\">0,7 g<\/td>\n<\/tr>\n<tr data-start=\"795\" data-end=\"827\">\n<td data-start=\"795\" data-end=\"812\" data-col-size=\"sm\"><strong data-start=\"797\" data-end=\"811\">Proteine<\/strong><\/td>\n<td data-col-size=\"sm\" data-start=\"812\" data-end=\"820\">6,4 g<\/td>\n<td data-col-size=\"sm\" data-start=\"820\" data-end=\"827\">1 g<\/td>\n<\/tr>\n<tr data-start=\"828\" data-end=\"853\">\n<td data-start=\"828\" data-end=\"838\" data-col-size=\"sm\"><strong data-start=\"830\" data-end=\"837\">Sare<\/strong><\/td>\n<td data-col-size=\"sm\" data-start=\"838\" data-end=\"844\">0 g<\/td>\n<td data-col-size=\"sm\" data-start=\"844\" data-end=\"853\">0,1 g<\/td>\n<\/tr>\n<\/tbody>\n<\/table>\n<\/div>\n<\/div>\n\n\n<p>* Pod\u013ea recept\u00fary uvedenej v n\u00e1vode na pou\u017eitie, pripraven\u00e9 bez sladenia, so so\u013eou.<\/p>\n\n\n\n<p>Neobsahuje pridan\u00fd cukor. Obsahuje prirodzene sa vyskytuj\u00face cukry.<\/p>\n\n\n\n<h3 class=\"wp-block-heading\"><strong>N\u00e1vod na pou\u017eitie<\/strong>: <strong>Recept na palacinky (VEG\u00c1NSKY):<\/strong> <br><strong>Zlo\u017eenie (na 5 ks palaciniek):<\/strong> 100 g Szafi Free palacinkov\u00e1 m\u00fa\u010dna zmes, 6 g sladidlo (\u0161tvorn\u00e1sobne sladk\u00e9), 1 g so\u013e, 300 g mand\u013eov\u00fd n\u00e1poj izbovej teploty (pr\u00edpadne voda).<\/h3>\n\n\n\n<p><strong>Preg\u0103tire:<\/strong> Rozohrejte palacinkov\u00fa panvicu.<br>Odmerejte mand\u013eov\u00fd n\u00e1poj, pridajte so\u013e a sladidlo (pri slan\u00fdch palacink\u00e1ch len so\u013e).<br>Potom pridajte 100 g m\u00fa\u010dnej zmesi a ru\u010dnou metli\u010dkou vymie\u0161ajte do hladka.<br>Nechajte cesto odst\u00e1\u0165 5 min\u00fat.<\/p>\n\n\n\n<p><strong>Pe\u010denie:<\/strong> Postriekajte palacinkov\u00fa panvicu olejom a zohrejte na stredn\u00fa teplotu.<br>Rozotrite jednu d\u00e1vku cesta na panvicu a pe\u010dte prv\u00fa stranu cca 2 \u2013 2,5 min\u00faty, druh\u00fa stranu cca 0,5 \u2013 1 min\u00fatu (palacinku oto\u010dte vtedy, ke\u010f sa okraje za\u010dn\u00fa odlepova\u0165).<\/p>\n\n\n\n<p>D\u00e1vajte pozor, aby panvica nebola pr\u00edli\u0161 hor\u00faca, inak sa na povrchu cesta m\u00f4\u017eu tvori\u0165 mal\u00e9 dierky!<\/p>\n\n\n\n<p>V\u00fdrobok m\u00f4\u017ee obsahova\u0165 sezam, hor\u010dicu, zeler, orechy a siri\u010ditany!<\/p>\n\n\n\n<p><strong>Depozitare:<\/strong> uchov\u00e1vajte na suchom a chladnom mieste.<br><strong>Balenie:<\/strong> 1000 g.<\/p>\n\n\n\n<p><\/p>","protected":false},"excerpt":{"rendered":"<p>Bezlepkov\u00e9, bezmlie\u010dne, bezvaje\u010dn\u00e9, n\u00edzkotu\u010dn\u00e9 sladk\u00e9 alebo slan\u00e9 palacinky je mo\u017en\u00e9 pripravi\u0165 s pomocou palacinkovej m\u00fa\u010dnej zmesi Szafi Free na b\u00e1ze p\u0161eno. Zlo\u017eenie: tapiokov\u00fd \u0161krob, psenov\u00e1 m\u00faka (31 %), poh\u00e1nkov\u00e1 m\u00faka, zmes vl\u00e1kniny (pr\u00e1\u0161ok zo \u0161upiek skorocelu, bambusov\u00e1 vl\u00e1knina), kypriaca l\u00e1tka (hydrog\u00e9nuhli\u010ditan sodn\u00fd), regul\u00e1tor kyslosti (kyselina citr\u00f3nov\u00e1). Priemern\u00e9 v\u00fd\u017eivov\u00e9 hodnoty: 100 g m\u00fa\u010dnej zmesi 1 ks [&hellip;]<\/p>","protected":false},"featured_media":9621,"comment_status":"open","ping_status":"closed","template":"","meta":{"inline_featured_image":false},"product_brand":[],"product_cat":[71,166],"product_tag":[],"class_list":{"0":"post-9425","1":"product","2":"type-product","3":"status-publish","4":"has-post-thumbnail","6":"product_cat-potraviny","7":"product_cat-muky","9":"first","10":"instock","11":"taxable","12":"shipping-taxable","13":"purchasable","14":"product-type-simple"},"aioseo_notices":[],"_links":{"self":[{"href":"https:\/\/www.biokari.sk\/ro\/wp-json\/wp\/v2\/product\/9425","targetHints":{"allow":["GET"]}}],"collection":[{"href":"https:\/\/www.biokari.sk\/ro\/wp-json\/wp\/v2\/product"}],"about":[{"href":"https:\/\/www.biokari.sk\/ro\/wp-json\/wp\/v2\/types\/product"}],"replies":[{"embeddable":true,"href":"https:\/\/www.biokari.sk\/ro\/wp-json\/wp\/v2\/comments?post=9425"}],"wp:featuredmedia":[{"embeddable":true,"href":"https:\/\/www.biokari.sk\/ro\/wp-json\/wp\/v2\/media\/9621"}],"wp:attachment":[{"href":"https:\/\/www.biokari.sk\/ro\/wp-json\/wp\/v2\/media?parent=9425"}],"wp:term":[{"taxonomy":"product_brand","embeddable":true,"href":"https:\/\/www.biokari.sk\/ro\/wp-json\/wp\/v2\/product_brand?post=9425"},{"taxonomy":"product_cat","embeddable":true,"href":"https:\/\/www.biokari.sk\/ro\/wp-json\/wp\/v2\/product_cat?post=9425"},{"taxonomy":"product_tag","embeddable":true,"href":"https:\/\/www.biokari.sk\/ro\/wp-json\/wp\/v2\/product_tag?post=9425"}],"curies":[{"name":"wp","href":"https:\/\/api.w.org\/{rel}","templated":true}]}}