{"id":9427,"date":"2025-07-04T10:44:20","date_gmt":"2025-07-04T08:44:20","guid":{"rendered":"https:\/\/www.biokari.sk\/produkt\/balint-cseppek-olej-z-cierneho-rasca-kapsuly-50ks\/"},"modified":"2026-04-28T19:01:55","modified_gmt":"2026-04-28T17:01:55","slug":"balint-cseppek-olej-z-cierneho-rasca-kapsuly-50ks","status":"publish","type":"product","link":"https:\/\/www.biokari.sk\/ro\/produs\/balint-cseppek-ulei-de-chimen-negru-capsule-50pcs\/","title":{"rendered":"B\u00e1lint cseppek Ulei de chimen negru capsule 50pcs"},"content":{"rendered":"<p data-start=\"82\" data-end=\"271\">Uleiul de chimen negru este cunoscut de mii de ani \u0219i este foarte apreciat \u00een medicina popular\u0103. Acesta ac\u021bioneaz\u0103 ca un antibiotic natural, are efecte antiinflamatoare, antiinflamatoare \u0219i de stimulare a imunit\u0103\u021bii. Capsulele de ulei de chimen negru pot fi un ajutor eficient pentru sl\u0103biciunea general\u0103, inflama\u021bii, probleme ale pielii, afec\u021biuni feminine, r\u0103celi, dureri de cap \u0219i balonare. De asemenea, sunt folosite ca remediu natural pentru parazi\u021bi, pentru a favoriza produc\u021bia de lapte matern \u0219i pot avea \u0219i efecte de sc\u0103dere a tensiunii arteriale \u0219i de ameliorare a crampelor. Uleiul de chimen negru con\u021bine o varietate de minerale \u0219i aminoacizi care pot stimula sistemul imunitar. Este deosebit de bogat \u00een fibre \u0219i con\u021bine, de asemenea, arginin\u0103 \u0219i caroten, care sunt transformate \u00een vitamina A \u00een organism. Acizii gra\u0219i nesatura\u021bi con\u021binu\u021bi \u00een ulei pot ameliora procesele inflamatorii la nivelul pielii, intestinelor, articula\u021biilor \u0219i sistemului nervos, f\u0103r\u0103 efecte secundare.<\/p>\n<p data-start=\"984\" data-end=\"1013\"><strong data-start=\"984\" data-end=\"1013\">Ingrediente active \u00een 1 capsul\u0103:\u00a0 <\/strong>Ulei de chimen negru - 580 mg<\/p>\n<p data-start=\"1048\" data-end=\"1061\"><strong data-start=\"1048\" data-end=\"1061\">Compozi\u021bie:\u00a0<\/strong>100 % Ulei de chimen negru presat la rece (Nigella sativa), capsul\u0103 (gelatin\u0103, ap\u0103).<\/p>\n<p data-start=\"1155\" data-end=\"1181\"><strong data-start=\"1155\" data-end=\"1181\">Doza recomandat\u0103:\u00a0<\/strong>1 capsul\u0103 pe zi.<\/p>\n<p data-start=\"1155\" data-end=\"1181\"><strong>Perioada minim\u0103 de valabilitate p\u00e2n\u0103 la:<\/strong> vezi ambalajul.<br \/>\n<strong>Cantitate:<\/strong> 50pcs<br \/>\n<strong>Depozitare:<\/strong> A se p\u0103stra \u00eentr-un loc uscat. A nu se l\u0103sa la \u00eendem\u00e2na copiilor.<\/p>","protected":false},"excerpt":{"rendered":"<p>Olej z \u010diernej rasce je zn\u00e1my u\u017e tis\u00edce rokov a v \u013eudovom lie\u010dite\u013estve je vysoko cenen\u00fd. P\u00f4sob\u00ed ako pr\u00edrodn\u00e9 antibiotikum, m\u00e1 protiz\u00e1palov\u00e9, protinad\u00favacie a imunitu posil\u0148uj\u00face \u00fa\u010dinky.\u00a0Kapsuly s olejom z \u010diernej rasce m\u00f4\u017eu by\u0165 \u00fa\u010dinnou pomocou pri v\u0161eobecnej slabosti, z\u00e1paloch, ko\u017en\u00fdch probl\u00e9moch, \u017eensk\u00fdch \u0165a\u017ekostiach, nachladnut\u00ed, bolestiach hlavy a nad\u00favan\u00ed.\u00a0Pou\u017e\u00edvaj\u00fa sa tie\u017e ako pr\u00edrodn\u00e9 prostriedky proti [&hellip;]<\/p>","protected":false},"featured_media":9689,"comment_status":"open","ping_status":"closed","template":"","meta":{"inline_featured_image":false},"product_brand":[],"product_cat":[69,140],"product_tag":[],"class_list":{"0":"post-9427","1":"product","2":"type-product","3":"status-publish","4":"has-post-thumbnail","6":"product_cat-vyzivove-doplnky","7":"product_cat-posilnenie-imunity","9":"first","10":"instock","11":"taxable","12":"shipping-taxable","13":"purchasable","14":"product-type-simple"},"aioseo_notices":[],"_links":{"self":[{"href":"https:\/\/www.biokari.sk\/ro\/wp-json\/wp\/v2\/product\/9427","targetHints":{"allow":["GET"]}}],"collection":[{"href":"https:\/\/www.biokari.sk\/ro\/wp-json\/wp\/v2\/product"}],"about":[{"href":"https:\/\/www.biokari.sk\/ro\/wp-json\/wp\/v2\/types\/product"}],"replies":[{"embeddable":true,"href":"https:\/\/www.biokari.sk\/ro\/wp-json\/wp\/v2\/comments?post=9427"}],"wp:featuredmedia":[{"embeddable":true,"href":"https:\/\/www.biokari.sk\/ro\/wp-json\/wp\/v2\/media\/9689"}],"wp:attachment":[{"href":"https:\/\/www.biokari.sk\/ro\/wp-json\/wp\/v2\/media?parent=9427"}],"wp:term":[{"taxonomy":"product_brand","embeddable":true,"href":"https:\/\/www.biokari.sk\/ro\/wp-json\/wp\/v2\/product_brand?post=9427"},{"taxonomy":"product_cat","embeddable":true,"href":"https:\/\/www.biokari.sk\/ro\/wp-json\/wp\/v2\/product_cat?post=9427"},{"taxonomy":"product_tag","embeddable":true,"href":"https:\/\/www.biokari.sk\/ro\/wp-json\/wp\/v2\/product_tag?post=9427"}],"curies":[{"name":"wp","href":"https:\/\/api.w.org\/{rel}","templated":true}]}}