{"id":9433,"date":"2025-07-04T10:44:21","date_gmt":"2025-07-04T08:44:21","guid":{"rendered":"https:\/\/www.biokari.sk\/produkt\/mikro-biom-24-kapsuly-30ks\/"},"modified":"2026-05-01T19:01:08","modified_gmt":"2026-05-01T17:01:08","slug":"mikro-biom-24-kapsuly-30ks","status":"publish","type":"product","link":"https:\/\/www.biokari.sk\/ro\/produs\/micro-biom-24-capsule-30pcs\/","title":{"rendered":"Micro Biom 24 capsule 30pcs"},"content":{"rendered":"<p>Objav nov\u00fa \u00farove\u0148 podpory \u010drevnej mikrofl\u00f3ry s v\u00fd\u017eivov\u00fdm doplnkom MikroBiom 24 kaps\u00fal! Tento inovat\u00edvny pr\u00edpravok obsahuje 24 starostlivo vybran\u00fdch bakteri\u00e1lnych kme\u0148ov a butyr\u00e1t, ktor\u00e9 pom\u00e1haj\u00fa obnovi\u0165 a udr\u017eiava\u0165 rovnov\u00e1hu \u010drevnej fl\u00f3ry. Ka\u017ed\u00e1 denn\u00e1 d\u00e1vka poskytuje 30 mili\u00e1rd \u017eiv\u00fdch kult\u00far, \u010d\u00edm posil\u0148uje imunitn\u00fd syst\u00e9m a podporuje tr\u00e1venie. Technol\u00f3gia kyselinovzdorn\u00fdch kaps\u00fal zaru\u010duje, \u017ee prospe\u0161n\u00e9 bakt\u00e9rie sa dostan\u00fa neporu\u0161en\u00e9 do \u010driev, kde rozv\u00edjaj\u00fa svoj priazniv\u00fd \u00fa\u010dinok. Nedovo\u013e, aby v\u00fdzvy modern\u00e9ho \u017eivotn\u00e9ho \u0161t\u00fdlu naru\u0161ili rovnov\u00e1hu tvojej \u010drevnej mikrofl\u00f3ry \u2013 vyber si MikroBiom 24 a podpor prirodzen\u00fa obranyschopnos\u0165 svojho organizmu!<\/p>\n<p><strong>Compozi\u021bie:<\/strong> Butyr\u00e1t sodn\u00fd, mikrokry\u0161talick\u00e1 celul\u00f3za, Saccharomyces boulardii, Lactobacillus lactis, Bifidobacterium longum, Lactobacillus acidophilus, Lactobacillus crispatus, Lactobacillus salivarius, Lactobacillus fermentum, Bifidobacterium bifidum, Bifidobacterium adolescentis, Bifidobacterium infantis, Bacillus clausii, Lactobacillus reuteri, Lactobacillus gasseri, Pediococcus acidilactici, Lactococcus lactis sp. cremoris, Lactobacillus rhamnosus GG, Bifidobacterium lactis, Bifidobacterium breve, Bacillus subtilis, Leuconostoc mesenteroides, Pediococcus pentosaceus, Lactobacillus plantarum, Lactobacillus paracasei, Streptococcus thermophilus<\/p>\n<p><strong>Bez obsahu:<\/strong> pridan\u00fd cukor, lepok, lakt\u00f3za, konzerva\u010dn\u00e9 l\u00e1tky. Vhodn\u00e9 pre veg\u00e1nov.<\/p>\n<p><strong>Doza recomandat\u0103:<\/strong> 1 kapsula denne po\u010das alebo po jedle s ve\u013ek\u00fdm mno\u017estvom tekutiny.<\/p>\n<p>Neprekra\u010dujte odpor\u00fa\u010dan\u00fa denn\u00fa d\u00e1vku.<br \/>\nA se p\u0103stra \u00eentr-un loc uscat.<br \/>\n<strong>Perioada minim\u0103 de valabilitate p\u00e2n\u0103 la:<\/strong> vezi ambalajul.<\/p>\n<p><strong>Cantitate:<\/strong> 30pcs<\/p>","protected":false},"excerpt":{"rendered":"<p>Objav nov\u00fa \u00farove\u0148 podpory \u010drevnej mikrofl\u00f3ry s v\u00fd\u017eivov\u00fdm doplnkom MikroBiom 24 kaps\u00fal! Tento inovat\u00edvny pr\u00edpravok obsahuje 24 starostlivo vybran\u00fdch bakteri\u00e1lnych kme\u0148ov a butyr\u00e1t, ktor\u00e9 pom\u00e1haj\u00fa obnovi\u0165 a udr\u017eiava\u0165 rovnov\u00e1hu \u010drevnej fl\u00f3ry. Ka\u017ed\u00e1 denn\u00e1 d\u00e1vka poskytuje 30 mili\u00e1rd \u017eiv\u00fdch kult\u00far, \u010d\u00edm posil\u0148uje imunitn\u00fd syst\u00e9m a podporuje tr\u00e1venie. Technol\u00f3gia kyselinovzdorn\u00fdch kaps\u00fal zaru\u010duje, \u017ee prospe\u0161n\u00e9 bakt\u00e9rie sa dostan\u00fa [&hellip;]<\/p>","protected":false},"featured_media":9505,"comment_status":"open","ping_status":"closed","template":"","meta":{"inline_featured_image":false},"product_brand":[],"product_cat":[69,140,143],"product_tag":[],"class_list":{"0":"post-9433","1":"product","2":"type-product","3":"status-publish","4":"has-post-thumbnail","6":"product_cat-vyzivove-doplnky","7":"product_cat-posilnenie-imunity","8":"product_cat-zaludok-a-crevna-cinnost","10":"first","11":"instock","12":"taxable","13":"shipping-taxable","14":"purchasable","15":"product-type-simple"},"aioseo_notices":[],"_links":{"self":[{"href":"https:\/\/www.biokari.sk\/ro\/wp-json\/wp\/v2\/product\/9433","targetHints":{"allow":["GET"]}}],"collection":[{"href":"https:\/\/www.biokari.sk\/ro\/wp-json\/wp\/v2\/product"}],"about":[{"href":"https:\/\/www.biokari.sk\/ro\/wp-json\/wp\/v2\/types\/product"}],"replies":[{"embeddable":true,"href":"https:\/\/www.biokari.sk\/ro\/wp-json\/wp\/v2\/comments?post=9433"}],"wp:featuredmedia":[{"embeddable":true,"href":"https:\/\/www.biokari.sk\/ro\/wp-json\/wp\/v2\/media\/9505"}],"wp:attachment":[{"href":"https:\/\/www.biokari.sk\/ro\/wp-json\/wp\/v2\/media?parent=9433"}],"wp:term":[{"taxonomy":"product_brand","embeddable":true,"href":"https:\/\/www.biokari.sk\/ro\/wp-json\/wp\/v2\/product_brand?post=9433"},{"taxonomy":"product_cat","embeddable":true,"href":"https:\/\/www.biokari.sk\/ro\/wp-json\/wp\/v2\/product_cat?post=9433"},{"taxonomy":"product_tag","embeddable":true,"href":"https:\/\/www.biokari.sk\/ro\/wp-json\/wp\/v2\/product_tag?post=9433"}],"curies":[{"name":"wp","href":"https:\/\/api.w.org\/{rel}","templated":true}]}}