{"id":9435,"date":"2025-07-04T10:44:22","date_gmt":"2025-07-04T08:44:22","guid":{"rendered":"https:\/\/www.biokari.sk\/produkt\/bioco-vitain-c-tabletky-1500mg-100ks\/"},"modified":"2026-04-27T19:02:08","modified_gmt":"2026-04-27T17:02:08","slug":"bioco-vitain-c-tabletky-1500mg-100ks","status":"publish","type":"product","link":"https:\/\/www.biokari.sk\/ro\/produs\/bioco-vitain-c-tabletky-1500mg-100ks\/","title":{"rendered":"Bioco Vitain C comprimate 1500mg 100pcs"},"content":{"rendered":"<p data-start=\"199\" data-end=\"540\">BioCo MEGA C-vitamin 1500 mg RETARD obsahuje vitam\u00edn C s postupn\u00fdm uvo\u013e\u0148ovan\u00edm, ktor\u00fd dlhodobo zabezpe\u010duje pr\u00edsun potrebn\u00e9ho mno\u017estva vitam\u00ednu pre organizmus. Pravideln\u00e9 dop\u013a\u0148anie vitam\u00ednu C je mimoriadne d\u00f4le\u017eit\u00e9, preto\u017ee si ho \u013eudsk\u00e9 telo nedok\u00e1\u017ee samo vytv\u00e1ra\u0165 ani uklada\u0165 \u2013 jeho prebytok sa r\u00fdchlo vylu\u010duje.<\/p>\n<p data-start=\"542\" data-end=\"760\">Vitam\u00edn C prispieva k norm\u00e1lnemu fungovaniu imunitn\u00e9ho syst\u00e9mu, pom\u00e1ha zni\u017eova\u0165 \u00fanavu a vy\u010derpanie, podporuje vstreb\u00e1vanie \u017eeleza. Stimuluje tvorbu kolag\u00e9nu, ktor\u00fd je nevyhnutn\u00fd pre pru\u017enos\u0165 ciev, chrupaviek a poko\u017eky.<\/p>\n<p data-start=\"762\" data-end=\"973\">Ako siln\u00fd antioxidant neutralizuje vo\u013en\u00e9 radik\u00e1ly, ktor\u00e9 po\u0161kodzuj\u00fa bunky. Po\u010das choroby, po oper\u00e1ci\u00e1ch alebo pri krv\u00e1cav\u00fdch stavoch sa odpor\u00fa\u010da vy\u0161\u0161\u00ed pr\u00edjem vitam\u00ednu C, ktor\u00fd m\u00f4\u017ee podpori\u0165 r\u00fdchlej\u0161ie zotavenie.<\/p>\n<p data-start=\"975\" data-end=\"1167\">Tablety s\u00fa potiahnut\u00e9 novou, farbiv\u00e1 neobsahuj\u00facou vrstvou pre jednoduch\u0161ie preh\u013atanie. Bez lepku, bez lakt\u00f3zy, vhodn\u00e9 pre veg\u00e1nov. Ve\u013ek\u00e9 rodinn\u00e9 balenie obsahuje 100 filmom obalen\u00fdch tabliet.<\/p>\n<p data-start=\"1169\" data-end=\"1252\"><strong data-start=\"1169\" data-end=\"1195\">Doza recomandat\u0103: <\/strong>1 comprimat pe zi, cu suficient lichid.<\/p>\n<p data-start=\"1254\" data-end=\"1281\"><strong data-start=\"1254\" data-end=\"1279\">Ingrediente \u00een 1 comprimat:\u00a0<br \/><\/strong>Vitam\u00edn C: 1500 mg (1875 % RVH*)<br \/>Extract de m\u0103ce\u0219e: 20 mg<br \/>*RVH - Valoarea dietetic\u0103 de referin\u021b\u0103 pentru adul\u021bi<\/p>\n<p data-start=\"1398\" data-end=\"1660\"><strong data-start=\"1398\" data-end=\"1411\">Compozi\u021bie: <\/strong>Kyselina L-askorbov\u00e1; plniv\u00e1 (hydroxypropylmetylcelul\u00f3za, mikrokry\u0161talick\u00e1 celul\u00f3za); le\u0161tiace l\u00e1tky (mastn\u00e9 kyseliny, polyvinylalkohol, polyetyl\u00e9nglykol); extrakt zo \u0161\u00edpky (20 mg\/tableta); protihrudkuj\u00face l\u00e1tky (hore\u010dnat\u00e9 soli mastn\u00fdch kysel\u00edn).<\/p>\n\n\n<p><strong>Cantitate:<\/strong> 100pcs<br><strong>Perioada minim\u0103 de valabilitate p\u00e2n\u0103 la:<\/strong> vezi ambalajul.<br><strong>Depozitare:<\/strong> A se p\u0103stra \u00eentr-un loc uscat. A nu se l\u0103sa la \u00eendem\u00e2na copiilor.<\/p>\n\n\n\n<p><\/p>","protected":false},"excerpt":{"rendered":"<p>BioCo MEGA C-vitamin 1500 mg RETARD obsahuje vitam\u00edn C s postupn\u00fdm uvo\u013e\u0148ovan\u00edm, ktor\u00fd dlhodobo zabezpe\u010duje pr\u00edsun potrebn\u00e9ho mno\u017estva vitam\u00ednu pre organizmus. Pravideln\u00e9 dop\u013a\u0148anie vitam\u00ednu C je mimoriadne d\u00f4le\u017eit\u00e9, preto\u017ee si ho \u013eudsk\u00e9 telo nedok\u00e1\u017ee samo vytv\u00e1ra\u0165 ani uklada\u0165 \u2013 jeho prebytok sa r\u00fdchlo vylu\u010duje. Vitam\u00edn C prispieva k norm\u00e1lnemu fungovaniu imunitn\u00e9ho syst\u00e9mu, pom\u00e1ha zni\u017eova\u0165 \u00fanavu [&hellip;]<\/p>","protected":false},"featured_media":9481,"comment_status":"open","ping_status":"closed","template":"","meta":{"inline_featured_image":false},"product_brand":[],"product_cat":[69,140],"product_tag":[],"class_list":{"0":"post-9435","1":"product","2":"type-product","3":"status-publish","4":"has-post-thumbnail","6":"product_cat-vyzivove-doplnky","7":"product_cat-posilnenie-imunity","9":"first","10":"instock","11":"taxable","12":"shipping-taxable","13":"purchasable","14":"product-type-simple"},"aioseo_notices":[],"_links":{"self":[{"href":"https:\/\/www.biokari.sk\/ro\/wp-json\/wp\/v2\/product\/9435","targetHints":{"allow":["GET"]}}],"collection":[{"href":"https:\/\/www.biokari.sk\/ro\/wp-json\/wp\/v2\/product"}],"about":[{"href":"https:\/\/www.biokari.sk\/ro\/wp-json\/wp\/v2\/types\/product"}],"replies":[{"embeddable":true,"href":"https:\/\/www.biokari.sk\/ro\/wp-json\/wp\/v2\/comments?post=9435"}],"wp:featuredmedia":[{"embeddable":true,"href":"https:\/\/www.biokari.sk\/ro\/wp-json\/wp\/v2\/media\/9481"}],"wp:attachment":[{"href":"https:\/\/www.biokari.sk\/ro\/wp-json\/wp\/v2\/media?parent=9435"}],"wp:term":[{"taxonomy":"product_brand","embeddable":true,"href":"https:\/\/www.biokari.sk\/ro\/wp-json\/wp\/v2\/product_brand?post=9435"},{"taxonomy":"product_cat","embeddable":true,"href":"https:\/\/www.biokari.sk\/ro\/wp-json\/wp\/v2\/product_cat?post=9435"},{"taxonomy":"product_tag","embeddable":true,"href":"https:\/\/www.biokari.sk\/ro\/wp-json\/wp\/v2\/product_tag?post=9435"}],"curies":[{"name":"wp","href":"https:\/\/api.w.org\/{rel}","templated":true}]}}