{"id":9437,"date":"2025-07-04T10:44:22","date_gmt":"2025-07-04T08:44:22","guid":{"rendered":"https:\/\/www.biokari.sk\/produkt\/balint-cseppek-plucnik-lekarsky-sirup-150ml\/"},"modified":"2026-01-27T08:41:52","modified_gmt":"2026-01-27T07:41:52","slug":"balint-cseppek-plucnik-lekarsky-sirup-150ml","status":"publish","type":"product","link":"https:\/\/www.biokari.sk\/ro\/produs\/balint-cseppek-plucnik-sirop-medicinal-150ml\/","title":{"rendered":"B\u00e1lint cseppek Mullein sirop 150ml"},"content":{"rendered":"<p data-start=\"239\" data-end=\"468\">Siropul pulmonar este un supliment alimentar lichid cu extracte din opt plante medicinale \u0219i m\u0103r. Administrarea acestuia poate ajuta la men\u021binerea s\u0103n\u0103t\u0103\u021bii c\u0103ilor respiratorii superioare \u0219i la buna func\u021bionare a sistemului imunitar.<\/p>\n<p data-start=\"470\" data-end=\"495\"><strong data-start=\"470\" data-end=\"493\">Ierburi con\u021binute:\u00a0<\/strong>cimbru, lichen islandez, coada-\u0219oricelului, coada-calului, plantain, salvie, frunz\u0103 de nalb\u0103 alb\u0103, floare de ml\u0103di\u021b\u0103 cu flori mari<\/p>\n<p data-start=\"669\" data-end=\"764\"><strong data-start=\"669\" data-end=\"695\">Doza recomandat\u0103: <\/strong>2 \u00d7 zilnic 3,5 ml dup\u0103 mese.<br data-start=\"724\" data-end=\"727\" \/>Nu dep\u0103\u0219i\u021bi doza zilnic\u0103 recomandat\u0103!<\/p>\n<p data-start=\"766\" data-end=\"944\"><strong data-start=\"766\" data-end=\"779\">Compozi\u021bie: <\/strong>Koncentr\u00e1t jablkovej \u0161\u0165avy (47 %), rastlinn\u00fd glycer\u00edn, voda, alkohol, tymian, islandsk\u00fd li\u0161ajn\u00edk, rebr\u00ed\u010dek, prasli\u010dka, skorocel, \u0161alvia, list slezu, kvet divozela.<\/p>\n<p data-start=\"946\" data-end=\"987\"><strong data-start=\"946\" data-end=\"985\">Ingrediente active \u00eentr-o doz\u0103 zilnic\u0103 (7 ml):\u00a0<\/strong>tymian: 9 mg, islandsk\u00fd li\u0161ajn\u00edk: 7,6 mg, rebr\u00ed\u010dek: 6,7 mg, prasli\u010dka: 6,7 mg, skorocel: 6,7 mg, \u0161alvia: 6,7 mg, slez biely (list): 6,7 mg, divozel (kvet): 6,7 mg<\/p>\n<p data-start=\"946\" data-end=\"987\"><strong>Volum:<\/strong> 150ml<br \/>\nA se p\u0103stra \u00eentr-un loc uscat.<br \/>\n<strong>Perioada minim\u0103 de valabilitate p\u00e2n\u0103 la:<\/strong> vezi ambalajul.<\/p>","protected":false},"excerpt":{"rendered":"<p>Sirup na p\u013e\u00faca je tekut\u00fd v\u00fd\u017eivov\u00fd doplnok s extraktmi z \u00f4smich lie\u010div\u00fdch rastl\u00edn a jablkom. Jeho u\u017e\u00edvanie m\u00f4\u017ee prispie\u0165 k udr\u017eaniu zdravia horn\u00fdch d\u00fdchac\u00edch ciest a k spr\u00e1vnemu fungovaniu imunitn\u00e9ho syst\u00e9mu. Obsiahnut\u00e9 bylinky:\u00a0tymian, islandsk\u00fd li\u0161ajn\u00edk, rebr\u00ed\u010dek oby\u010dajn\u00fd, prasli\u010dka ro\u013en\u00e1, skorocel, \u0161alvia lek\u00e1rska, list slezu bieleho, kvet divozela ve\u013ekokvet\u00e9ho Odpor\u00fa\u010dan\u00e9 d\u00e1vkovanie: 2 \u00d7 denne 3,5 ml [&hellip;]<\/p>","protected":false},"featured_media":9683,"comment_status":"open","ping_status":"closed","template":"","meta":{"inline_featured_image":false},"product_brand":[],"product_cat":[69,144,140],"product_tag":[],"class_list":{"0":"post-9437","1":"product","2":"type-product","3":"status-publish","4":"has-post-thumbnail","6":"product_cat-vyzivove-doplnky","7":"product_cat-dychacie-cesty","8":"product_cat-posilnenie-imunity","10":"first","11":"instock","12":"taxable","13":"shipping-taxable","14":"purchasable","15":"product-type-simple"},"aioseo_notices":[],"_links":{"self":[{"href":"https:\/\/www.biokari.sk\/ro\/wp-json\/wp\/v2\/product\/9437","targetHints":{"allow":["GET"]}}],"collection":[{"href":"https:\/\/www.biokari.sk\/ro\/wp-json\/wp\/v2\/product"}],"about":[{"href":"https:\/\/www.biokari.sk\/ro\/wp-json\/wp\/v2\/types\/product"}],"replies":[{"embeddable":true,"href":"https:\/\/www.biokari.sk\/ro\/wp-json\/wp\/v2\/comments?post=9437"}],"wp:featuredmedia":[{"embeddable":true,"href":"https:\/\/www.biokari.sk\/ro\/wp-json\/wp\/v2\/media\/9683"}],"wp:attachment":[{"href":"https:\/\/www.biokari.sk\/ro\/wp-json\/wp\/v2\/media?parent=9437"}],"wp:term":[{"taxonomy":"product_brand","embeddable":true,"href":"https:\/\/www.biokari.sk\/ro\/wp-json\/wp\/v2\/product_brand?post=9437"},{"taxonomy":"product_cat","embeddable":true,"href":"https:\/\/www.biokari.sk\/ro\/wp-json\/wp\/v2\/product_cat?post=9437"},{"taxonomy":"product_tag","embeddable":true,"href":"https:\/\/www.biokari.sk\/ro\/wp-json\/wp\/v2\/product_tag?post=9437"}],"curies":[{"name":"wp","href":"https:\/\/api.w.org\/{rel}","templated":true}]}}