{"id":9439,"date":"2025-07-04T10:44:23","date_gmt":"2025-07-04T08:44:23","guid":{"rendered":"https:\/\/www.biokari.sk\/produkt\/balint-cseppek-plucnik-lekarsky-kvapky-50ml\/"},"modified":"2026-03-07T18:01:37","modified_gmt":"2026-03-07T17:01:37","slug":"balint-cseppek-plucnik-lekarsky-kvapky-50ml","status":"publish","type":"product","link":"https:\/\/www.biokari.sk\/ro\/produs\/balint-cseppek-colon-medicament-picaturi-50ml\/","title":{"rendered":"B\u00e1lint cseppek St. John's wort pic\u0103turi 50ml"},"content":{"rendered":"<p data-start=\"128\" data-end=\"210\">Pic\u0103turile pulmonare pe baz\u0103 de plante sunt un extract alcoolic din 8 plante medicinale. Administrarea lor poate ajuta la men\u021binerea s\u0103n\u0103t\u0103\u021bii tractului respirator superior \u0219i la buna func\u021bionare a sistemului imunitar.<\/p>\n<p data-start=\"419\" data-end=\"471\"><strong data-start=\"419\" data-end=\"469\">Acesta con\u021bine substan\u021be active din urm\u0103toarele plante:\u00a0<\/strong>cimbru, lichen islandez, coada-\u0219oricelului, coada-calului, plantain, salvie, frunz\u0103 de nalb\u0103 alb\u0103, floare de ml\u0103di\u021b\u0103 cu flori mari<\/p>\n<p data-start=\"645\" data-end=\"955\"><strong data-start=\"645\" data-end=\"664\">Efectele plantelor:\u00a0 <\/strong>Schinduful \u0219i salvia sus\u021bin sistemul imunitar.<br data-start=\"733\" data-end=\"736\" \/>Schinduful, salvia, yarrow \u0219i malva contribuie la s\u0103n\u0103tatea respiratorie.<br data-start=\"808\" data-end=\"811\" \/>Yarrow, salvia \u0219i coada calului con\u021bin antioxidan\u021bi naturali care protejeaz\u0103 celulele \u0219i \u021besuturile de procesele oxidative d\u0103un\u0103toare.<\/p>\n<p data-start=\"957\" data-end=\"1088\"><strong data-start=\"957\" data-end=\"983\">Doza recomandat\u0103: <\/strong>21 pic\u0103turi o dat\u0103 pe zi dup\u0103 masa principal\u0103, diluate \u00eentr-un pahar cu ap\u0103.<br data-start=\"1048\" data-end=\"1051\" \/>Nu dep\u0103\u0219i\u021bi doza zilnic\u0103 recomandat\u0103!<\/p>\n<p data-start=\"1090\" data-end=\"1237\"><strong data-start=\"1090\" data-end=\"1103\">Compozi\u021bie: <\/strong>Purt\u0103tor (ap\u0103 \u0219i alcool), cimbru, lichen islandez, yarrow, coada calului, plantain, salvie, frunz\u0103 de nalb\u0103 alb\u0103, floare de mullein.<\/p>\n<p data-start=\"1239\" data-end=\"1293\"><strong data-start=\"1239\" data-end=\"1291\">Ingrediente active \u00eentr-o doz\u0103 zilnic\u0103 (7 ml \/ 21 pic\u0103turi):\u00a0<\/strong>Cimbru: 9,45 mg, lichen islandez: 8 mg, coada-\u0219oricelului, coada-calului, plantain, salvie, nalb\u0103 \u0219i mullein: 7 mg din fiecare plant\u0103,\u00a0<\/p>\n<p data-start=\"1425\" data-end=\"1559\"><br data-start=\"1447\" data-end=\"1450\" \/><strong data-start=\"1450\" data-end=\"1479\">Perioada minim\u0103 de valabilitate p\u00e2n\u0103 la:<\/strong> vezi ambalajul.<br \/><strong>Volum:<\/strong> 50ml<br \/><strong data-start=\"1492\" data-end=\"1508\">Depozitare:<\/strong> A se p\u0103stra \u00eentr-un loc uscat. A nu se l\u0103sa la \u00eendem\u00e2na copiilor.<\/p>","protected":false},"excerpt":{"rendered":"<p>Bylinn\u00e9 kvapky na p\u013e\u00faca s\u00fa alkoholov\u00fd extrakt z 8 lie\u010div\u00fdch rastl\u00edn. Ich u\u017e\u00edvanie m\u00f4\u017ee prispie\u0165 k udr\u017eaniu zdravia horn\u00fdch d\u00fdchac\u00edch ciest a k spr\u00e1vnemu fungovaniu imunitn\u00e9ho syst\u00e9mu. Obsahuje \u00fa\u010dinn\u00e9 l\u00e1tky z nasleduj\u00facich rastl\u00edn:\u00a0tymian, islandsk\u00fd li\u0161ajn\u00edk, rebr\u00ed\u010dek oby\u010dajn\u00fd, prasli\u010dka ro\u013en\u00e1, skorocel, \u0161alvia lek\u00e1rska, list slezu bieleho, kvet divozela ve\u013ekokvet\u00e9ho \u00da\u010dinky rastl\u00edn:\u00a0 Skorocel kopijovit\u00fd a \u0161alvia podporuj\u00fa [&hellip;]<\/p>","protected":false},"featured_media":9478,"comment_status":"open","ping_status":"closed","template":"","meta":{"inline_featured_image":false},"product_brand":[],"product_cat":[69,140],"product_tag":[],"class_list":{"0":"post-9439","1":"product","2":"type-product","3":"status-publish","4":"has-post-thumbnail","6":"product_cat-vyzivove-doplnky","7":"product_cat-posilnenie-imunity","9":"first","10":"instock","11":"taxable","12":"shipping-taxable","13":"purchasable","14":"product-type-simple"},"aioseo_notices":[],"_links":{"self":[{"href":"https:\/\/www.biokari.sk\/ro\/wp-json\/wp\/v2\/product\/9439","targetHints":{"allow":["GET"]}}],"collection":[{"href":"https:\/\/www.biokari.sk\/ro\/wp-json\/wp\/v2\/product"}],"about":[{"href":"https:\/\/www.biokari.sk\/ro\/wp-json\/wp\/v2\/types\/product"}],"replies":[{"embeddable":true,"href":"https:\/\/www.biokari.sk\/ro\/wp-json\/wp\/v2\/comments?post=9439"}],"wp:featuredmedia":[{"embeddable":true,"href":"https:\/\/www.biokari.sk\/ro\/wp-json\/wp\/v2\/media\/9478"}],"wp:attachment":[{"href":"https:\/\/www.biokari.sk\/ro\/wp-json\/wp\/v2\/media?parent=9439"}],"wp:term":[{"taxonomy":"product_brand","embeddable":true,"href":"https:\/\/www.biokari.sk\/ro\/wp-json\/wp\/v2\/product_brand?post=9439"},{"taxonomy":"product_cat","embeddable":true,"href":"https:\/\/www.biokari.sk\/ro\/wp-json\/wp\/v2\/product_cat?post=9439"},{"taxonomy":"product_tag","embeddable":true,"href":"https:\/\/www.biokari.sk\/ro\/wp-json\/wp\/v2\/product_tag?post=9439"}],"curies":[{"name":"wp","href":"https:\/\/api.w.org\/{rel}","templated":true}]}}