{"id":9441,"date":"2025-07-04T10:44:23","date_gmt":"2025-07-04T08:44:23","guid":{"rendered":"https:\/\/www.biokari.sk\/produkt\/bioco-skoricove-koprove-kapsuly-60ks\/"},"modified":"2026-04-30T19:01:24","modified_gmt":"2026-04-30T17:01:24","slug":"bioco-skoricove-koprove-kapsuly-60ks","status":"publish","type":"product","link":"https:\/\/www.biokari.sk\/ro\/produs\/bioco-marar-capsule-60pcs\/","title":{"rendered":"Bioco Scor\u021bi\u0219oar\u0103 m\u0103rar capsule 60pcs"},"content":{"rendered":"<p data-start=\"172\" data-end=\"569\">Tabletele BioCo Cinnamon Extract con\u021bin extract de scor\u021bi\u0219oar\u0103, extract de semin\u021be de m\u0103rar \u0219i crom. Cromul joac\u0103 un rol important \u00een men\u021binerea nivelului normal de zah\u0103r din s\u00e2nge. Deoarece organismul uman nu \u00eel poate produce singur, suplimentarea acestuia este esen\u021bial\u0103. Deficitul de crom se poate manifesta prin fluctua\u021bii ale nivelului de zah\u0103r, foame frecvent\u0103, tulbur\u0103ri de concentrare \u0219i de memorie.<\/p>\n<p data-start=\"571\" data-end=\"886\">Compu\u0219ii vegetali con\u021binu\u021bi \u00een scor\u021bi\u0219oar\u0103 \u0219i semin\u021bele de m\u0103rar influen\u021beaz\u0103 favorabil nivelul zah\u0103rului din s\u00e2nge, reduc pofta de m\u00e2ncare \u0219i pofta de dulciuri, stimuleaz\u0103 metabolismul \u0219i arderea gr\u0103similor. De asemenea, ace\u0219tia ajut\u0103 \u00een cazul problemelor digestive, cum ar fi senza\u021bia de sa\u021bietate, balonarea, durerile abdominale, grea\u021ba sau diareea persistent\u0103.<\/p>\n<p data-start=\"888\" data-end=\"1044\">Semin\u021bele de m\u0103rar sunt, de asemenea, un excelent detoxifiant natural - promoveaz\u0103 eliminarea poluan\u021bilor acumula\u021bi \u0219i amelioreaz\u0103 reten\u021bia de ap\u0103 din organism.<\/p>\n<p data-start=\"1046\" data-end=\"1212\">Con\u021binutul de extracte dintr-un comprimat corespunde la 1500 mg de scor\u021bi\u0219oar\u0103 uscat\u0103 \u0219i 1000 mg de semin\u021be de m\u0103rar uscate. Produsul nu con\u021bine ingrediente de origine animal\u0103, este potrivit \u0219i pentru vegani.<\/p>\n<p data-start=\"1214\" data-end=\"1297\"><strong data-start=\"1214\" data-end=\"1240\">Doza recomandat\u0103:<\/strong><br data-start=\"1240\" data-end=\"1243\" \/>1 comprimat pe zi, cu suficient lichid.<\/p>\n<p data-start=\"1299\" data-end=\"1326\"><strong data-start=\"1299\" data-end=\"1324\">Ingrediente \u00een 1 comprimat:<\/strong><\/p>\n<ul data-start=\"1327\" data-end=\"1427\">\n<li data-start=\"1327\" data-end=\"1357\">\n<p data-start=\"1329\" data-end=\"1357\">Crom: 120 \u03bcg (300 % RVH*)<\/p>\n<\/li>\n<li data-start=\"1358\" data-end=\"1388\">\n<p data-start=\"1360\" data-end=\"1388\">Extract de scor\u021bi\u0219oar\u0103: 150 mg<\/p>\n<\/li>\n<li data-start=\"1389\" data-end=\"1427\">\n<p data-start=\"1391\" data-end=\"1427\">Extract de semin\u021be de m\u0103rar: 100 mg<\/p>\n<\/li>\n<\/ul>\n<p data-start=\"1429\" data-end=\"1477\">*RVH - Valoarea dietetic\u0103 de referin\u021b\u0103 pentru adul\u021bi<\/p>\n<p data-start=\"1479\" data-end=\"1730\"><strong data-start=\"1479\" data-end=\"1490\">Ingrediente:<\/strong><br data-start=\"1490\" data-end=\"1493\" \/>Umplutur\u0103 (celuloz\u0103 microcristalin\u0103), maltodextrin\u0103, extract de scor\u021bi\u0219oar\u0103 (150 mg\/tablet), extract de semin\u021be de m\u0103rar (100 mg\/tablet), agen\u021bi de lustruire (acizi gra\u0219i), agen\u021bi antiaglomeran\u021bi (talc, silice), picolinat de crom(III).<\/p>\n\n\n<p><\/p>","protected":false},"excerpt":{"rendered":"<p>Tablety BioCo \u0160koricov\u00fd extrakt obsahuj\u00fa extrakt zo \u0161korice, extrakt z k\u00f4prov\u00e9ho semena a chr\u00f3m. Chr\u00f3m zohr\u00e1va d\u00f4le\u017eit\u00fa \u00falohu pri udr\u017eiavan\u00ed norm\u00e1lnej hladiny cukru v krvi. Ke\u010f\u017ee si ho \u013eudsk\u00e9 telo nedok\u00e1\u017ee samo vytv\u00e1ra\u0165, jeho dop\u013a\u0148anie je nevyhnutn\u00e9. Nedostatok chr\u00f3mu sa m\u00f4\u017ee prejavova\u0165 kol\u00edsan\u00edm hladiny cukru, \u010dast\u00fdm pocitom hladu, poruchami koncentr\u00e1cie a pam\u00e4ti. Rastlinn\u00e9 zl\u00fa\u010deniny obsiahnut\u00e9 [&hellip;]<\/p>","protected":false},"featured_media":9476,"comment_status":"open","ping_status":"closed","template":"","meta":{"inline_featured_image":false},"product_brand":[],"product_cat":[69,147,140],"product_tag":[],"class_list":{"0":"post-9441","1":"product","2":"type-product","3":"status-publish","4":"has-post-thumbnail","6":"product_cat-vyzivove-doplnky","7":"product_cat-pre-diabetikov","8":"product_cat-posilnenie-imunity","10":"first","11":"instock","12":"taxable","13":"shipping-taxable","14":"purchasable","15":"product-type-simple"},"aioseo_notices":[],"_links":{"self":[{"href":"https:\/\/www.biokari.sk\/ro\/wp-json\/wp\/v2\/product\/9441","targetHints":{"allow":["GET"]}}],"collection":[{"href":"https:\/\/www.biokari.sk\/ro\/wp-json\/wp\/v2\/product"}],"about":[{"href":"https:\/\/www.biokari.sk\/ro\/wp-json\/wp\/v2\/types\/product"}],"replies":[{"embeddable":true,"href":"https:\/\/www.biokari.sk\/ro\/wp-json\/wp\/v2\/comments?post=9441"}],"wp:featuredmedia":[{"embeddable":true,"href":"https:\/\/www.biokari.sk\/ro\/wp-json\/wp\/v2\/media\/9476"}],"wp:attachment":[{"href":"https:\/\/www.biokari.sk\/ro\/wp-json\/wp\/v2\/media?parent=9441"}],"wp:term":[{"taxonomy":"product_brand","embeddable":true,"href":"https:\/\/www.biokari.sk\/ro\/wp-json\/wp\/v2\/product_brand?post=9441"},{"taxonomy":"product_cat","embeddable":true,"href":"https:\/\/www.biokari.sk\/ro\/wp-json\/wp\/v2\/product_cat?post=9441"},{"taxonomy":"product_tag","embeddable":true,"href":"https:\/\/www.biokari.sk\/ro\/wp-json\/wp\/v2\/product_tag?post=9441"}],"curies":[{"name":"wp","href":"https:\/\/api.w.org\/{rel}","templated":true}]}}