{"id":9445,"date":"2025-07-04T10:44:24","date_gmt":"2025-07-04T08:44:24","guid":{"rendered":"https:\/\/www.biokari.sk\/produkt\/bioco-vitamin-c-tabletky-1000mg-100ks\/"},"modified":"2026-04-30T19:01:24","modified_gmt":"2026-04-30T17:01:24","slug":"bioco-vitamin-c-tabletky-1000mg-100ks","status":"publish","type":"product","link":"https:\/\/www.biokari.sk\/ro\/produs\/bioco-vitamina-c-comprimate-1000mg-100pcs\/","title":{"rendered":"Bioco Vitamina C comprimate 1000mg 100pcs"},"content":{"rendered":"<p data-start=\"195\" data-end=\"491\"><br data-start=\"222\" data-end=\"225\" \/>Supliment alimentar cu eliberare treptat\u0103 de vitamina C, care asigur\u0103 aportul acesteia \u00een organism pe termen lung. Eficacitatea preparatului este \u00eembog\u0103\u021bit\u0103 cu extract de m\u0103ce\u0219e, care este o surs\u0103 natural\u0103 excelent\u0103 de vitamina C \u0219i ajut\u0103 la o mai bun\u0103 absorb\u021bie \u0219i utilizare a vitaminelor \u00een organism.\u00a0<\/p>\n<p data-start=\"493\" data-end=\"723\">Organismul uman nu poate produce sau stoca vitamina C, astfel \u00eenc\u00e2t este important s\u0103 o reumple\u021bi \u00een mod regulat - \u00een special \u00een timpul bolii, sarcinii, al\u0103pt\u0103rii, administr\u0103rii de contraceptive hormonale sau \u00een caz de stres mental sau fizic crescut.<\/p>\n<p data-start=\"943\" data-end=\"1000\"><strong data-start=\"943\" data-end=\"1000\">C\u00e2nd este recomandat s\u0103 lua\u021bi BioCo Rosehip RETARD C-vitamine?<\/strong><\/p>\n<ul data-start=\"1002\" data-end=\"1542\">\n<li data-start=\"1002\" data-end=\"1060\">\n<p data-start=\"1004\" data-end=\"1060\">pentru suplimentarea zilnic\u0103 a vitaminei C, chiar \u0219i cu o nevoie crescut\u0103<\/p>\n<\/li>\n<li data-start=\"1061\" data-end=\"1115\">\n<p data-start=\"1063\" data-end=\"1115\">pentru a sus\u021bine buna func\u021bionare a sistemului imunitar<\/p>\n<\/li>\n<li data-start=\"1116\" data-end=\"1168\">\n<p data-start=\"1118\" data-end=\"1168\">pentru a cre\u0219te rezisten\u021ba la infec\u021bii \u0219i boli<\/p>\n<\/li>\n<li data-start=\"1169\" data-end=\"1213\">\n<p data-start=\"1171\" data-end=\"1213\">pentru a accelera recuperarea \u00een timpul bolilor<\/p>\n<\/li>\n<li data-start=\"1214\" data-end=\"1248\">\n<p data-start=\"1216\" data-end=\"1248\">pentru a reduce oboseala \u0219i epuizarea<\/p>\n<\/li>\n<li data-start=\"1249\" data-end=\"1293\">\n<p data-start=\"1251\" data-end=\"1293\">pentru a proteja celulele de stresul oxidativ<\/p>\n<\/li>\n<li data-start=\"1294\" data-end=\"1347\">\n<p data-start=\"1296\" data-end=\"1347\">pentru a sus\u021bine buna func\u021bionare a sistemului nervos<\/p>\n<\/li>\n<li data-start=\"1348\" data-end=\"1395\">\n<p data-start=\"1350\" data-end=\"1395\">pentru a sus\u021bine s\u0103n\u0103tatea inimii \u0219i a sistemului vascular<\/p>\n<\/li>\n<li data-start=\"1396\" data-end=\"1453\">\n<p data-start=\"1398\" data-end=\"1453\">pentru men\u021binerea s\u0103n\u0103t\u0103\u021bii articula\u021biilor, ligamentelor, cartilajelor \u0219i gingiilor<\/p>\n<\/li>\n<li data-start=\"1454\" data-end=\"1514\">\n<p data-start=\"1456\" data-end=\"1514\">pentru a men\u021bine pielea, p\u0103rul \u0219i unghiile frumoase \u0219i puternice<\/p>\n<\/li>\n<li data-start=\"1515\" data-end=\"1542\">\n<p data-start=\"1517\" data-end=\"1542\">atunci c\u00e2nd fuma\u021bi \u00een mod regulat<\/p>\n<\/li>\n<\/ul>\n<p data-start=\"1544\" data-end=\"1725\"><strong data-start=\"1544\" data-end=\"1570\">Doza recomandat\u0103: <\/strong>1 comprimat filmat pe zi, cu suficient lichid.<br data-start=\"1642\" data-end=\"1645\" \/>\u00cen cazul dificult\u0103\u021bilor de \u00eenghi\u021bire, comprimatul poate fi \u00eemp\u0103r\u021bit de-a lungul liniei de divizare.<\/p>\n<p data-start=\"1727\" data-end=\"1754\"><strong data-start=\"1727\" data-end=\"1752\">Ingrediente \u00een 1 comprimat:<br \/><\/strong>Vitamina C: 1000 mg (1250 % RVH*) <br \/>Extract de m\u0103ce\u0219e: 20 mg<br \/>*RVH - Valoarea dietetic\u0103 de referin\u021b\u0103 pentru adul\u021bi<\/p>\n<p data-start=\"1871\" data-end=\"2131\"><strong data-start=\"1871\" data-end=\"1882\">Compozi\u021bie: <\/strong>Acid L-ascorbic; materiale de umplutur\u0103 (celuloz\u0103 microcristalin\u0103, hidroxipropilmetilceluloz\u0103); agen\u021bi de lustruire (acizi gra\u0219i, alcool polivinilic, polietilenglicol); extract de m\u0103ce\u0219e (20 mg\/tablet); agen\u021bi antiaglomeran\u021bi (s\u0103ruri de magneziu ale acizilor gra\u0219i).<\/p>\n<p data-start=\"2135\" data-end=\"2183\">F\u0103r\u0103 colorant! F\u0103r\u0103 dioxid de titan!<\/p>\n\n\n<p><strong>Perioada minim\u0103 de valabilitate p\u00e2n\u0103 la:<\/strong> vezi ambalajul.<br><strong>Cantitate:<\/strong> 100pcs<br><strong>Depozitare:<\/strong> A se p\u0103stra \u00eentr-un loc uscat. A nu se l\u0103sa la \u00eendem\u00e2na copiilor.<\/p>\n\n\n\n<p><\/p>","protected":false},"excerpt":{"rendered":"<p>V\u00fd\u017eivov\u00fd doplnok s postupn\u00fdm uvo\u013e\u0148ovan\u00edm vitam\u00ednu C, ktor\u00fd dlhodobo zabezpe\u010duje jeho pr\u00edsun pre organizmus. \u00da\u010dinnos\u0165 pr\u00edpravku je obohaten\u00e1 o extrakt zo \u0161\u00edpky, ktor\u00fd je v\u00fdborn\u00fdm pr\u00edrodn\u00fdm zdrojom vitam\u00ednu C a pom\u00e1ha lep\u0161iemu vstreb\u00e1vaniu a vyu\u017eitiu vitam\u00ednov v tele.\u00a0 \u013dudsk\u00e9 telo si vitam\u00edn C nedok\u00e1\u017ee vytv\u00e1ra\u0165 ani uklada\u0165, preto je d\u00f4le\u017eit\u00e9 jeho pravideln\u00e9 dop\u013a\u0148anie \u2013 najm\u00e4 [&hellip;]<\/p>","protected":false},"featured_media":9686,"comment_status":"open","ping_status":"closed","template":"","meta":{"inline_featured_image":false},"product_brand":[],"product_cat":[69,140],"product_tag":[],"class_list":{"0":"post-9445","1":"product","2":"type-product","3":"status-publish","4":"has-post-thumbnail","6":"product_cat-vyzivove-doplnky","7":"product_cat-posilnenie-imunity","9":"first","10":"instock","11":"taxable","12":"shipping-taxable","13":"purchasable","14":"product-type-simple"},"aioseo_notices":[],"_links":{"self":[{"href":"https:\/\/www.biokari.sk\/ro\/wp-json\/wp\/v2\/product\/9445","targetHints":{"allow":["GET"]}}],"collection":[{"href":"https:\/\/www.biokari.sk\/ro\/wp-json\/wp\/v2\/product"}],"about":[{"href":"https:\/\/www.biokari.sk\/ro\/wp-json\/wp\/v2\/types\/product"}],"replies":[{"embeddable":true,"href":"https:\/\/www.biokari.sk\/ro\/wp-json\/wp\/v2\/comments?post=9445"}],"wp:featuredmedia":[{"embeddable":true,"href":"https:\/\/www.biokari.sk\/ro\/wp-json\/wp\/v2\/media\/9686"}],"wp:attachment":[{"href":"https:\/\/www.biokari.sk\/ro\/wp-json\/wp\/v2\/media?parent=9445"}],"wp:term":[{"taxonomy":"product_brand","embeddable":true,"href":"https:\/\/www.biokari.sk\/ro\/wp-json\/wp\/v2\/product_brand?post=9445"},{"taxonomy":"product_cat","embeddable":true,"href":"https:\/\/www.biokari.sk\/ro\/wp-json\/wp\/v2\/product_cat?post=9445"},{"taxonomy":"product_tag","embeddable":true,"href":"https:\/\/www.biokari.sk\/ro\/wp-json\/wp\/v2\/product_tag?post=9445"}],"curies":[{"name":"wp","href":"https:\/\/api.w.org\/{rel}","templated":true}]}}