{"id":9447,"date":"2025-07-04T10:44:24","date_gmt":"2025-07-04T08:44:24","guid":{"rendered":"https:\/\/www.biokari.sk\/produkt\/balint-cseppek-virulitas-kvapky-50ml\/"},"modified":"2026-03-17T18:01:41","modified_gmt":"2026-03-17T17:01:41","slug":"balint-cseppek-virulitas-kvapky-50ml","status":"publish","type":"product","link":"https:\/\/www.biokari.sk\/ro\/produs\/balint-cseppek-virulitas-kvapky-50ml\/","title":{"rendered":"B\u00e1lint cseppek Virulitas pic\u0103turi 50ml"},"content":{"rendered":"<p data-start=\"95\" data-end=\"286\"><strong data-start=\"95\" data-end=\"286\">extract alcool-ap\u0103 din 21 de plante medicinale. O combina\u021bie unic\u0103 de plante care combin\u0103 cuno\u0219tin\u021bele din medicina popular\u0103 maghiar\u0103 cu cuno\u0219tin\u021bele interna\u021bionale destinate combaterii viru\u0219ilor.\u00a0<\/strong>Acesta este utilizat \u00een principal pentru <strong data-start=\"315\" data-end=\"366\">prevenirea \u0219i tratamentul suportiv al bolilor virale<\/strong>. Acesta are un caracter distinctiv <strong data-start=\"379\" data-end=\"426\">antiinflamator, drenant limfatic \u0219i antioxidant<\/strong> efecte. \u00cen plus fa\u021b\u0103 de ac\u021biunea sa antiviral\u0103, acesta are, de asemenea <strong data-start=\"472\" data-end=\"518\">propriet\u0103\u021bi antibacteriene \u0219i antifungice<\/strong>. Acesta poate fi utilizat \u0219i pentru <strong data-start=\"542\" data-end=\"559\">suprimarea tusei<\/strong>.<\/p>\n<h4 data-start=\"567\" data-end=\"608\"><strong data-start=\"571\" data-end=\"606\">Echinacea (Echinacea purpurea):\u00a0<\/strong>Con\u021bine antibiotice naturale, are <strong data-start=\"643\" data-end=\"685\">efecte antimicrobiene \u0219i antiinflamatorii<\/strong>, cel mai frecvent utilizate pentru <strong data-start=\"714\" data-end=\"760\">prevenirea \u0219i tratamentul r\u0103celii \u0219i al gripei<\/strong>. Deja la primele simptome ale bolii, se recomand\u0103 s\u0103 \u00eencepe\u021bi s\u0103 lua\u021bi echinacea, deoarece aceasta poate ameliora simptomele nepl\u0103cute \u00eentr-un timp scurt, poate \u00eembun\u0103t\u0103\u021bi starea general\u0103 \u0219i poate accelera evolu\u021bia bolii.<br data-start=\"945\" data-end=\"948\" \/><strong data-start=\"948\" data-end=\"970\">Utilizare intern\u0103:<\/strong> suport pentru r\u0103celi, otit\u0103 medie, amigdalit\u0103, infec\u021bii ale tractului respirator, infec\u021bii orale, infec\u021bii ale tractului urinar \u0219i infec\u021bii ginecologice.<br data-start=\"1114\" data-end=\"1117\" \/><strong data-start=\"1117\" data-end=\"1140\">Utilizare \u00een exterior:<\/strong> pentru r\u0103ni care se vindec\u0103 greu \u0219i boli inflamatorii ale pielii.<\/h4>\n<h4 data-start=\"1210\" data-end=\"1258\"><strong data-start=\"1214\" data-end=\"1256\">Balsam de l\u0103m\u00e2ie (Melissa officinalis): <\/strong>Semnificativ <strong data-start=\"1268\" data-end=\"1311\">calmant, fortifiant \u0219i antiviral<\/strong> iarb\u0103. \u00cen plus fa\u021b\u0103 de <strong data-start=\"1333\" data-end=\"1364\">antidepresiv natural<\/strong> efectul este de asemenea utilizat <strong data-start=\"1386\" data-end=\"1424\">pentru tratamentul \u0219i prevenirea herpesului<\/strong>. Are un efect armonizator asupra sistemului nervos, <strong data-start=\"1465\" data-end=\"1478\">calmeaz\u0103<\/strong>, atenueaz\u0103 <strong data-start=\"1490\" data-end=\"1528\">manifest\u0103rile fizice \u0219i psihologice ale stresului<\/strong>, reduce <strong data-start=\"1538\" data-end=\"1558\">anxietate \u0219i tensiune<\/strong>.<br data-start=\"1559\" data-end=\"1562\" \/>Se recomand\u0103 atunci c\u00e2nd <strong data-start=\"1578\" data-end=\"1675\">depresie incipient\u0103, tulbur\u0103ri de panic\u0103, tulbur\u0103ri de somn \u0219i dureri de cap recurente<\/strong>.<br data-start=\"1676\" data-end=\"1679\" \/>Efectul antiviral este cel mai frecvent utilizat \u00een <strong data-start=\"1727\" data-end=\"1757\">teci cu buze \u0219i teci cu benzi<\/strong>, \u00een special sub form\u0103 de solu\u021bie apoas\u0103.<br data-start=\"1790\" data-end=\"1793\" \/>Ca <strong data-start=\"1797\" data-end=\"1812\">amestec de ceai<\/strong> Sus\u021binut de <strong data-start=\"1823\" data-end=\"1835\">Digestie<\/strong>, <strong data-start=\"1837\" data-end=\"1860\">amelioreaz\u0103 balonarea<\/strong>, <strong data-start=\"1862\" data-end=\"1892\">favorizeaz\u0103 secre\u021bia de bil\u0103<\/strong> \u0219i reduce <strong data-start=\"1903\" data-end=\"1942\">produc\u021bia excesiv\u0103 de acid gastric<\/strong>.<\/h4>\n<p data-start=\"67\" data-end=\"112\"><strong data-start=\"67\" data-end=\"112\">Ingrediente active \u00eentr-o doz\u0103 zilnic\u0103 (60 pic\u0103turi): <\/strong>19 mg r\u0103d\u0103cin\u0103 de geranium african, 18 mg cist, 18 mg infuzie \u0219i r\u0103d\u0103cin\u0103 de echinacea purpurea, 18 mg mullein, 18 mg diviselle, 18 mg cimbru, 18 mg balsam de l\u0103m\u00e2ie, 18 mg brusture, 8 mg l\u0103cr\u0103mioare, 7 mg pl\u0103m\u0103deal\u0103, 7 mg lemn dulce, 7 mg coada calului, 7 mg hrean, 7 mg c\u0103tin\u0103 de mare (fructe), 6 mg lemn de fier, 4 mg busuioc, 4 mg calendula, 4 mg r\u0103d\u0103cin\u0103 de p\u0103p\u0103die, 4 mg r\u0103d\u0103cin\u0103 de s\u00e2nge, 4 mg salvie, 4 mg rozmarin<\/p>\n<p data-start=\"616\" data-end=\"652\"><strong data-start=\"616\" data-end=\"631\">Dozaj:<\/strong> De 3 ori pe zi 20 de pic\u0103turi.<\/p>\n<p data-start=\"659\" data-end=\"1013\"><strong data-start=\"659\" data-end=\"672\">Compozi\u021bie:<\/strong> purt\u0103tor (ap\u0103 \u0219i alcool), r\u0103d\u0103cin\u0103 de geranium african, cist, r\u0103d\u0103cin\u0103 de echinacea purpurea, p\u0103ducel, cimbru, balsam de l\u0103m\u00e2ie, balsam de l\u0103m\u00e2ie, t\u0103t\u0103neas\u0103, balsam de m\u0103r, pl\u0103m\u0103deal\u0103, coada calului, lemn dulce, crin de vale, c\u0103tin\u0103 de mare, c\u0103tin\u0103 de mare, hrean, calendula, r\u0103d\u0103cin\u0103 de p\u0103p\u0103die, r\u0103d\u0103cin\u0103 de s\u00e2nge, salvie s\u0103lbatic\u0103, salvie, rozmarin.<\/p>\n<p data-start=\"1020\" data-end=\"1162\"><strong data-start=\"1020\" data-end=\"1036\">Avertisment:<\/strong> Nu dep\u0103\u0219i\u021bi doza zilnic\u0103 recomandat\u0103! Un supliment alimentar nu \u00eenlocuie\u0219te o diet\u0103 variat\u0103 \u0219i echilibrat\u0103 \u0219i un stil de via\u021b\u0103 s\u0103n\u0103tos!<\/p>\n<p><strong>Volum:\u00a0<\/strong>50ml<br \/>\nA se p\u0103stra \u00eentr-un loc uscat.<br \/>\n<strong>Perioada minim\u0103 de valabilitate p\u00e2n\u0103 la:<\/strong> Vede\u021bi ambalajul.<\/p>","protected":false},"excerpt":{"rendered":"<p>Scurt\u0103 descriere:<br \/>\nUn supliment alimentar pe baz\u0103 de plante pentru b\u0103rba\u021bi, care con\u021bine plante care sus\u021bin vitalitatea, performan\u021ba fizic\u0103 \u0219i mental\u0103, precum \u0219i func\u021bionarea normal\u0103 a sistemului reproduc\u0103tor masculin.<\/p>\n<p>Compozi\u021bie:<br \/>\nAlkoholov\u00fd extrakt z byl\u00edn: kotvi\u010dn\u00edk zemn\u00fd (Tribulus terrestris), \u017een\u0161en prav\u00fd (Panax ginseng), schizand&#8230; <a class=\"more-link\" href=\"#tab-description\">Cite\u0219te mai mult<\/a><\/p>","protected":false},"featured_media":9695,"comment_status":"open","ping_status":"closed","template":"","meta":{"inline_featured_image":false},"product_brand":[],"product_cat":[69,140],"product_tag":[],"class_list":{"0":"post-9447","1":"product","2":"type-product","3":"status-publish","4":"has-post-thumbnail","6":"product_cat-vyzivove-doplnky","7":"product_cat-posilnenie-imunity","9":"first","10":"instock","11":"taxable","12":"shipping-taxable","13":"purchasable","14":"product-type-simple"},"aioseo_notices":[],"_links":{"self":[{"href":"https:\/\/www.biokari.sk\/ro\/wp-json\/wp\/v2\/product\/9447","targetHints":{"allow":["GET"]}}],"collection":[{"href":"https:\/\/www.biokari.sk\/ro\/wp-json\/wp\/v2\/product"}],"about":[{"href":"https:\/\/www.biokari.sk\/ro\/wp-json\/wp\/v2\/types\/product"}],"replies":[{"embeddable":true,"href":"https:\/\/www.biokari.sk\/ro\/wp-json\/wp\/v2\/comments?post=9447"}],"wp:featuredmedia":[{"embeddable":true,"href":"https:\/\/www.biokari.sk\/ro\/wp-json\/wp\/v2\/media\/9695"}],"wp:attachment":[{"href":"https:\/\/www.biokari.sk\/ro\/wp-json\/wp\/v2\/media?parent=9447"}],"wp:term":[{"taxonomy":"product_brand","embeddable":true,"href":"https:\/\/www.biokari.sk\/ro\/wp-json\/wp\/v2\/product_brand?post=9447"},{"taxonomy":"product_cat","embeddable":true,"href":"https:\/\/www.biokari.sk\/ro\/wp-json\/wp\/v2\/product_cat?post=9447"},{"taxonomy":"product_tag","embeddable":true,"href":"https:\/\/www.biokari.sk\/ro\/wp-json\/wp\/v2\/product_tag?post=9447"}],"curies":[{"name":"wp","href":"https:\/\/api.w.org\/{rel}","templated":true}]}}