{"id":9495,"date":"2025-07-17T18:48:20","date_gmt":"2025-07-17T16:48:20","guid":{"rendered":"https:\/\/www.biokari.sk\/produkt\/aromax-olej-po-ustipnuti-roll-on-10ml\/"},"modified":"2026-03-30T23:26:13","modified_gmt":"2026-03-30T21:26:13","slug":"aromax-olej-po-ustipnuti-roll-on-10ml","status":"publish","type":"product","link":"https:\/\/www.biokari.sk\/ro\/produs\/aromax-aftershave-oil-roll-on-10ml\/","title":{"rendered":"Ulei Aromax dup\u0103 mu\u0219c\u0103tur\u0103-roll pe 10ml"},"content":{"rendered":"<p>Produsul con\u021bine uleiuri esen\u021biale naturale, alcool \u0219i pantenol. Este recomandat pentru utilizare atunci c\u00e2nd este mu\u0219cat de diferite tipuri de insecte (\u021b\u00e2n\u021bar, albin\u0103, viespe, p\u0103ianjen), precum \u0219i pentru erup\u021biile cutanate cauzate de urticarie.<\/p>\n\n\n\n<p>R\u0103ce\u0219te pl\u0103cut \u0219i eficient \u0219i calmeaz\u0103 pielea iritat\u0103, amelioreaz\u0103 m\u00e2nc\u0103rimile nepl\u0103cute. Folosind stick-ul roll-on, aplica\u021bi produsul de mai multe ori pe zi direct pe locul mu\u0219c\u0103turii.<\/p>\n\n\n\n<p>Preveni\u021bi mu\u0219c\u0103turile \u0219i folosi\u021bi spray-ul pentru mu\u0219c\u0103turi de \u021b\u00e2n\u021bari \u0219i c\u0103pu\u0219e Aromax!<\/p>\n\n\n\n<p><strong>Compozi\u021bie<\/strong>Alcool, ulei de ment\u0103, ulei de lavand\u0103, ulei de eucalipt, ulei de arahide, ulei de l\u0103m\u00e2ie, ulei de pin de munte, pantenol, ulei de mu\u0219e\u021bel, ulei de yarrow, limonene*, linalool*<br>* Ingrediente naturale din uleiuri esen\u021biale.<\/p>\n\n\n\n<p><strong>Depozitare<\/strong>: A se p\u0103stra \u00eentr-un loc r\u0103coros, ferit de lumin\u0103, cu capacul \u00eenchis. <br>A nu se l\u0103sa la \u00eendem\u00e2na copiilor!<\/p>\n\n\n\n<p><strong>Aviz<\/strong>: Produsul nu trebuie utilizat \u00een cazul persoanelor sensibile la mentol sau la oricare dintre ingrediente!<br>Nu utiliza\u021bi pe fa\u021b\u0103 sau \u00een jurul ochilor.<\/p>\n\n\n\n<p><strong>Volum:<\/strong> 10ml<\/p>","protected":false},"excerpt":{"rendered":"<p>Produsul con\u021bine uleiuri esen\u021biale naturale, alcool \u0219i pantenol. Este recomandat pentru utilizare atunci c\u00e2nd este mu\u0219cat de diferite tipuri de insecte (\u021b\u00e2n\u021bar, albin\u0103, viespe, p\u0103ianjen), precum \u0219i pentru erup\u021biile cutanate cauzate de urticarie.<\/p>\n<p>&#8230; <a class=\"more-link\" href=\"#tab-description\">Cite\u0219te mai mult<\/a><\/p>","protected":false},"featured_media":9497,"comment_status":"open","ping_status":"closed","template":"","meta":{"inline_featured_image":false},"product_brand":[],"product_cat":[19,138],"product_tag":[],"class_list":{"0":"post-9495","1":"product","2":"type-product","3":"status-publish","4":"has-post-thumbnail","6":"product_cat-ostatne","7":"product_cat-aromaterapia","9":"first","10":"instock","11":"taxable","12":"shipping-taxable","13":"purchasable","14":"product-type-simple"},"aioseo_notices":[],"_links":{"self":[{"href":"https:\/\/www.biokari.sk\/ro\/wp-json\/wp\/v2\/product\/9495","targetHints":{"allow":["GET"]}}],"collection":[{"href":"https:\/\/www.biokari.sk\/ro\/wp-json\/wp\/v2\/product"}],"about":[{"href":"https:\/\/www.biokari.sk\/ro\/wp-json\/wp\/v2\/types\/product"}],"replies":[{"embeddable":true,"href":"https:\/\/www.biokari.sk\/ro\/wp-json\/wp\/v2\/comments?post=9495"}],"wp:featuredmedia":[{"embeddable":true,"href":"https:\/\/www.biokari.sk\/ro\/wp-json\/wp\/v2\/media\/9497"}],"wp:attachment":[{"href":"https:\/\/www.biokari.sk\/ro\/wp-json\/wp\/v2\/media?parent=9495"}],"wp:term":[{"taxonomy":"product_brand","embeddable":true,"href":"https:\/\/www.biokari.sk\/ro\/wp-json\/wp\/v2\/product_brand?post=9495"},{"taxonomy":"product_cat","embeddable":true,"href":"https:\/\/www.biokari.sk\/ro\/wp-json\/wp\/v2\/product_cat?post=9495"},{"taxonomy":"product_tag","embeddable":true,"href":"https:\/\/www.biokari.sk\/ro\/wp-json\/wp\/v2\/product_tag?post=9495"}],"curies":[{"name":"wp","href":"https:\/\/api.w.org\/{rel}","templated":true}]}}