{"id":9499,"date":"2025-07-19T10:18:05","date_gmt":"2025-07-19T08:18:05","guid":{"rendered":"https:\/\/www.biokari.sk\/produkt\/herbaferm-kvapky-doplnkov-vyzivy-30ml\/"},"modified":"2026-04-30T19:01:22","modified_gmt":"2026-04-30T17:01:22","slug":"herbaferm-kvapky-doplnkov-vyzivy-30ml","status":"publish","type":"product","link":"https:\/\/www.biokari.sk\/ro\/produs\/herbaferm-picaturi-de-suplimente-alimentare-30ml\/","title":{"rendered":"Herbaferm Supliment nutritiv pic\u0103turi 30ml"},"content":{"rendered":"<p>Herbaferm con\u021bine un amestec atent selectat \u0219i u\u0219or prelucrat de soiuri de plante indigene provenite din comunit\u0103\u021bi naturale. Aceste plante medicinale au fost utilizate popular \u00een medicina popular\u0103, dar \u00een pic\u0103turile Herbaferm sunt preparate prin fermenta\u021bie natural\u0103, multiplic\u00e2ndu-le astfel efectul.<\/p>\n\n\n\n<p>Cantitatea de extract vegetal: 70 mg\/10 pic\u0103turi<\/p>\n\n\n\n<p><strong>Harman\u010dek \u0219i scara<\/strong>: efecte antiinflamatorii<br><strong>Scoar\u021b\u0103 de stejar<\/strong>: efect astringent<br><strong>Palina adev\u0103rat<\/strong>: favorizeaz\u0103 produc\u021bia de sucuri digestive<br><strong>Negru de baz\u0103 (floare)<\/strong>: efecte calmante, controlul apetitului<br><strong>S\u0103geat\u0103<\/strong>: con\u021binutul ridicat de vitamine \u0219i acizii naturali ajut\u0103 la restabilirea echilibrului digestiv<br><strong>Propolis<\/strong>: datorit\u0103 con\u021binutului complex de balsamuri \u0219i cear\u0103 cre\u0219te eficien\u021ba ierburilor, enzimele contribuie la digestie<\/p>\n\n\n\n<p><strong>Volum:<\/strong> 30ml<br>A se p\u0103stra \u00eentr-un loc uscat. <br><strong>Perioada minim\u0103 de valabilitate p\u00e2n\u0103 la:<\/strong> vezi ambalajul.<\/p>\n\n\n\n<p><\/p>\n\n\n\n<p><\/p>","protected":false},"excerpt":{"rendered":"<p>&#8230; <a class=\"more-link\" href=\"#tab-description\">Cite\u0219te mai mult<\/a><\/p>","protected":false},"featured_media":9503,"comment_status":"open","ping_status":"closed","template":"","meta":{"inline_featured_image":false},"product_brand":[],"product_cat":[69,143],"product_tag":[],"class_list":{"0":"post-9499","1":"product","2":"type-product","3":"status-publish","4":"has-post-thumbnail","6":"product_cat-vyzivove-doplnky","7":"product_cat-zaludok-a-crevna-cinnost","9":"first","10":"instock","11":"taxable","12":"shipping-taxable","13":"purchasable","14":"product-type-simple"},"aioseo_notices":[],"_links":{"self":[{"href":"https:\/\/www.biokari.sk\/ro\/wp-json\/wp\/v2\/product\/9499","targetHints":{"allow":["GET"]}}],"collection":[{"href":"https:\/\/www.biokari.sk\/ro\/wp-json\/wp\/v2\/product"}],"about":[{"href":"https:\/\/www.biokari.sk\/ro\/wp-json\/wp\/v2\/types\/product"}],"replies":[{"embeddable":true,"href":"https:\/\/www.biokari.sk\/ro\/wp-json\/wp\/v2\/comments?post=9499"}],"wp:featuredmedia":[{"embeddable":true,"href":"https:\/\/www.biokari.sk\/ro\/wp-json\/wp\/v2\/media\/9503"}],"wp:attachment":[{"href":"https:\/\/www.biokari.sk\/ro\/wp-json\/wp\/v2\/media?parent=9499"}],"wp:term":[{"taxonomy":"product_brand","embeddable":true,"href":"https:\/\/www.biokari.sk\/ro\/wp-json\/wp\/v2\/product_brand?post=9499"},{"taxonomy":"product_cat","embeddable":true,"href":"https:\/\/www.biokari.sk\/ro\/wp-json\/wp\/v2\/product_cat?post=9499"},{"taxonomy":"product_tag","embeddable":true,"href":"https:\/\/www.biokari.sk\/ro\/wp-json\/wp\/v2\/product_tag?post=9499"}],"curies":[{"name":"wp","href":"https:\/\/api.w.org\/{rel}","templated":true}]}}