{"id":9507,"date":"2025-07-19T11:32:27","date_gmt":"2025-07-19T09:32:27","guid":{"rendered":"https:\/\/www.biokari.sk\/produkt\/szafi-free-mucna-zmes-na-pripravu-svetleho-chleba-1000g\/"},"modified":"2026-04-29T19:03:12","modified_gmt":"2026-04-29T17:03:12","slug":"szafi-free-mucna-zmes-na-pripravu-svetleho-chleba-1000g","status":"publish","type":"product","link":"https:\/\/www.biokari.sk\/ro\/produs\/amestec-de-faina-fara-szafi-pentru-prepararea-painii-usoare-1000g\/","title":{"rendered":"Amestec de f\u0103in\u0103 f\u0103r\u0103 Szafi pentru prepararea p\u00e2inii u\u0219oare 1000g"},"content":{"rendered":"<p data-start=\"0\" data-end=\"224\"><strong>F\u0103r\u0103 gluten, f\u0103r\u0103 lactate, f\u0103r\u0103 ou\u0103, f\u0103r\u0103 f\u0103in\u0103 de nuci, f\u0103r\u0103 drojdie, cu con\u021binut sc\u0103zut de gr\u0103simi<\/strong> - pute\u021bi preg\u0103ti o astfel de p\u00e2ine de cas\u0103 dintr-un amestec de f\u0103inuri, care r\u0103m\u00e2ne moale chiar \u0219i dup\u0103 c\u00e2teva zile \u0219i nu are gust!<\/p>\n<p data-start=\"268\" data-end=\"399\">Produsele noastre nu con\u021bin niciun ingredient de origine animal\u0103, prin urmare gama de produse Szafi Free este complet vegan\u0103 \u0219i f\u0103r\u0103 contaminare.<\/p>\n<p data-start=\"485\" data-end=\"504\"><strong data-start=\"489\" data-end=\"502\">Compozi\u021bie: <\/strong>f\u0103in\u0103 de gr\u00e2u, amidon de tapioca, amestec de fibre (psyllium, fibre de bambus), agent de cre\u0219tere (bicarbonat de sodiu), regulator de aciditate (acid citric).<\/p>\n<h3 data-start=\"669\" data-end=\"704\"><strong data-start=\"673\" data-end=\"704\">Valori nutri\u021bionale :\u00a0<\/strong><\/h3>\n<div class=\"_tableContainer_80l1q_1\">\n<div class=\"_tableWrapper_80l1q_14 group flex w-fit flex-col-reverse\">\n<table class=\"w-fit min-w-(--thread-content-width)\" data-start=\"706\" data-end=\"1702\">\n<thead data-start=\"706\" data-end=\"804\">\n<tr data-start=\"706\" data-end=\"804\">\n<th data-start=\"706\" data-end=\"735\" data-col-size=\"sm\">\u00a0<\/th>\n<th data-start=\"735\" data-end=\"762\" data-col-size=\"sm\"><strong data-start=\"737\" data-end=\"755\">la 100 g de amestec<\/strong><\/th>\n<th data-start=\"762\" data-end=\"804\" data-col-size=\"sm\"><strong data-start=\"764\" data-end=\"783\">per 100 g de p\u00e2ine<\/strong> <em data-start=\"784\" data-end=\"802\">(1 bucat\u0103 aprox. 455 g)<\/em><\/th>\n<\/tr>\n<\/thead>\n<tbody data-start=\"904\" data-end=\"1702\">\n<tr data-start=\"904\" data-end=\"1003\">\n<td data-start=\"904\" data-end=\"933\" data-col-size=\"sm\">Energie<\/td>\n<td data-col-size=\"sm\" data-start=\"933\" data-end=\"961\">1397 kJ \/ 331 kcal<\/td>\n<td data-col-size=\"sm\" data-start=\"961\" data-end=\"1003\">778 kJ \/ 184 kcal<\/td>\n<\/tr>\n<tr data-start=\"1004\" data-end=\"1103\">\n<td data-start=\"1004\" data-end=\"1033\" data-col-size=\"sm\">Gr\u0103simi<\/td>\n<td data-col-size=\"sm\" data-start=\"1033\" data-end=\"1061\">1,9 g<\/td>\n<td data-col-size=\"sm\" data-start=\"1061\" data-end=\"1103\">1,5 g<\/td>\n<\/tr>\n<tr data-start=\"1104\" data-end=\"1202\">\n<td data-start=\"1104\" data-end=\"1140\" data-col-size=\"sm\">- din care satureaz\u0103<\/td>\n<td data-col-size=\"sm\" data-start=\"1140\" data-end=\"1160\">0,5 g<\/td>\n<td data-col-size=\"sm\" data-start=\"1160\" data-end=\"1202\">0,3 g<\/td>\n<\/tr>\n<tr data-start=\"1203\" data-end=\"1302\">\n<td data-start=\"1203\" data-end=\"1232\" data-col-size=\"sm\">Carbohidra\u021bi<\/td>\n<td data-col-size=\"sm\" data-start=\"1232\" data-end=\"1260\">65,2 g<\/td>\n<td data-col-size=\"sm\" data-start=\"1260\" data-end=\"1302\">35,3 g<\/td>\n<\/tr>\n<tr data-start=\"1303\" data-end=\"1402\">\n<td data-start=\"1303\" data-end=\"1332\" data-col-size=\"sm\">- din care zaharuri<\/td>\n<td data-col-size=\"sm\" data-start=\"1332\" data-end=\"1360\">1,9 g<\/td>\n<td data-col-size=\"sm\" data-start=\"1360\" data-end=\"1402\">1,0 g<\/td>\n<\/tr>\n<tr data-start=\"1403\" data-end=\"1502\">\n<td data-start=\"1403\" data-end=\"1432\" data-col-size=\"sm\">Fibr\u0103<\/td>\n<td data-col-size=\"sm\" data-start=\"1432\" data-end=\"1460\">13,7 g<\/td>\n<td data-col-size=\"sm\" data-start=\"1460\" data-end=\"1502\">8,0 g<\/td>\n<\/tr>\n<tr data-start=\"1503\" data-end=\"1602\">\n<td data-start=\"1503\" data-end=\"1532\" data-col-size=\"sm\">Proteine<\/td>\n<td data-col-size=\"sm\" data-start=\"1532\" data-end=\"1560\">6,5 g<\/td>\n<td data-col-size=\"sm\" data-start=\"1560\" data-end=\"1602\">3,5 g<\/td>\n<\/tr>\n<tr data-start=\"1603\" data-end=\"1702\">\n<td data-start=\"1603\" data-end=\"1632\" data-col-size=\"sm\">Sare<\/td>\n<td data-col-size=\"sm\" data-start=\"1632\" data-end=\"1660\">0,03 g<\/td>\n<td data-col-size=\"sm\" data-start=\"1660\" data-end=\"1702\">0,67 g<\/td>\n<\/tr>\n<\/tbody>\n<\/table>\n<\/div>\n<\/div>\n\n\n<p>* Preparat \u00een conformitate cu instruc\u021biunile recomandate.<\/p>\n\n\n\n<p><strong>Nu con\u021bine zah\u0103r ad\u0103ugat. Con\u021bine numai zaharuri naturale.<\/strong><\/p>\n\n\n\n<p><strong>Produsul poate con\u021bine semin\u021be de susan \u0219i mu\u0219tar, \u021belin\u0103, nuci \u0219i sulfi\u021bi!<\/strong><\/p>\n\n\n\n<h4 class=\"wp-block-heading\"><strong>Re\u021bet\u0103 pentru p\u00e2ine:<\/strong> <strong>Ingrediente (pentru o p\u00e2ine de 455 g):<\/strong> 250g amestec de p\u00e2ine moale u\u0219oar\u0103 Szafi Free, 3g sare de Himalaya Szafi Reform, 30g suc de l\u0103m\u00e2ie proasp\u0103t stors sau 20g o\u021bet de vin alb 6%, 280g ap\u0103 la temperatura camerei, 1+1g ulei de cocos pentru frecat.<\/h4>\n\n\n\n<h4 class=\"wp-block-heading\"><strong>Preg\u0103tire:<\/strong> \u00centr-un bol, se amestec\u0103 apa, sucul de l\u0103m\u00e2ie \u0219i sarea, apoi se adaug\u0103 amestecul de f\u0103in\u0103 \u0219i se fr\u0103m\u00e2nt\u0103 bine. L\u0103sa\u021bi aluatul s\u0103 se odihneasc\u0103 timp de 10 minute. Dup\u0103 odihn\u0103, se modeleaz\u0103 p\u00e2inea pe o suprafa\u021b\u0103 u\u0219or tapetat\u0103 cu f\u0103in\u0103 \u0219i se unge cu ulei. Coace\u021bi \u00een cuptorul pre\u00eenc\u0103lzit la 180 \u00b0C (\u00eenc\u0103lzire superioar\u0103 + inferioar\u0103) timp de 50 de minute. Apoi se unge din nou u\u0219or cu ulei de cocos (pentru culoare) \u0219i se coace la 200 \u00b0C timp de \u00eenc\u0103 15 minute.<\/h4>\n\n\n\n<h4 class=\"wp-block-heading\"><strong>Sfat - Cartofi pr\u0103ji\u021bi:<\/strong> <strong>Ingrediente (pentru 3 chifle):<\/strong> 140 g amestec de p\u00e2ine moale u\u0219oar\u0103 Szafi Free, 2 g sare, 10 g l\u0103m\u00e2ie proasp\u0103t\u0103, suc sau o\u021bet de mere, 170 g ap\u0103 c\u0103ldu\u021b\u0103. La fel ca pentru p\u00e2ine, dar se modeleaz\u0103 \u00een 3 chifle. Coace\u021bi \u00een cuptorul pre\u00eenc\u0103lzit la 200 \u00b0C timp de aproximativ 40 de minute.<\/h4>\n\n\n\n<h4 class=\"wp-block-heading\"><strong>Greutate:<\/strong> 1000g<\/h4>\n\n\n\n<p>A se p\u0103stra \u00eentr-un loc uscat.<br><strong>Perioada minim\u0103 de valabilitate p\u00e2n\u0103 la:<\/strong> vezi ambalajul. <\/p>\n\n\n\n<p><\/p>","protected":false},"excerpt":{"rendered":"<p>F\u0103r\u0103 gluten, f\u0103r\u0103 lactate, f\u0103r\u0103 ou\u0103, f\u0103r\u0103 f\u0103in\u0103 de nuci, f\u0103r\u0103 drojdie, cu con\u021binut sc\u0103zut de gr\u0103simi<\/p>","protected":false},"featured_media":9513,"comment_status":"open","ping_status":"closed","template":"","meta":{"inline_featured_image":false},"product_brand":[303],"product_cat":[71,166],"product_tag":[312],"class_list":{"0":"post-9507","1":"product","2":"type-product","3":"status-publish","4":"has-post-thumbnail","6":"product_brand-szafi-free-reform","7":"product_cat-potraviny","8":"product_cat-muky","9":"product_tag-top-potraviny","11":"first","12":"instock","13":"taxable","14":"shipping-taxable","15":"purchasable","16":"product-type-simple"},"aioseo_notices":[],"_links":{"self":[{"href":"https:\/\/www.biokari.sk\/ro\/wp-json\/wp\/v2\/product\/9507","targetHints":{"allow":["GET"]}}],"collection":[{"href":"https:\/\/www.biokari.sk\/ro\/wp-json\/wp\/v2\/product"}],"about":[{"href":"https:\/\/www.biokari.sk\/ro\/wp-json\/wp\/v2\/types\/product"}],"replies":[{"embeddable":true,"href":"https:\/\/www.biokari.sk\/ro\/wp-json\/wp\/v2\/comments?post=9507"}],"wp:featuredmedia":[{"embeddable":true,"href":"https:\/\/www.biokari.sk\/ro\/wp-json\/wp\/v2\/media\/9513"}],"wp:attachment":[{"href":"https:\/\/www.biokari.sk\/ro\/wp-json\/wp\/v2\/media?parent=9507"}],"wp:term":[{"taxonomy":"product_brand","embeddable":true,"href":"https:\/\/www.biokari.sk\/ro\/wp-json\/wp\/v2\/product_brand?post=9507"},{"taxonomy":"product_cat","embeddable":true,"href":"https:\/\/www.biokari.sk\/ro\/wp-json\/wp\/v2\/product_cat?post=9507"},{"taxonomy":"product_tag","embeddable":true,"href":"https:\/\/www.biokari.sk\/ro\/wp-json\/wp\/v2\/product_tag?post=9507"}],"curies":[{"name":"wp","href":"https:\/\/api.w.org\/{rel}","templated":true}]}}