{"id":9515,"date":"2025-07-20T19:40:52","date_gmt":"2025-07-20T17:40:52","guid":{"rendered":"https:\/\/www.biokari.sk\/produkt\/herbiovit-gastanovy-krem-na-nohy-250ml\/"},"modified":"2026-04-29T19:03:15","modified_gmt":"2026-04-29T17:03:15","slug":"herbiovit-gastanovy-krem-na-nohy-250ml","status":"publish","type":"product","link":"https:\/\/www.biokari.sk\/ro\/produs\/herbiovit-gastan-crema-pentru-picioare-250ml\/","title":{"rendered":"Herbiovit Crem\u0103 pentru picioare cu castane 250ml"},"content":{"rendered":"<h3 class=\"wp-block-heading\"><strong>Efecte ale cremei de castane<\/strong><\/h3>\n\n\n\n<p>Datorit\u0103 con\u021binutului de ingrediente active - extracte de castan de India \u0219i frunze de vi\u021b\u0103 de vie - crema este ideal\u0103 pentru tratamentul varicelor de pe vi\u021bei \u0219i al altor afec\u021biuni inflamatorii asociate cu insuficien\u021ba venoas\u0103 cronic\u0103. Extractul de castan de India este cunoscut pentru utilizarea sa versatil\u0103 \u00een medicina popular\u0103, iar efectele sale sunt sus\u021binute de literatura de specialitate.<\/p>\n\n\n\n<p>Extractul natural de castan de India din preparat tonific\u0103 pielea, are efect astringent asupra venelor dilatate (are un efect pozitiv asupra venelor varicoase), favorizeaz\u0103 circula\u021bia s\u00e2ngelui \u0219i \u00eembun\u0103t\u0103\u021be\u0219te circula\u021bia s\u00e2ngelui. De asemenea, are un efect benefic asupra circula\u021biei capilare. Flavonoidele con\u021binute \u00een extractul din frunze de vi\u021b\u0103 de vie protejeaz\u0103 vasele de s\u00e2nge, au efect antioxidant \u0219i antiinflamator. Studiile clinice au confirmat eficien\u021ba frunzelor de vi\u021b\u0103 de vie \u00een ameliorarea unor simptome precum umfl\u0103turi, tensiune la nivelul picioarelor, dureri, m\u00e2nc\u0103rimi sau crampe.<\/p>\n\n\n\n<p>Compozi\u021bia inovatoare combin\u0103 aceste dou\u0103 plante \u00een a\u0219a fel \u00eenc\u00e2t efectele lor s\u0103 se consolideze reciproc (sinergie). Produsul con\u021bine, de asemenea, mentol r\u0103coritor, care ofer\u0103 o senza\u021bie imediat\u0103 de u\u0219urare.<\/p>\n\n\n\n<h3 class=\"wp-block-heading\"><strong>De ce s\u0103 folosi\u021bi crema de castan de cal?<\/strong><\/h3>\n\n\n\n<p>De\u0219i fructul s\u0103u nu este comestibil, spre deosebire de castanul comestibil, acesta a fost folosit timp de sute de ani pentru efectele sale benefice. Str\u0103mo\u0219ii no\u0219tri \u00eel foloseau pentru dureri articulare, indigestie, febr\u0103 \u0219i crampe musculare. Decoc\u021biile \u0219i unguentele pe baz\u0103 de plante au fost, de asemenea, folosite pentru insuficien\u021ba venoas\u0103 cronic\u0103 sau umfl\u0103turile postoperatorii.<\/p>\n\n\n\n<p>Din cauza con\u021binutului ridicat de saponine, fructele \u0219i frunzele castanului de India pot fi toxice atunci c\u00e2nd sunt administrate intern - pot provoca ame\u021beli, grea\u021b\u0103 sau alte probleme digestive. Din acest motiv, utilizarea sa a fost concentrat\u0103 \u00een principal pe uz extern. Propriet\u0103\u021bile antiinflamatoare ale castanului \u00eel fac un remediu eficient at\u00e2t pentru hemoroizi, c\u00e2t \u0219i pentru varice.<\/p>\n\n\n\n<p>\u00cen zilele noastre, extractul natural de castan de India este frecvent utilizat ca tratament adjuvant pentru insuficien\u021ba venoas\u0103 cronic\u0103. Aceast\u0103 afec\u021biune nepl\u0103cut\u0103 provoac\u0103 durere, umfl\u0103turi, m\u00e2nc\u0103rime \u0219i alte probleme, \u00een special \u00een cazul efortului fizic sau al sta\u021bion\u0103rii prelungite.<\/p>\n\n\n\n<p>Vasele de s\u00e2nge dilatate \u0219i sl\u0103bite (numite vene varicoase) duc la afectarea fluxului sanguin, ceea ce provoac\u0103 picioare grele, oboseal\u0103 a picioarelor, tensiune, m\u00e2nc\u0103rime \u0219i crampe. Din fericire, o crem\u0103 bogat\u0103 \u00een ingrediente active aduce u\u0219urare, iar eficacitatea sa este sus\u021binut\u0103 de literatura de specialitate.<\/p>\n\n\n\n<h3 class=\"wp-block-heading\"><strong>Ce spun cercet\u0103rile?<\/strong><\/h3>\n\n\n\n<p>O meta-analiz\u0103 din 2012 care a examinat aproape 20 de studii a ar\u0103tat c\u0103 extractul de castan de India poate ajuta la tratarea insuficien\u021bei venoase cronice. Unul dintre studii a ar\u0103tat chiar c\u0103 utilizarea extern\u0103 a extractului poate fi <strong>la fel de eficient ca purtarea ciorapilor de compresie<\/strong>.<\/p>\n\n\n\n<p><strong>Volum:<\/strong> 250ml<\/p>\n\n\n\n<p><\/p>","protected":false},"excerpt":{"rendered":"<p>&#8230; <a class=\"more-link\" href=\"#tab-description\">Cite\u0219te mai mult<\/a><\/p>","protected":false},"featured_media":9517,"comment_status":"open","ping_status":"closed","template":"","meta":{"inline_featured_image":false},"product_brand":[],"product_cat":[19],"product_tag":[313],"class_list":{"0":"post-9515","1":"product","2":"type-product","3":"status-publish","4":"has-post-thumbnail","6":"product_cat-ostatne","7":"product_tag-top-ostatne","9":"first","10":"instock","11":"taxable","12":"shipping-taxable","13":"purchasable","14":"product-type-simple"},"aioseo_notices":[],"_links":{"self":[{"href":"https:\/\/www.biokari.sk\/ro\/wp-json\/wp\/v2\/product\/9515","targetHints":{"allow":["GET"]}}],"collection":[{"href":"https:\/\/www.biokari.sk\/ro\/wp-json\/wp\/v2\/product"}],"about":[{"href":"https:\/\/www.biokari.sk\/ro\/wp-json\/wp\/v2\/types\/product"}],"replies":[{"embeddable":true,"href":"https:\/\/www.biokari.sk\/ro\/wp-json\/wp\/v2\/comments?post=9515"}],"wp:featuredmedia":[{"embeddable":true,"href":"https:\/\/www.biokari.sk\/ro\/wp-json\/wp\/v2\/media\/9517"}],"wp:attachment":[{"href":"https:\/\/www.biokari.sk\/ro\/wp-json\/wp\/v2\/media?parent=9515"}],"wp:term":[{"taxonomy":"product_brand","embeddable":true,"href":"https:\/\/www.biokari.sk\/ro\/wp-json\/wp\/v2\/product_brand?post=9515"},{"taxonomy":"product_cat","embeddable":true,"href":"https:\/\/www.biokari.sk\/ro\/wp-json\/wp\/v2\/product_cat?post=9515"},{"taxonomy":"product_tag","embeddable":true,"href":"https:\/\/www.biokari.sk\/ro\/wp-json\/wp\/v2\/product_tag?post=9515"}],"curies":[{"name":"wp","href":"https:\/\/api.w.org\/{rel}","templated":true}]}}