{"id":9522,"date":"2025-07-20T20:03:48","date_gmt":"2025-07-20T18:03:48","guid":{"rendered":"https:\/\/www.biokari.sk\/produkt\/myrobalan-feminess-kapsuly-na-menopauza-60ks\/"},"modified":"2026-04-30T19:01:25","modified_gmt":"2026-04-30T17:01:25","slug":"myrobalan-feminess-kapsuly-na-menopauza-60ks","status":"publish","type":"product","link":"https:\/\/www.biokari.sk\/ro\/produs\/myrobalan-feminess-capsule-pentru-menopauza-60pcs\/","title":{"rendered":"Myrobalan FEMINESS Capsule pentru menopauz\u0103 60pcs"},"content":{"rendered":"<p>Feminess este un supliment alimentar, utilizarea sa nu \u00eenlocuie\u0219te tratamentul medical necesar! Efectul poate varia pentru fiecare individ \u0219i nu este garantat. \u00cen caz de hipersensibilitate la oricare dintre componentele capsulei, utilizarea acesteia nu este recomandat\u0103. Dac\u0103 lua\u021bi medicamente \u00een mod regulat sau urma\u021bi un tratament medical pe termen lung, consulta\u021bi medicul sau farmacistul \u00eenainte de a comanda.<\/p>\n\n\n\n<p>100 % Solu\u021bii naturale pentru problemele menopauzei<br>18 ierburi combinate \u00eentr-un mod unic <br>Posibil\u0103 \u00eenlocuire natural\u0103 a estrogenului cu fitoestrogeni vegetali<br>Datorit\u0103 con\u021binutului s\u0103u de shatavari, acesta poate ameliora diverse simptome ale menopauzei<\/p>\n\n\n\n<p>Descoperi\u021bi puterea naturii pentru o experien\u021b\u0103 mai u\u0219oar\u0103 a menopauzei! Acest complex special pe baz\u0103 de plante, datorit\u0103 con\u021binutului s\u0103u de shatavari, poate ajuta la reducerea simptomelor nepl\u0103cute ale menopauzei. Bucura\u021bi-v\u0103 de pl\u0103cerile de zi cu zi \u0219i de o bun\u0103stare armonioas\u0103 cu Feminess!<\/p>\n\n\n\n<p><strong>Dozaj:<\/strong> Se recomand\u0103 administrarea a 3\u00d71 capsul\u0103 pe zi, distribuite uniform pe parcursul zilei. Odat\u0103 ce simptomele se amelioreaz\u0103, este recomandabil s\u0103 \u00eencerca\u021bi s\u0103 reduce\u021bi doza, ini\u021bial la 2 capsule pe zi. Dac\u0103 observa\u021bi c\u0103 simptomele revin, continua\u021bi din nou cu 3 capsule pe zi \u0219i dup\u0103 o \u00eembun\u0103t\u0103\u021bire mai sus\u021binut\u0103, \u00eencerca\u021bi din nou s\u0103 reduce\u021bi doza la 2 sau 1 capsul\u0103 pe zi.<br>Capsulele trebuie luate cu ap\u0103 cald\u0103, dar cel pu\u021bin la temperatura camerei.<br>Doza recomandat\u0103 poate fi adaptat\u0103 - \u00een mod rezonabil - la nevoile individuale \u0219i la gravitatea problemei, \u00een ambele direc\u021bii. <br>Utilizarea continu\u0103, pe termen lung, a Feminesse este sigur\u0103, deoarece componentele sale adaptogene armonizeaz\u0103 activitatea organismului \u0219i ajut\u0103 la men\u021binerea echilibrului f\u0103r\u0103 a interfera semnificativ cu func\u021biile naturale ale organelor.<br>Dac\u0103 se cunoa\u0219te existen\u021ba unei hipersensibilit\u0103\u021bi la oricare dintre ingrediente, se recomand\u0103 s\u0103 \u00eencepe\u021bi cu o doz\u0103 mai mic\u0103.<br>Datorit\u0103 con\u021binutului s\u0103u de lemn dulce, persoanele cu hipertensiune arterial\u0103 trebuie s\u0103 evite consumul excesiv.<\/p>\n\n\n\n<p><strong>RECOMANDARE<\/strong>R: Atunci c\u00e2nd lua\u021bi mai multe produse pe baz\u0103 de plante Myrobalan, se recomand\u0103 s\u0103 l\u0103sa\u021bi un interval de 25-30 de minute \u00eentre administrarea fiec\u0103rei capsule pentru a permite complexului de plante al produsului s\u0103 \u00ee\u0219i fac\u0103 efectul. Dac\u0103 lua\u021bi vitamine \u0219i produse pe baz\u0103 de plante \u00een acela\u0219i timp, nu este necesar s\u0103 l\u0103sa\u021bi un interval de timp \u00eentre administrarea acestora. Nu dep\u0103\u0219i\u021bi doza zilnic\u0103 recomandat\u0103! Un supliment alimentar nu \u00eenlocuie\u0219te o diet\u0103 echilibrat\u0103, variat\u0103 \u0219i un stil de via\u021b\u0103 s\u0103n\u0103tos. A nu se l\u0103sa la \u00eendem\u00e2na copiilor mici.<\/p>\n\n\n\n<p><strong>Compozi\u021bie:<\/strong> v\u00e2rf de sparanghel, iasomie arab\u0103, alchemilla, vitania snodar (ashwagandha), hibiscus, kudzu, maca, frunze de zmeur\u0103, pung\u0103 de p\u0103stor, lemn dulce, horehound alb, ghimbir, angelica, turmeric, anason, scor\u021bi\u0219oar\u0103, p\u0103p\u0103die, astragalus (valerian\u0103 chinezeasc\u0103).<\/p>\n\n\n\n<p><strong>Cantitate:<\/strong> 60pcs<br>P\u0103stra\u021bi \u00eentr-un loc r\u0103coros.<br><strong>Perioada minim\u0103 de valabilitate p\u00e2n\u0103 la:<\/strong> vezi ambalajul.<\/p>","protected":false},"excerpt":{"rendered":"<p>&#8230; <a class=\"more-link\" href=\"#tab-description\">Cite\u0219te mai mult<\/a><\/p>","protected":false},"featured_media":9617,"comment_status":"open","ping_status":"closed","template":"","meta":{"inline_featured_image":false},"product_brand":[],"product_cat":[69],"product_tag":[],"class_list":{"0":"post-9522","1":"product","2":"type-product","3":"status-publish","4":"has-post-thumbnail","6":"product_cat-vyzivove-doplnky","8":"first","9":"instock","10":"taxable","11":"shipping-taxable","12":"purchasable","13":"product-type-simple"},"aioseo_notices":[],"_links":{"self":[{"href":"https:\/\/www.biokari.sk\/ro\/wp-json\/wp\/v2\/product\/9522","targetHints":{"allow":["GET"]}}],"collection":[{"href":"https:\/\/www.biokari.sk\/ro\/wp-json\/wp\/v2\/product"}],"about":[{"href":"https:\/\/www.biokari.sk\/ro\/wp-json\/wp\/v2\/types\/product"}],"replies":[{"embeddable":true,"href":"https:\/\/www.biokari.sk\/ro\/wp-json\/wp\/v2\/comments?post=9522"}],"wp:featuredmedia":[{"embeddable":true,"href":"https:\/\/www.biokari.sk\/ro\/wp-json\/wp\/v2\/media\/9617"}],"wp:attachment":[{"href":"https:\/\/www.biokari.sk\/ro\/wp-json\/wp\/v2\/media?parent=9522"}],"wp:term":[{"taxonomy":"product_brand","embeddable":true,"href":"https:\/\/www.biokari.sk\/ro\/wp-json\/wp\/v2\/product_brand?post=9522"},{"taxonomy":"product_cat","embeddable":true,"href":"https:\/\/www.biokari.sk\/ro\/wp-json\/wp\/v2\/product_cat?post=9522"},{"taxonomy":"product_tag","embeddable":true,"href":"https:\/\/www.biokari.sk\/ro\/wp-json\/wp\/v2\/product_tag?post=9522"}],"curies":[{"name":"wp","href":"https:\/\/api.w.org\/{rel}","templated":true}]}}