{"id":9611,"date":"2025-07-29T12:42:13","date_gmt":"2025-07-29T10:42:13","guid":{"rendered":"https:\/\/www.biokari.sk\/produkt\/oosty-prasok-na-blokk-s-prichutou-cheddar-332g\/"},"modified":"2026-05-02T19:01:09","modified_gmt":"2026-05-02T17:01:09","slug":"oosty-prasok-na-blokk-s-prichutou-cheddar-332g","status":"publish","type":"product","link":"https:\/\/www.biokari.sk\/ro\/produs\/crackling-oosty-pentru-bloc-cu-aroma-de-cheddar-332g\/","title":{"rendered":"Oosty Cheddar aromat bloc pulbere 332g"},"content":{"rendered":"<p>Un amestec sub form\u0103 de pudr\u0103 pentru prepararea unui bloc de legume cu arom\u0103 de cheddar. F\u0103r\u0103 gluten, lapte \u0219i produse lactate, fabricat din ingrediente vegetale. Un pachet face 1 kg de bloc vegan.<\/p>\n\n\n\n<p><strong>Instruc\u021biuni pentru prepararea unui bloc de 250 g:<\/strong> Se toarn\u0103 73 g de ulei de cocos lichid, c\u00e2t mai c\u0103ldu\u021b posibil, \u0219i 168 g de ap\u0103 rece \u00eentr-o crati\u021b\u0103. Ad\u0103uga\u021bi 1 por\u021bie din amestecul de pudr\u0103 (83 g), amesteca\u021bi bine cu un mixer cu imersie, apoi g\u0103ti\u021bi pe aragaz\/plit\u0103 la foc mediu-mare, amestec\u00e2nd frecvent, p\u00e2n\u0103 se \u00eengroa\u0219\u0103. Se amestec\u0103 energic timp de 3 minute din momentul \u00een care se \u00eengroa\u0219\u0103. Se toarn\u0103 fierbinte \u00een form\u0103, se acoper\u0103 par\u021bial \u0219i se las\u0103 s\u0103 se r\u0103ceasc\u0103. Se \u00eenchide recipientul \u0219i se introduce \u00een frigider timp de 48 de ore. (Dup\u0103 24 de ore este gata de consum, dar se recomand\u0103 48 de ore de refrigerare pentru a ob\u021bine consisten\u021ba ideal\u0103).<\/p>\n\n\n\n<p><strong>Valori nutri\u021bionale \u00een 100g pulbere: <\/strong><br>Energie: 1118kJ\/270kcal<br>Gr\u0103simi: 25g din care saturate: 23g<br>Carbohidra\u021bi: 11g din care zaharuri: 0g<br>Proteine: 0.6g, Sare: 1.7g, Calciu: 240 mg (30 % RVH)<\/p>\n\n\n\n<p>Produsul a fost fabricat \u00eentr-o fabric\u0103 care prelucreaz\u0103 \u0219i nuci.<\/p>\n\n\n\n<p><strong>Compozi\u021bie:<\/strong> Amidon modificat (cartof), sare de Himalaya, proteine de fasole, arom\u0103, fosfat tricalcic, fibre de bambus, extract de drojdie, regulator de aciditate (acid citric), colorant (caroteni).<\/p>\n\n\n\n<p><strong>Depozitare:<\/strong> Pentru amestecul de pulbere: se p\u0103streaz\u0103 \u00eentr-un loc uscat \u0219i r\u0103coros.<br><strong>Pentru produsul finit:<\/strong> temperatura de depozitare 2-8 \u00b0C. Consuma\u021bi \u00een termen de 3 zile de la deschiderea mucegaiului dac\u0103 este p\u0103strat \u00een frigider.<\/p>\n\n\n\n<p><strong>Greutate: <\/strong>332g<\/p>\n\n\n\n<p><strong>Durabilitate minim\u0103 p\u00e2n\u0103 la<\/strong>: vezi pe ambalaj. <\/p>\n\n\n\n<p><\/p>","protected":false},"excerpt":{"rendered":"<p>&#8230; <a class=\"more-link\" href=\"#tab-description\">Cite\u0219te mai mult<\/a><\/p>","protected":false},"featured_media":9613,"comment_status":"open","ping_status":"closed","template":"","meta":{"inline_featured_image":false},"product_brand":[],"product_cat":[71],"product_tag":[312],"class_list":{"0":"post-9611","1":"product","2":"type-product","3":"status-publish","4":"has-post-thumbnail","6":"product_cat-potraviny","7":"product_tag-top-potraviny","9":"first","10":"instock","11":"taxable","12":"shipping-taxable","13":"purchasable","14":"product-type-simple"},"aioseo_notices":[],"_links":{"self":[{"href":"https:\/\/www.biokari.sk\/ro\/wp-json\/wp\/v2\/product\/9611","targetHints":{"allow":["GET"]}}],"collection":[{"href":"https:\/\/www.biokari.sk\/ro\/wp-json\/wp\/v2\/product"}],"about":[{"href":"https:\/\/www.biokari.sk\/ro\/wp-json\/wp\/v2\/types\/product"}],"replies":[{"embeddable":true,"href":"https:\/\/www.biokari.sk\/ro\/wp-json\/wp\/v2\/comments?post=9611"}],"wp:featuredmedia":[{"embeddable":true,"href":"https:\/\/www.biokari.sk\/ro\/wp-json\/wp\/v2\/media\/9613"}],"wp:attachment":[{"href":"https:\/\/www.biokari.sk\/ro\/wp-json\/wp\/v2\/media?parent=9611"}],"wp:term":[{"taxonomy":"product_brand","embeddable":true,"href":"https:\/\/www.biokari.sk\/ro\/wp-json\/wp\/v2\/product_brand?post=9611"},{"taxonomy":"product_cat","embeddable":true,"href":"https:\/\/www.biokari.sk\/ro\/wp-json\/wp\/v2\/product_cat?post=9611"},{"taxonomy":"product_tag","embeddable":true,"href":"https:\/\/www.biokari.sk\/ro\/wp-json\/wp\/v2\/product_tag?post=9611"}],"curies":[{"name":"wp","href":"https:\/\/api.w.org\/{rel}","templated":true}]}}