{"id":9614,"date":"2025-07-29T14:52:55","date_gmt":"2025-07-29T12:52:55","guid":{"rendered":"https:\/\/www.biokari.sk\/produkt\/myrobalan-kapsuly-na-creva-purewell-60ks\/"},"modified":"2026-03-05T18:01:19","modified_gmt":"2026-03-05T17:01:19","slug":"myrobalan-kapsuly-na-creva-purewell-60ks","status":"publish","type":"product","link":"https:\/\/www.biokari.sk\/ro\/produs\/capsule-myrobalan-pentru-creva-purewell-60pcs\/","title":{"rendered":"Myrobalan Capsule intestinale - PureWell 60pcs"},"content":{"rendered":"<p>Un stil de via\u021b\u0103 rapid \u0219i o alimenta\u021bie deficitar\u0103 pot duce la apari\u021bia multor boli cronice, iar problemele digestive nu fac excep\u021bie. Capsulele Purewell pentru cur\u0103\u021barea intestinului ofer\u0103 o solu\u021bie eficient\u0103 \u0219i natural\u0103 la balonare, disconfort abdominal \u0219i constipa\u021bie, sus\u021bin\u00e2nd sistemul imunitar \u0219i bun\u0103starea general\u0103.<\/p>\n\n\n\n<ul class=\"wp-block-list\">\n<li>100 % solu\u021bie natural\u0103 de cur\u0103\u021bare intestinal\u0103<\/li>\n\n\n\n<li>Un complex unic de 18 ierburi<\/li>\n\n\n\n<li>F\u0103r\u0103 a provoca diaree, accelereaz\u0103 mi\u0219c\u0103rile intestinale \u0219i faciliteaz\u0103 defecarea<\/li>\n\n\n\n<li>Elimin\u0103 constipa\u021bia \u0219i pune astfel cap\u0103t balon\u0103rii<\/li>\n<\/ul>\n\n\n\n<p><strong>Compozi\u021bie:<\/strong> Bibitaki, c\u0103tin\u0103 indian\u0103, rubarb\u0103 chinezeasc\u0103, myrobalan galben, anason, brusture, groundsel, malva alb\u0103, oman, gen\u021bian\u0103 galben\u0103, papaya, ment\u0103, fenicul, p\u0103p\u0103die, ghimbir, cimbru de gr\u0103din\u0103, turmeric, balsam de l\u0103m\u00e2ie.<\/p>\n\n\n\n<p><strong>Dozaj:<\/strong> Se recomand\u0103 administrarea a 1-2 capsule cu mult lichid \u00eenainte de culcare. Doza recomandat\u0103 poate fi adaptat\u0103 - \u00een mod rezonabil - \u00een func\u021bie de nevoile individuale \u0219i de gravitatea problemei, \u00een orice caz. Capsulele trebuie luate cu ap\u0103 cald\u0103 sau cel pu\u021bin c\u0103ldu\u021b\u0103. Utilizarea pe termen lung \u0219i continu\u0103 a PureWell este sigur\u0103 deoarece ingredientele adaptogene armonizeaz\u0103 func\u021bionarea organismului, ajut\u00e2nd astfel la men\u021binerea echilibrului f\u0103r\u0103 a interfera excesiv cu func\u021biile naturale ale organelor. Dac\u0103 este cunoscut\u0103 hipersensibilitatea la oricare dintre ingrediente, se recomand\u0103 \u00eenceperea cu o doz\u0103 mai mic\u0103. Utilizarea este permis\u0103 pentru toate v\u00e2rstele, inclusiv femeilor \u00eens\u0103rcinate \u0219i care al\u0103pteaz\u0103.<\/p>\n\n\n\n<h4 class=\"wp-block-heading\">Recomandare: atunci c\u00e2nd lua\u021bi mai multe produse Myrobalan pe baz\u0103 de plante \u00een acela\u0219i timp, este recomandabil s\u0103 l\u0103sa\u021bi un interval de 25-30 de minute \u00eentre capsule, pentru a permite complexului de plante din fiecare produs s\u0103 aib\u0103 cel mai bun efect. Dac\u0103 lua\u021bi vitamine \u0219i produse pe baz\u0103 de plante \u00een acela\u0219i timp, nu este necesar s\u0103 l\u0103sa\u021bi un interval de timp \u00eentre administrarea acestora.<\/h4>\n\n\n\n<p>PureWell este un supliment alimentar, utilizarea sa nu \u00eenlocuie\u0219te tratamentul medical necesar!<br>Efectul poate varia de la o persoan\u0103 la alta \u0219i nu este garantat. \u00cen caz de hipersensibilitate la oricare dintre ingredientele capsulei, utilizarea nu este recomandat\u0103. Dac\u0103 lua\u021bi medicamente \u00een mod regulat sau urma\u021bi un tratament pe termen lung, consulta\u021bi medicul sau farmacistul \u00eenainte de a comanda.<\/p>\n\n\n\n<p>Nu dep\u0103\u0219i\u021bi doza zilnic\u0103 recomandat\u0103!<br>Un supliment nutritiv nu \u00eenlocuie\u0219te o diet\u0103 echilibrat\u0103, variat\u0103 \u0219i un stil de via\u021b\u0103 s\u0103n\u0103tos.<br>A nu se l\u0103sa la \u00eendem\u00e2na copiilor mici.<\/p>\n\n\n\n<p><strong>Cantitate: <\/strong>60pcs<br>A se p\u0103stra \u00eentr-un loc uscat. <br><strong>Perioada minim\u0103 de valabilitate p\u00e2n\u0103 la<\/strong>: vezi pe ambalaj.<\/p>\n\n\n\n<p><\/p>","protected":false},"excerpt":{"rendered":"<p>&#8230; <a class=\"more-link\" href=\"#tab-description\">Cite\u0219te mai mult<\/a><\/p>","protected":false},"featured_media":9616,"comment_status":"open","ping_status":"closed","template":"","meta":{"inline_featured_image":false},"product_brand":[],"product_cat":[69,143],"product_tag":[],"class_list":{"0":"post-9614","1":"product","2":"type-product","3":"status-publish","4":"has-post-thumbnail","6":"product_cat-vyzivove-doplnky","7":"product_cat-zaludok-a-crevna-cinnost","9":"first","10":"instock","11":"taxable","12":"shipping-taxable","13":"purchasable","14":"product-type-simple"},"aioseo_notices":[],"_links":{"self":[{"href":"https:\/\/www.biokari.sk\/ro\/wp-json\/wp\/v2\/product\/9614","targetHints":{"allow":["GET"]}}],"collection":[{"href":"https:\/\/www.biokari.sk\/ro\/wp-json\/wp\/v2\/product"}],"about":[{"href":"https:\/\/www.biokari.sk\/ro\/wp-json\/wp\/v2\/types\/product"}],"replies":[{"embeddable":true,"href":"https:\/\/www.biokari.sk\/ro\/wp-json\/wp\/v2\/comments?post=9614"}],"wp:featuredmedia":[{"embeddable":true,"href":"https:\/\/www.biokari.sk\/ro\/wp-json\/wp\/v2\/media\/9616"}],"wp:attachment":[{"href":"https:\/\/www.biokari.sk\/ro\/wp-json\/wp\/v2\/media?parent=9614"}],"wp:term":[{"taxonomy":"product_brand","embeddable":true,"href":"https:\/\/www.biokari.sk\/ro\/wp-json\/wp\/v2\/product_brand?post=9614"},{"taxonomy":"product_cat","embeddable":true,"href":"https:\/\/www.biokari.sk\/ro\/wp-json\/wp\/v2\/product_cat?post=9614"},{"taxonomy":"product_tag","embeddable":true,"href":"https:\/\/www.biokari.sk\/ro\/wp-json\/wp\/v2\/product_tag?post=9614"}],"curies":[{"name":"wp","href":"https:\/\/api.w.org\/{rel}","templated":true}]}}