{"id":9618,"date":"2025-07-29T18:35:40","date_gmt":"2025-07-29T16:35:40","guid":{"rendered":"https:\/\/www.biokari.sk\/produkt\/myrobalan-kapsuly-na-lymfaticke-systemu-60ks\/"},"modified":"2026-04-18T19:02:53","modified_gmt":"2026-04-18T17:02:53","slug":"myrobalan-kapsuly-na-lymfaticke-systemu-60ks","status":"publish","type":"product","link":"https:\/\/www.biokari.sk\/ro\/produs\/capsule-myrobalan-pentru-sistemul-limfatic-60pcs\/","title":{"rendered":"Myrobalan Capsule pentru sistemul limfatic 60pcs"},"content":{"rendered":"<p>\u0218tia\u021bi c\u0103 organismul dumneavoastr\u0103 poate fi expus la mii de toxine diferite \u00een fiecare zi din cauza consumului de alimente procesate \u0219i a influen\u021belor nocive ale mediului? Detoxifierea este procesul natural al organismului prin care - at\u00e2t timp c\u00e2t nu este supra\u00eenc\u0103rcat - acesta este capabil s\u0103 elimine substan\u021bele nocive din organism. Lympid este un produs natural care ajut\u0103 la cur\u0103\u021barea s\u00e2ngelui \u0219i sus\u021bine s\u0103n\u0103tatea sistemului limfatic, ajut\u00e2nd astfel la detoxifiere.<\/p>\n\n\n\n<p><strong>1<\/strong>00 % SOLU\u021aIE NATURAL\u0102 pentru cur\u0103\u021barea sistemului limfatic \u0219i a s\u00e2ngelui. 13 HERBE COMBINATE UNIC. favorizeaz\u0103 eliminarea toxinelor din organism. Ajut\u0103 la ameliorarea umfl\u0103turilor \u0219i edemelor extremit\u0103\u021bilor, favorizeaz\u0103 drenarea excesului de lichid.<\/p>\n\n\n\n<p><strong>Compozi\u021bie:<\/strong> Floare de buric asiatic, astragalus (valerian\u0103 chinez\u0103), lapacho, andrographis, echinacea purpurea, brusture, p\u0103p\u0103die, calendula, ghimbir, busuioc sf\u00e2nt (tulsi), t\u0103m\u00e2ie indian\u0103, mirobalan galben, trifoi ro\u0219u de paji\u0219te.<\/p>\n\n\n\n<p><strong>Dozaj:<\/strong> Se recomand\u0103 administrarea a 2\u00d71 capsule pe zi, distribuite uniform pe parcursul zilei, de preferin\u021b\u0103 diminea\u021ba sau \u00een cursul dimine\u021bii, p\u00e2n\u0103 la dispari\u021bia disconfortului. Doza recomandat\u0103 poate fi - \u00een limite rezonabile - deviat\u0103 \u00een func\u021bie de nevoile individuale \u0219i de gravitatea problemei. Capsulele trebuie luate cu ap\u0103 cald\u0103, cel pu\u021bin la temperatura camerei.<\/p>\n\n\n\n<p>Utilizarea continu\u0103 pe termen lung a Lympid este sigur\u0103 deoarece componentele sale adaptogene armonizeaz\u0103 func\u021bionarea organismului \u0219i ajut\u0103 la men\u021binerea echilibrului f\u0103r\u0103 a interfera semnificativ cu func\u021biile naturale ale organelor.<\/p>\n\n\n\n<p>Dac\u0103 se \u0219tie c\u0103 exist\u0103 o sensibilitate la oricare dintre ingrediente, se recomand\u0103 s\u0103 \u00eencepe\u021bi cu o doz\u0103 mai mic\u0103.<br>Administrarea preparatului este permis\u0103 pentru toate v\u00e2rstele, inclusiv pentru femeile \u00eens\u0103rcinate \u0219i care al\u0103pteaz\u0103.<\/p>\n\n\n\n<p><strong>RECOMANDARE:<\/strong> Atunci c\u00e2nd lua\u021bi mai multe produse pe baz\u0103 de plante Myrobalan, este recomandabil s\u0103 men\u021bine\u021bi o concentra\u021bie de 25-30<strong> <\/strong>un interval de un minut \u00eentre administrarea fiec\u0103rei capsule pentru a permite complexului de plante al produsului s\u0103 \u00ee\u0219i fac\u0103 efectul. Dac\u0103 lua\u021bi vitamine \u0219i produse pe baz\u0103 de plante \u00een acela\u0219i timp, nu este nevoie s\u0103 l\u0103sa\u021bi un interval de timp \u00eentre ele.<\/p>\n\n\n\n<p>Lympid este un supliment alimentar, utilizarea sa nu \u00eenlocuie\u0219te tratamentul medical necesar! Efectele pot varia de la individ la individ \u0219i nu sunt garantate. \u00cen caz de hipersensibilitate la oricare dintre ingredientele capsulei, utilizarea acesteia nu este recomandat\u0103. Dac\u0103 lua\u021bi medicamente \u00een mod regulat sau urma\u021bi un tratament medical pe termen lung, consulta\u021bi medicul sau farmacistul \u00eenainte de a comanda.<\/p>\n\n\n\n<p><strong>Nu dep\u0103\u0219i\u021bi doza zilnic\u0103 recomandat\u0103!<\/strong> Un supliment nutritiv nu \u00eenlocuie\u0219te o diet\u0103 echilibrat\u0103, variat\u0103 \u0219i un stil de via\u021b\u0103 s\u0103n\u0103tos. A nu se l\u0103sa la \u00eendem\u00e2na copiilor mici.<\/p>\n\n\n\n<p><strong>Cantitate:<\/strong> 60pcs<br>P\u0103stra\u021bi \u00eentr-un loc r\u0103coros. <br><strong>Perioada minim\u0103 de valabilitate p\u00e2n\u0103 la:<\/strong> vezi ambalajul.<br><\/p>","protected":false},"excerpt":{"rendered":"<p>&#8230; <a class=\"more-link\" href=\"#tab-description\">Cite\u0219te mai mult<\/a><\/p>","protected":false},"featured_media":9620,"comment_status":"open","ping_status":"closed","template":"","meta":{"inline_featured_image":false},"product_brand":[288],"product_cat":[69],"product_tag":[],"class_list":{"0":"post-9618","1":"product","2":"type-product","3":"status-publish","4":"has-post-thumbnail","6":"product_brand-myrobalan","7":"product_cat-vyzivove-doplnky","9":"first","10":"instock","11":"taxable","12":"shipping-taxable","13":"purchasable","14":"product-type-simple"},"aioseo_notices":[],"_links":{"self":[{"href":"https:\/\/www.biokari.sk\/ro\/wp-json\/wp\/v2\/product\/9618","targetHints":{"allow":["GET"]}}],"collection":[{"href":"https:\/\/www.biokari.sk\/ro\/wp-json\/wp\/v2\/product"}],"about":[{"href":"https:\/\/www.biokari.sk\/ro\/wp-json\/wp\/v2\/types\/product"}],"replies":[{"embeddable":true,"href":"https:\/\/www.biokari.sk\/ro\/wp-json\/wp\/v2\/comments?post=9618"}],"wp:featuredmedia":[{"embeddable":true,"href":"https:\/\/www.biokari.sk\/ro\/wp-json\/wp\/v2\/media\/9620"}],"wp:attachment":[{"href":"https:\/\/www.biokari.sk\/ro\/wp-json\/wp\/v2\/media?parent=9618"}],"wp:term":[{"taxonomy":"product_brand","embeddable":true,"href":"https:\/\/www.biokari.sk\/ro\/wp-json\/wp\/v2\/product_brand?post=9618"},{"taxonomy":"product_cat","embeddable":true,"href":"https:\/\/www.biokari.sk\/ro\/wp-json\/wp\/v2\/product_cat?post=9618"},{"taxonomy":"product_tag","embeddable":true,"href":"https:\/\/www.biokari.sk\/ro\/wp-json\/wp\/v2\/product_tag?post=9618"}],"curies":[{"name":"wp","href":"https:\/\/api.w.org\/{rel}","templated":true}]}}