{"id":9623,"date":"2025-07-30T13:08:30","date_gmt":"2025-07-30T11:08:30","guid":{"rendered":"https:\/\/www.biokari.sk\/produkt\/zafir-kapsuly-na-alergie-60ks\/"},"modified":"2026-05-02T19:01:08","modified_gmt":"2026-05-02T17:01:08","slug":"zafir-kapsuly-na-alergie-60ks","status":"publish","type":"product","link":"https:\/\/www.biokari.sk\/ro\/produs\/zafir-alergii-capsule-60pcs\/","title":{"rendered":"Sapphire capsule pentru alergii 60pcs"},"content":{"rendered":"<p>Mul\u021bi oameni au spus c\u0103 exist\u0103 doar dou\u0103 tipuri de oameni: cei care sunt alergici \u0219i cei care urmeaz\u0103 s\u0103 fie!<br>Din p\u0103cate, toate dovezile sugereaz\u0103 c\u0103 aceast\u0103 afirma\u021bie cinic\u0103 are un s\u00e2mbure de adev\u0103r \u00een ea.<\/p>\n\n\n\n<p>ALLERGOL DR \u00eent\u0103re\u0219te \u00een primul r\u00e2nd func\u021bionarea fiziologic\u0103 a sistemului imunitar, deoarece o ap\u0103rare bine preg\u0103tit\u0103 \u0219i care func\u021bioneaz\u0103 corect poate proteja organismul de diver\u0219i stimuli de mediu sau chimici.<\/p>\n\n\n\n<p><strong>Dozaj:<\/strong> doza obi\u0219nuit\u0103 este de 1-2\u00d71 capsul\u0103 pe zi.<br>\u00cen caz de probleme de s\u0103n\u0103tate \u00een timpul administr\u0103rii produsului, adresa\u021bi-v\u0103 medicului dumneavoastr\u0103!<br><strong>Depozitare:<\/strong> \u00eentr-un loc uscat, r\u0103coros, ferit de accesul copiilor.<\/p>\n\n\n\n<p><strong>Contribuie la dezvoltarea alergiilor \u0219i a hipersensibilit\u0103\u021bii:<\/strong> <br>dac\u0103 dietele noastre sunt dominate de alimente bogate \u00een amidon pentru o lung\u0103 perioad\u0103 de timp, <br>consumul excesiv de zah\u0103r \u00een orice form\u0103 dulce, <br>orice conservant - fie c\u0103 este vorba de cel pe care \u00eel g\u0103si\u021bi pe rafturi sau de cel folosit pentru a g\u0103ti rapid cartofii sau alte legume, astfel \u00eenc\u00e2t s\u0103 nu se rumeneasc\u0103 \u00eenainte de utilizare, <br>substan\u021be chimice utilizate la coacerea p\u00e2inii pentru a o face s\u0103 arate atr\u0103g\u0103toare \u0219i pentru a o p\u0103stra proasp\u0103t\u0103 mai mult timp.<br>Simptomele de alergie pot avea multe cauze diferite - f\u0103r\u0103 o cunoa\u0219tere exact\u0103 a factorilor declan\u0219atori, este aproape imposibil s\u0103 se produc\u0103 un produs universal pentru ameliorarea simptomelor.<br>Dar exist\u0103 o solu\u021bie - nu trebuie s\u0103 abord\u0103m doar simptomele atunci c\u00e2nd apar, ci s\u0103 consolid\u0103m rezisten\u021ba organismului \u00eenainte ca acestea s\u0103 apar\u0103.<\/p>\n\n\n\n<p><strong>Compozi\u021bie:<\/strong> c\u0103tin\u0103 de mare (<em>Hippophae rhamnoides<\/em>)<br>Dintre arbu\u0219tii fructiferi originari din \u021bara noastr\u0103, fructele de c\u0103tin\u0103 con\u021bin cea mai mult\u0103 vitamina C (500-900 mg\/100 g).<br>\u00cen plus, con\u021bine \u0219i vitaminele A, B1, B2, B6, B8, B9, E, K, P \u0219i PP \u00een cantit\u0103\u021bi mari.<\/p>\n\n\n\n<p><strong>O alt\u0103 comoar\u0103 din farmacia naturii!<\/strong><br><strong>Cantitate:<\/strong> 60pcs<br>P\u0103stra\u021bi \u00eentr-un loc r\u0103coros.<br><strong>Perioada minim\u0103 de valabilitate p\u00e2n\u0103 la:<\/strong> Vede\u021bi ambalajul.<br><br><\/p>","protected":false},"excerpt":{"rendered":"<p>&#8230; <a class=\"more-link\" href=\"#tab-description\">Cite\u0219te mai mult<\/a><\/p>","protected":false},"featured_media":9625,"comment_status":"open","ping_status":"closed","template":"","meta":{"inline_featured_image":false},"product_brand":[],"product_cat":[69],"product_tag":[],"class_list":{"0":"post-9623","1":"product","2":"type-product","3":"status-publish","4":"has-post-thumbnail","6":"product_cat-vyzivove-doplnky","8":"first","9":"instock","10":"taxable","11":"shipping-taxable","12":"purchasable","13":"product-type-simple"},"aioseo_notices":[],"_links":{"self":[{"href":"https:\/\/www.biokari.sk\/ro\/wp-json\/wp\/v2\/product\/9623","targetHints":{"allow":["GET"]}}],"collection":[{"href":"https:\/\/www.biokari.sk\/ro\/wp-json\/wp\/v2\/product"}],"about":[{"href":"https:\/\/www.biokari.sk\/ro\/wp-json\/wp\/v2\/types\/product"}],"replies":[{"embeddable":true,"href":"https:\/\/www.biokari.sk\/ro\/wp-json\/wp\/v2\/comments?post=9623"}],"wp:featuredmedia":[{"embeddable":true,"href":"https:\/\/www.biokari.sk\/ro\/wp-json\/wp\/v2\/media\/9625"}],"wp:attachment":[{"href":"https:\/\/www.biokari.sk\/ro\/wp-json\/wp\/v2\/media?parent=9623"}],"wp:term":[{"taxonomy":"product_brand","embeddable":true,"href":"https:\/\/www.biokari.sk\/ro\/wp-json\/wp\/v2\/product_brand?post=9623"},{"taxonomy":"product_cat","embeddable":true,"href":"https:\/\/www.biokari.sk\/ro\/wp-json\/wp\/v2\/product_cat?post=9623"},{"taxonomy":"product_tag","embeddable":true,"href":"https:\/\/www.biokari.sk\/ro\/wp-json\/wp\/v2\/product_tag?post=9623"}],"curies":[{"name":"wp","href":"https:\/\/api.w.org\/{rel}","templated":true}]}}