{"id":9628,"date":"2025-07-30T14:37:50","date_gmt":"2025-07-30T12:37:50","guid":{"rendered":"https:\/\/www.biokari.sk\/produkt\/wtn-kapsuly-na-alergie-30ks\/"},"modified":"2026-04-24T19:06:36","modified_gmt":"2026-04-24T17:06:36","slug":"wtn-kapsuly-na-alergie-30ks","status":"publish","type":"product","link":"https:\/\/www.biokari.sk\/ro\/produs\/wtn-alergie-capsule-30pcs\/","title":{"rendered":"WTN Capsule de alergie 30pcs"},"content":{"rendered":"<p data-start=\"43\" data-end=\"257\">Atunci c\u00e2nd intr\u0103 \u00een contact cu substan\u021be alergene, organismul nostru poate declan\u0219a un r\u0103spuns imunitar at\u00e2t de puternic \u00eenc\u00e2t se declan\u0219eaz\u0103 procese inflamatorii complexe asociate cu eliberarea de histamin\u0103*. Acestea se pot manifesta printr-o varietate de simptome, de exemplu:<\/p>\n<ul data-start=\"259\" data-end=\"706\">\n<li data-start=\"259\" data-end=\"320\">\n<p data-start=\"261\" data-end=\"320\"><strong data-start=\"261\" data-end=\"281\">reac\u021bii respiratorii<\/strong> (nas \u00eenfundat, tuse, str\u0103nut etc.),<\/p>\n<\/li>\n<li data-start=\"321\" data-end=\"418\">\n<p data-start=\"323\" data-end=\"418\"><strong data-start=\"323\" data-end=\"352\">reac\u021bii alergice pe piele<\/strong> (erup\u021bii cutanate, m\u00e2nc\u0103rime, ro\u0219ea\u021b\u0103, eczeme, rozacee etc.),<\/p>\n<\/li>\n<li data-start=\"419\" data-end=\"447\">\n<p data-start=\"421\" data-end=\"447\"><strong data-start=\"421\" data-end=\"444\">inflama\u021bia ochilor \u0219i a membranelor mucoase<\/strong>,<\/p>\n<\/li>\n<li data-start=\"448\" data-end=\"519\">\n<p data-start=\"450\" data-end=\"519\"><strong data-start=\"450\" data-end=\"483\">probleme cu sistemul digestiv<\/strong> (reflux, balonare, diaree etc.),<\/p>\n<\/li>\n<li data-start=\"520\" data-end=\"633\">\n<p data-start=\"522\" data-end=\"633\"><strong data-start=\"522\" data-end=\"551\">simptome cardiovasculare<\/strong> (puls rapid, hipertensiune arterial\u0103, anafilaxie - reac\u021bie de hipersensibilitate etc.),<\/p>\n<\/li>\n<li data-start=\"634\" data-end=\"706\">\n<p data-start=\"636\" data-end=\"706\"><strong data-start=\"636\" data-end=\"661\">simptome neurologice<\/strong> (ame\u021beli, migrene, dureri de cap, anxietate).<\/p>\n<\/li>\n<\/ul>\n<p data-start=\"746\" data-end=\"838\">Prin urmare, dac\u0103 dorim s\u0103 atenu\u0103m eficient reac\u021biile alergice, trebuie s\u0103 analiz\u0103m problema \u00eentr-un mod mai cuprinz\u0103tor.<\/p>\n<h3 data-start=\"845\" data-end=\"868\"><em data-start=\"849\" data-end=\"866\">Ce este histamina?<\/em><\/h3>\n<p data-start=\"869\" data-end=\"1160\">Histamina este o molecul\u0103 hormon\/semnal important\u0103 \u00een organismul nostru care afecteaz\u0103 multe procese - de la digestie la sistemul nervos central. Efectele sale cele mai pronun\u021bate sunt \u00een tractul respirator, piele, sistemul cardiovascular, uter\/ovarian, creier \u0219i intestin.<\/p>\n<h4 data-start=\"1167\" data-end=\"1215\">Care este produsul <strong data-start=\"1185\" data-end=\"1204\">WTN Allrgen-XTM<\/strong> excep\u021bional\u0103?<\/h4>\n<p data-start=\"1217\" data-end=\"1447\"><strong data-start=\"1217\" data-end=\"1236\">WTN Allrgen-XTM<\/strong> are un spectru de ac\u021biune mult mai larg dec\u00e2t majoritatea produselor similare de pe pia\u021b\u0103. Acest lucru se datoreaz\u0103 \u0219i faptului c\u0103 acesta con\u021bine substan\u021be eficiente, dar mai scumpe, care ac\u021bioneaz\u0103 efectiv asupra simptomelor alergice (de ex. <strong data-start=\"1424\" data-end=\"1445\">sulforafan, rutin<\/strong>).<\/p>\n<ul data-start=\"1449\" data-end=\"2427\">\n<li data-start=\"1449\" data-end=\"1825\">\n<p data-start=\"1451\" data-end=\"1825\">Con\u021bine <strong data-start=\"1460\" data-end=\"1513\">concentra\u021bie extrem de mare (1000 mcg\/capsul\u0103)<\/strong> biologic activ\u0103 <strong data-start=\"1535\" data-end=\"1550\">sulforafan<\/strong>care are un efect dovedit (spre deosebire de cele mai ieftine <strong data-start=\"1605\" data-end=\"1622\">glucorafanin\u0103<\/strong>care este doar un precursor al sulforafanului).<br data-start=\"1662\" data-end=\"1665\" \/>\u27a1 Sulforafanul are <strong data-start=\"1683\" data-end=\"1707\">efecte antiinflamatorii<\/strong> \u0219i ajut\u0103 la neutralizarea subproduselor nocive (amoniac \u0219i peroxid de hidrogen) care sunt produse atunci c\u00e2nd histamina se descompune.<\/p>\n<\/li>\n<li data-start=\"1827\" data-end=\"2027\">\n<p data-start=\"1829\" data-end=\"2027\">Efectul antiinflamator este completat de <strong data-start=\"1859\" data-end=\"1878\">antihistaminice<\/strong> Substan\u021be: <strong data-start=\"1886\" data-end=\"1936\">quercetin\u0103, rutin\u0103 \u0219i extract de p\u0103p\u0103die<\/strong>care nu numai c\u0103 inhib\u0103 enzimele care induc inflama\u021bia, dar blocheaz\u0103 \u0219i eliberarea de histamin\u0103.<\/p>\n<\/li>\n<li data-start=\"2029\" data-end=\"2123\">\n<p data-start=\"2031\" data-end=\"2123\"><strong data-start=\"2031\" data-end=\"2044\">Bromelain\u0103<\/strong> contribuie la descompunerea proteinelor alergene \u0219i \u00eembun\u0103t\u0103\u021be\u0219te absorb\u021bia quercetinei.<\/p>\n<\/li>\n<li data-start=\"2125\" data-end=\"2233\">\n<p data-start=\"2127\" data-end=\"2233\"><strong data-start=\"2127\" data-end=\"2139\">Luteolin\u0103<\/strong> poate ajuta la ameliorarea simptomelor oculare alergice - efectul s\u0103u este activat tocmai cu ajutorul rutinei.<\/p>\n<\/li>\n<li data-start=\"2235\" data-end=\"2331\">\n<p data-start=\"2237\" data-end=\"2331\"><strong data-start=\"2237\" data-end=\"2246\">De rutin\u0103<\/strong> ajut\u0103 la reducerea permeabilit\u0103\u021bii capilare, care este crescut\u0103 de histamin\u0103 - u\u0219ur\u00e2nd astfel umflarea.<\/p>\n<\/li>\n<li data-start=\"2333\" data-end=\"2427\">\n<p data-start=\"2335\" data-end=\"2427\"><strong data-start=\"2335\" data-end=\"2359\">Concentrat de urzic\u0103<\/strong> ajut\u0103 la tuse cu mucus, reduce l\u0103crimarea ochilor \u0219i scurgerea nasului.<\/p>\n<\/li>\n<\/ul>\n<h3 data-start=\"2434\" data-end=\"2508\"><strong data-start=\"2438\" data-end=\"2508\">Cum pot ingredientele active din WTN Allrgen-XTM s\u0103 reduc\u0103 simptomele alergice?<\/strong><\/h3>\n<p data-start=\"2510\" data-end=\"2828\">Reac\u021biile alergice sunt \u00eenso\u021bite de <strong data-start=\"2543\" data-end=\"2568\">eliberarea de histamin\u0103<\/strong>.<br data-start=\"2569\" data-end=\"2572\" \/>Histamina este eliberat\u0103 \u00een faza acut\u0103 a inflama\u021biei (\u00een principal de mastocite) \u0219i, de asemenea, \u00een reac\u021biile alergice.<br data-start=\"2675\" data-end=\"2678\" \/><strong data-start=\"2678\" data-end=\"2698\">Inflama\u021bia cronic\u0103<\/strong> \u00een organism pot cre\u0219te nivelul de histamin\u0103 - ceea ce reprezint\u0103 o problem\u0103 \u0219i mai mare pentru persoanele alergice \u00een timpul sezonului de polen, de exemplu.<\/p>\n<p data-start=\"2830\" data-end=\"2881\">Prin urmare, este foarte important ca preparatul s\u0103 con\u021bin\u0103:<\/p>\n<ul data-start=\"2882\" data-end=\"3083\">\n<li data-start=\"2882\" data-end=\"2926\">\n<p data-start=\"2884\" data-end=\"2926\"><strong data-start=\"2884\" data-end=\"2900\">Antioxidan\u021bi<\/strong>care amelioreaz\u0103 inflama\u021bia,<\/p>\n<\/li>\n<li data-start=\"2927\" data-end=\"2972\">\n<p data-start=\"2929\" data-end=\"2972\"><strong data-start=\"2929\" data-end=\"2969\">substan\u021be care inhib\u0103 eliberarea de histamin\u0103<\/strong>,<\/p>\n<\/li>\n<li data-start=\"2973\" data-end=\"3083\">\n<p data-start=\"2975\" data-end=\"3083\">a <strong data-start=\"2977\" data-end=\"3050\">substan\u021be care favorizeaz\u0103 eliminarea subproduselor de degradare a histaminei<\/strong> - sus\u021bin\u00e2nd astfel sistemul imunitar.<\/p>\n<\/li>\n<\/ul>\n<h3 data-start=\"3090\" data-end=\"3134\">\ud83d\udee1 <strong data-start=\"3097\" data-end=\"3134\">4 piloni ai efectului WTN Allrgen-XTM:<\/strong><\/h3>\n<h4 data-start=\"3136\" data-end=\"3216\"><strong data-start=\"3141\" data-end=\"3214\">1. Neutralizarea substan\u021belor nocive produse \u00een timpul descompunerii histaminei<\/strong><\/h4>\n<p data-start=\"3217\" data-end=\"3411\">Atunci c\u00e2nd histamina este descompus\u0103 de enzima DAO, aceasta produce <strong data-start=\"3259\" data-end=\"3287\">amoniac \u0219i peroxid de hidrogen<\/strong> - substan\u021be toxice care \u00eempov\u0103reaz\u0103 sistemul nostru antioxidant.<br data-start=\"3344\" data-end=\"3347\" \/>\u27a1 <strong data-start=\"3349\" data-end=\"3377\">Sulforafan (din broccoli)<\/strong> ajut\u0103 la neutralizarea acestor substan\u021be.<\/p>\n<p data-start=\"3413\" data-end=\"3440\">\u27a1\u00a0<strong data-start=\"3415\" data-end=\"3438\">Efectele sulforafanului:\u00a0<\/strong>ac\u021biune antimicrobian\u0103, promovarea detoxifierii, sprijinirea elimin\u0103rii subproduselor de degradare a histaminei, ameliorarea inflama\u021biei tractului respirator superior, reducerea stresului oxidativ.<\/p>\n<p data-start=\"3413\" data-end=\"3440\"><strong data-start=\"3652\" data-end=\"3689\">2. Reducerea eliber\u0103rii de histamin\u0103<\/strong><\/p>\n<p data-start=\"3692\" data-end=\"3728\"><strong data-start=\"3692\" data-end=\"3726\">Quercetin\u0103 (din sophora japonez\u0103): <\/strong>stabilizeaz\u0103 mastocitele (se elibereaz\u0103 mai pu\u021bin\u0103 histamin\u0103), previne activitatea excesiv\u0103 a substan\u021belor inflamatorii, blocheaz\u0103 enzimele care declan\u0219eaz\u0103 inflama\u021bia.<\/p>\n<h4 data-start=\"3878\" data-end=\"3921\"><strong data-start=\"3883\" data-end=\"3919\">3. Reducerea inflama\u021biei \u0219i a irita\u021biei<\/strong><\/h4>\n<p data-start=\"3922\" data-end=\"3951\"><strong data-start=\"3922\" data-end=\"3949\">Extract de urzic\u0103 (5:1): <\/strong>suprim\u0103 produc\u021bia de histamin\u0103 \u0219i inflama\u021bia asociat\u0103, amelioreaz\u0103 ochii apo\u0219i \u0219i rinita, ac\u021bioneaz\u0103 ca un expectorant (faciliteaz\u0103 expectora\u021bia).<br \/>\n<strong data-start=\"4094\" data-end=\"4106\">Luteolin: <\/strong>se acumuleaz\u0103 \u00een principal \u00een piele \u0219i ochi - amelioreaz\u0103 irita\u021biile, \u00eencetine\u0219te formarea mucusului \u00een tractul respirator, devine biologic activ datorit\u0103 rutinei.<br \/>\n<strong data-start=\"4267\" data-end=\"4297\">Rutin (din sophora japonez\u0103):\u00a0<\/strong>un puternic antioxidant \u0219i agent antiinflamator, \u00eent\u0103re\u0219te vasele de s\u00e2nge \u0219i reduce permeabilitatea acestora (histamina provoac\u0103 scurgerea capilarelor \u0219i, astfel, umflarea).<\/p>\n<p data-start=\"4267\" data-end=\"4299\"><strong data-start=\"4457\" data-end=\"4492\">4. Degradarea proteinelor inflamatorii<\/strong><\/p>\n<p data-start=\"4495\" data-end=\"4528\"><strong data-start=\"4495\" data-end=\"4526\">Bromelain (o enzim\u0103 din ananas): <\/strong>ajut\u0103 la descompunerea proteinelor \u00een aminoacizi - reduc\u00e2nd astfel impactul alergenilor proteici, amelioreaz\u0103 nasul \u00eenfundat \u0219i ajut\u0103 la tuse cu mucus, reduce umflarea, \u00eembun\u0103t\u0103\u021be\u0219te absorb\u021bia quercetinei.<\/p>\n<h4 data-start=\"4745\" data-end=\"4777\"><strong data-start=\"4749\" data-end=\"4775\">Ingrediente (per capsul\u0103): <\/strong><strong data-start=\"4780\" data-end=\"4832\">Sulforafan (extract standardizat de broccoli)<\/strong> - 1000 mcg, <strong data-start=\"4848\" data-end=\"4921\">Quercetin, extract de p\u0103p\u0103die, luteolin, bromelain (2000 GDU\/g), rutin<\/strong> - 670 mg, <strong data-start=\"4935\" data-end=\"4966\">Gelatin\u0103 (capsul\u0103 din carne de vit\u0103)<\/strong> - ambalare capsule, <strong data-start=\"4988\" data-end=\"5009\">Palmitat de ascorbil<\/strong><\/h4>\n<h4 data-start=\"5016\" data-end=\"5048\"><strong data-start=\"5020\" data-end=\"5046\">Doza recomandat\u0103:\u00a0<\/strong><strong data-start=\"5049\" data-end=\"5068\">1 capsul\u0103 pe zi<\/strong>, ideal \u00eentre mese (cu un stomac sensibil \u00een timpul meselor).<\/h4>\n<h4 data-start=\"5134\" data-end=\"5157\">\u26a0\ufe0f\u00a0<strong data-start=\"5141\" data-end=\"5157\">Avertisment:\u00a0<\/strong>Nu este indicat \u00een timpul sarcinii \u0219i al\u0103pt\u0103rii. Nu dep\u0103\u0219i\u021bi doza zilnic\u0103 recomandat\u0103. A nu se l\u0103sa la \u00eendem\u00e2na copiilor, \u00eentr-un loc uscat, r\u0103coros \u0219i \u00eentunecos. Dac\u0103 sunte\u021bi alergic la oricare dintre ingrediente, nu lua\u021bi produsul! Nu lua\u021bi cu cafea (lua\u021bi cu cel pu\u021bin 30 min. \u00eenainte sau 2 ore dup\u0103 cafea). Nu lua\u021bi cu produse lactate. Dac\u0103 lua\u021bi mai multe suplimente nutritive, consulta\u021bi un specialist.<\/h4>\n<p data-start=\"5561\" data-end=\"5665\" data-is-last-node=\"\" data-is-only-node=\"\">\u274c <strong data-start=\"5563\" data-end=\"5596\">Acest produs nu este vegan<\/strong>deoarece capsula este f\u0103cut\u0103 din <strong data-start=\"5628\" data-end=\"5664\">gelatin\u0103 bovin\u0103 foarte purificat\u0103<\/strong>.<\/p>\n<p data-start=\"5561\" data-end=\"5665\" data-is-last-node=\"\" data-is-only-node=\"\"><strong>Cantitate:<\/strong> 30pcs<\/p>","protected":false},"excerpt":{"rendered":"<p>Pri kontakte s alerg\u00e9nnymi l\u00e1tkami m\u00f4\u017ee n\u00e1\u0161 organizmus vyvola\u0165 tak\u00fa siln\u00fa imunitn\u00fa odpove\u010f, ktor\u00e1 sp\u00fa\u0161\u0165a zlo\u017eit\u00e9 z\u00e1palov\u00e9 procesy spojen\u00e9 s uvo\u013e\u0148ovan\u00edm histam\u00ednu<\/p>","protected":false},"featured_media":9631,"comment_status":"open","ping_status":"closed","template":"","meta":{"inline_featured_image":false},"product_brand":[289],"product_cat":[69,144,140],"product_tag":[281],"class_list":{"0":"post-9628","1":"product","2":"type-product","3":"status-publish","4":"has-post-thumbnail","6":"product_brand-wtn","7":"product_cat-vyzivove-doplnky","8":"product_cat-dychacie-cesty","9":"product_cat-posilnenie-imunity","10":"product_tag-veganske","12":"first","13":"instock","14":"taxable","15":"shipping-taxable","16":"purchasable","17":"product-type-simple"},"aioseo_notices":[],"_links":{"self":[{"href":"https:\/\/www.biokari.sk\/ro\/wp-json\/wp\/v2\/product\/9628","targetHints":{"allow":["GET"]}}],"collection":[{"href":"https:\/\/www.biokari.sk\/ro\/wp-json\/wp\/v2\/product"}],"about":[{"href":"https:\/\/www.biokari.sk\/ro\/wp-json\/wp\/v2\/types\/product"}],"replies":[{"embeddable":true,"href":"https:\/\/www.biokari.sk\/ro\/wp-json\/wp\/v2\/comments?post=9628"}],"wp:featuredmedia":[{"embeddable":true,"href":"https:\/\/www.biokari.sk\/ro\/wp-json\/wp\/v2\/media\/9631"}],"wp:attachment":[{"href":"https:\/\/www.biokari.sk\/ro\/wp-json\/wp\/v2\/media?parent=9628"}],"wp:term":[{"taxonomy":"product_brand","embeddable":true,"href":"https:\/\/www.biokari.sk\/ro\/wp-json\/wp\/v2\/product_brand?post=9628"},{"taxonomy":"product_cat","embeddable":true,"href":"https:\/\/www.biokari.sk\/ro\/wp-json\/wp\/v2\/product_cat?post=9628"},{"taxonomy":"product_tag","embeddable":true,"href":"https:\/\/www.biokari.sk\/ro\/wp-json\/wp\/v2\/product_tag?post=9628"}],"curies":[{"name":"wp","href":"https:\/\/api.w.org\/{rel}","templated":true}]}}