{"id":9637,"date":"2025-07-30T15:56:56","date_gmt":"2025-07-30T13:56:56","guid":{"rendered":"https:\/\/www.biokari.sk\/produkt\/interherb-kolagen-a-kyselina-hialurony-prasok-s-prichutou-maliny\/"},"modified":"2026-04-18T19:02:55","modified_gmt":"2026-04-18T17:02:55","slug":"interherb-kolagen-a-kyselina-hialurony-prasok-s-prichutou-maliny","status":"publish","type":"product","link":"https:\/\/www.biokari.sk\/ro\/produs\/interherb-colagen-si-acid-hialuronic-pulbere-cu-aroma-de-zmeura\/","title":{"rendered":"Interherb Colagen \u0219i acid hialuronic pulbere cu arom\u0103 de zmeur\u0103 300g"},"content":{"rendered":"<p>Interherb Collagen &amp; Hyaluronsav Intense este un supliment alimentar ale c\u0103rui ingrediente contribuie la men\u021binerea s\u0103n\u0103t\u0103\u021bii cartilajelor \u0219i articula\u021biilor. Este o pulbere pentru prepararea unei b\u0103uturi care con\u021bine peptide de colagen de tip I \u0219i II, acid hialuronic, condroitin\u0103, MSM, glucozamin\u0103 \u0219i vitamina C cu \u00eendulcitor. Pe m\u0103sur\u0103 ce \u00eemb\u0103tr\u00e2nim, flexibilitatea \u0219i capacitatea de \u00eenc\u0103rcare a articula\u021biilor noastre pot sc\u0103dea, afect\u00e2nd adesea via\u021ba de zi cu zi. Acest lucru este valabil - indiferent de v\u00e2rst\u0103 - \u0219i \u00een cazul cre\u0219terii activit\u0103\u021bii fizice \u0219i sportive. \u00cen acel moment, organismul nostru are nevoie de mai mul\u021bi nutrien\u021bi, iar articula\u021biile noastre au nevoie, de asemenea, de mai multe elemente de baz\u0103.<\/p>\n\n\n\n<p>Pulberea foarte solubil\u0103 \u0219i delicios aromat\u0103 furnizeaz\u0103 ingrediente naturale pentru cartilaje \u0219i articula\u021bii \u00een propor\u021bii atent selectate \u0219i \u00een doze mari. Produsul con\u021bine at\u00e2t colagen de tip I, c\u00e2t \u0219i colagen de tip II \u0219i, prin urmare, este recomandat ca supliment nutritiv pentru elementele valoroase de construc\u021bie ale oaselor, tendoanelor \u0219i ligamentelor, precum \u0219i pentru articula\u021bii \u0219i cartilaje - at\u00e2t pentru genera\u021biile mai \u00een v\u00e2rst\u0103, c\u00e2t \u0219i pentru cele mai tinere, at\u00e2t pentru persoanele active, c\u00e2t \u0219i pentru cele mai pu\u021bin active.<\/p>\n\n\n\n<ul class=\"wp-block-list\">\n<li>cu condroitin\u0103, MSM, glucozamin\u0103, inulin\u0103 \u0219i vitamina C<\/li>\n\n\n\n<li>f\u0103r\u0103 zah\u0103r \u0219i conservan\u021bi<\/li>\n\n\n\n<li>bogat \u00een proteine<\/li>\n\n\n\n<li>f\u0103r\u0103 gluten \u0219i lactoz\u0103 \u00een mod natural<\/li>\n\n\n\n<li>se dizolv\u0103 perfect<\/li>\n\n\n\n<li>gust pl\u0103cut de zmeur\u0103<\/li>\n<\/ul>\n\n\n\n<p><strong>Ingrediente active \u00eentr-o doz\u0103 zilnic\u0103 (12 g):<\/strong><br>Peptid\u0103 de colagen hidrolizat (tip I \u0219i II): 8000 mg <br>Sulfat de glucozamin\u0103: 1500 mg - din care glucozamin\u0103: 1131 mg <\/p>\n\n\n\n<ul class=\"wp-block-list\">\n<li>MSM: 300 mg<\/li>\n\n\n\n<li>Acid hialuronic: 100 mg<\/li>\n\n\n\n<li>Sulfat de condroitin\u0103: 100 mg<\/li>\n\n\n\n<li>Extract de turmeric: 50 mg<br>- din care curcumin\u0103: 47,5 mg<\/li>\n\n\n\n<li>Harpagophytum (gheara diavolului) extract: 50 mg<br>- din care harpagoside: 1 mg<\/li>\n\n\n\n<li>Vitamina C: 200 mg<\/li>\n<\/ul>\n\n\n\n<p><strong>Compozi\u021bie:<\/strong> extract de colagen hidrolizat (origine bovin\u0103), sulfat de glucozamin\u0103, regulator de aciditate (acid citric), arome, metilsulfonil-metan (MSM), acid L-ascorbic, agent antiaglomerant (fosfat tricalcic), hialuronat de sodiu, sulfat de condroitin\u0103, extract din r\u0103d\u0103cin\u0103 de turmeric (Curcuma longa), extract din r\u0103d\u0103cin\u0103 de ghear\u0103 a diavolului (Harpagophytum procumbens), extract hidrolizat de colagen (origine pui), \u00eendulcitori (glicozide de steviol, sucraloz\u0103), sare de mas\u0103.<\/p>\n\n\n\n<p><strong>Doza zilnic\u0103 recomandat\u0103:<\/strong> Se amestec\u0103 bine 1 lingur\u0103 de pulbere \u00een 2,5-3,5 dl de ap\u0103 rece \u0219i se bea de preferin\u021b\u0103 dup\u0103 mese. <strong>Recomandare pentru utilizare:<\/strong> lua\u021bi timp de 2-3 luni, apoi lua\u021bi o pauz\u0103 de 2 s\u0103pt\u0103m\u00e2ni.<\/p>\n\n\n\n<p><strong>Greutate: <\/strong>300g<br>A se p\u0103stra \u00eentr-un loc uscat. <\/p>","protected":false},"excerpt":{"rendered":"<p>&#8230; <a class=\"more-link\" href=\"#tab-description\">Cite\u0219te mai mult<\/a><\/p>","protected":false},"featured_media":9639,"comment_status":"open","ping_status":"closed","template":"","meta":{"inline_featured_image":false},"product_brand":[],"product_cat":[69,145],"product_tag":[313],"class_list":{"0":"post-9637","1":"product","2":"type-product","3":"status-publish","4":"has-post-thumbnail","6":"product_cat-vyzivove-doplnky","7":"product_cat-krasa","8":"product_tag-top-ostatne","10":"first","11":"onbackorder","12":"taxable","13":"shipping-taxable","14":"purchasable","15":"product-type-simple"},"aioseo_notices":[],"_links":{"self":[{"href":"https:\/\/www.biokari.sk\/ro\/wp-json\/wp\/v2\/product\/9637","targetHints":{"allow":["GET"]}}],"collection":[{"href":"https:\/\/www.biokari.sk\/ro\/wp-json\/wp\/v2\/product"}],"about":[{"href":"https:\/\/www.biokari.sk\/ro\/wp-json\/wp\/v2\/types\/product"}],"replies":[{"embeddable":true,"href":"https:\/\/www.biokari.sk\/ro\/wp-json\/wp\/v2\/comments?post=9637"}],"wp:featuredmedia":[{"embeddable":true,"href":"https:\/\/www.biokari.sk\/ro\/wp-json\/wp\/v2\/media\/9639"}],"wp:attachment":[{"href":"https:\/\/www.biokari.sk\/ro\/wp-json\/wp\/v2\/media?parent=9637"}],"wp:term":[{"taxonomy":"product_brand","embeddable":true,"href":"https:\/\/www.biokari.sk\/ro\/wp-json\/wp\/v2\/product_brand?post=9637"},{"taxonomy":"product_cat","embeddable":true,"href":"https:\/\/www.biokari.sk\/ro\/wp-json\/wp\/v2\/product_cat?post=9637"},{"taxonomy":"product_tag","embeddable":true,"href":"https:\/\/www.biokari.sk\/ro\/wp-json\/wp\/v2\/product_tag?post=9637"}],"curies":[{"name":"wp","href":"https:\/\/api.w.org\/{rel}","templated":true}]}}