{"id":9646,"date":"2025-07-30T17:22:14","date_gmt":"2025-07-30T15:22:14","guid":{"rendered":"https:\/\/www.biokari.sk\/produkt\/herbiovit-alpsky-balzam-75ml\/"},"modified":"2026-02-16T18:00:53","modified_gmt":"2026-02-16T17:00:53","slug":"herbiovit-alpsky-balzam-75ml","status":"publish","type":"product","link":"https:\/\/www.biokari.sk\/ro\/produs\/herbiovit-balsam-alpin-75ml\/","title":{"rendered":"Herbiovit Balsam alpin 75ml"},"content":{"rendered":"<p><strong>Este recomandat pentru o varietate de afec\u021biuni nepl\u0103cute<\/strong>cum ar fi leziuni fizice, entorse, probleme inflamatorii sau simptome legate de v\u00e2rst\u0103 sau irita\u021bii cutanate inconfortabile, perturbatoare. <strong>Con\u021bine 19 ingrediente active!<\/strong><\/p>\n\n\n\n<p>Special compus <strong>balsam maestru pe baz\u0103 de plante<\/strong> cu adaos de extracte de calendula, arnica, castan de India \u0219i uleiuri de cimbru \u0219i ment\u0103 verde, precum \u0219i alte ingrediente active vegetale. Con\u021bine hidratant <strong>ureu<\/strong>. Ingredientele sale active naturale \u0219i complexe se completeaz\u0103 reciproc \u0219i ajut\u0103 la regenerarea pielii. <strong>Formul\u0103 vegan\u0103.<\/strong><br>Baza cremoas\u0103 unic\u0103 este alc\u0103tuit\u0103 dintr-o combina\u021bie de <strong>suc de aloe vera<\/strong> \u0219i se extrage din <strong>Virginia hamamelis<\/strong>.<\/p>\n\n\n\n<p><strong>Herbiovit Balsam alpin<\/strong> este unul dintre cele mai bune balsamuri master care combin\u0103 puterea <strong>14 ingrediente active (extracte \u0219i uleiuri) diferite din plante \u0219i plante botanice<\/strong>. Plantele se sus\u021bin reciproc \u00een efectul lor \u0219i ajut\u0103 procesul de vindecare. \u00cen general, acesta con\u021bine <strong>19 ingrediente active<\/strong>, completat\u0103 de <strong>uree, mentol, camfor, vitamina E \u0219i vitamina C<\/strong>.<\/p>\n\n\n\n<p><strong>Secretele persoanelor \u00een v\u00e2rst\u0103 care tr\u0103iesc \u00een mun\u021bii alpini.<\/strong> Ace\u0219ti oameni, \u00een mod tradi\u021bional, pe baza obiceiurilor \u0219i experien\u021bei str\u0103vechi, prepar\u0103 astfel de preparate complexe din cele mai eficiente ierburi pe care le ofer\u0103 natura.<\/p>\n\n\n\n<p>Balsamul este <strong>excelent pentru ameliorarea rapid\u0103 a durerilor de spate, picioare, umeri, \u0219olduri \u0219i bra\u021be.<\/strong> Adesea, aceste probleme sunt at\u00e2t de nepl\u0103cute \u00eenc\u00e2t ne \u00eempiedic\u0103 s\u0103 ducem o via\u021b\u0103 plin\u0103 \u0219i \u00eei reduc calitatea. Uneori, durerea persistent\u0103 provoac\u0103 depresie \u0219i dispozi\u021bie sc\u0103zut\u0103. Nu exist\u0103 un leac miraculos pentru aceste probleme, dar metodele noastre tradi\u021bionale dezvoltate <strong>Balsam alpin<\/strong> a fost deja descris\u0103 de mul\u021bi ca fiind \"miraculoas\u0103\", deoarece este o crem\u0103 pe baz\u0103 de plante cu care se pot ob\u021bine rezultate cu adev\u0103rat excep\u021bionale.<\/p>\n\n\n\n<p><strong>Substan\u021bele sale active ajut\u0103 la tratarea diferitelor afec\u021biuni nepl\u0103cute<\/strong>cum ar fi leziuni fizice, entorse, simptome legate de v\u00e2rst\u0103 sau irita\u021bii cutanate perturbatoare. Pentru <strong>reumatism, gut\u0103 sau tendinit\u0103<\/strong> poate fi utilizat ca un produs complementar de \u00eengrijire a pielii.<\/p>\n\n\n\n<p>\u2705 <strong>Vegan.<\/strong> Nu con\u021bine niciun ingredient de origine animal\u0103.<br>\u274c <strong>Nu con\u021bine parabeni, SLS, BHT sau ingrediente pe baz\u0103 de uleiuri minerale.<\/strong><br>\u274c <strong>Nu con\u021bine coloran\u021bi sintetici \u0219i parfumuri.<\/strong><br>\ud83c\udf3f <strong>U\u0219or pentru piele - testele dermatologice confirm\u0103 bl\u00e2nde\u021bea sa.<\/strong><\/p>\n\n\n\n<p><strong>Volum:<\/strong> 75ml<\/p>\n\n\n\n<p><\/p>","protected":false},"excerpt":{"rendered":"<p>&#8230; <a class=\"more-link\" href=\"#tab-description\">Cite\u0219te mai mult<\/a><\/p>","protected":false},"featured_media":9651,"comment_status":"open","ping_status":"closed","template":"","meta":{"inline_featured_image":false},"product_brand":[],"product_cat":[19],"product_tag":[313],"class_list":{"0":"post-9646","1":"product","2":"type-product","3":"status-publish","4":"has-post-thumbnail","6":"product_cat-ostatne","7":"product_tag-top-ostatne","9":"first","10":"instock","11":"taxable","12":"shipping-taxable","13":"purchasable","14":"product-type-simple"},"aioseo_notices":[],"_links":{"self":[{"href":"https:\/\/www.biokari.sk\/ro\/wp-json\/wp\/v2\/product\/9646","targetHints":{"allow":["GET"]}}],"collection":[{"href":"https:\/\/www.biokari.sk\/ro\/wp-json\/wp\/v2\/product"}],"about":[{"href":"https:\/\/www.biokari.sk\/ro\/wp-json\/wp\/v2\/types\/product"}],"replies":[{"embeddable":true,"href":"https:\/\/www.biokari.sk\/ro\/wp-json\/wp\/v2\/comments?post=9646"}],"wp:featuredmedia":[{"embeddable":true,"href":"https:\/\/www.biokari.sk\/ro\/wp-json\/wp\/v2\/media\/9651"}],"wp:attachment":[{"href":"https:\/\/www.biokari.sk\/ro\/wp-json\/wp\/v2\/media?parent=9646"}],"wp:term":[{"taxonomy":"product_brand","embeddable":true,"href":"https:\/\/www.biokari.sk\/ro\/wp-json\/wp\/v2\/product_brand?post=9646"},{"taxonomy":"product_cat","embeddable":true,"href":"https:\/\/www.biokari.sk\/ro\/wp-json\/wp\/v2\/product_cat?post=9646"},{"taxonomy":"product_tag","embeddable":true,"href":"https:\/\/www.biokari.sk\/ro\/wp-json\/wp\/v2\/product_tag?post=9646"}],"curies":[{"name":"wp","href":"https:\/\/api.w.org\/{rel}","templated":true}]}}