{"id":9659,"date":"2025-07-30T17:51:46","date_gmt":"2025-07-30T15:51:46","guid":{"rendered":"https:\/\/www.biokari.sk\/produkt\/herbiovit-krem-na-paty-75ml\/"},"modified":"2026-04-13T19:01:57","modified_gmt":"2026-04-13T17:01:57","slug":"herbiovit-krem-na-paty-75ml","status":"publish","type":"product","link":"https:\/\/www.biokari.sk\/ro\/produs\/herbiovit-crema-pentru-calcaie-75ml\/","title":{"rendered":"Crem\u0103 pentru c\u0103lc\u00e2ie Herbiovit 75ml"},"content":{"rendered":"<h4 class=\"wp-block-heading\"><strong>Cerere:<\/strong> Aplica\u021bi zilnic pe zona dorit\u0103 \u0219i masa\u021bi u\u0219or pielea. Potrivit pentru toate tipurile de piele!<\/h4>\n\n\n\n<p>Numai pentru utilizare \u00een exterior! Pentru a men\u021bine calitatea pur\u0103 \u0219i natural\u0103 a formulei, asigura\u021bi-v\u0103 c\u0103 ajunge\u021bi \u00een creuzet cu m\u00e2inile curate. Evita\u021bi contactul cu ochii, membranele mucoase \u0219i r\u0103nile deschise! A nu se l\u0103sa la \u00eendem\u00e2na copiilor! Num\u0103rul lotului este indicat pe creuzet.<\/p>\n\n\n\n<h3 class=\"wp-block-heading\"><strong>De ce ulei de arbore de ceai?<\/strong><\/h3>\n\n\n\n<p>Pentru a \u00een\u021belege la ce este bun uleiul din arbore de ceai \u0219i cum poate fi benefic pentru pielea noastr\u0103, este important s\u0103 \u0219tim ce este de fapt. Uleiul din arbore de ceai (cunoscut \u0219i ca ulei de manuka) este un ulei esen\u021bial extras din frunzele arborelui de ceai australian (Lat. <em>Melaleuca alternifolia<\/em>), ale c\u0103rui efecte benefice sunt cunoscute de mii de ani. Acesta a f\u0103cut parte integrant\u0103 din medicina tradi\u021bional\u0103 a aborigenilor australieni.<\/p>\n\n\n\n<p>Deoarece este un ulei foarte concentrat cu un parfum intens, este utilizat exclusiv pentru uz extern \u0219i adesea ca ingredient \u00een creme, unguente, \u0219ampoane \u0219i lo\u021biuni de corp. Uleiul din arbore de ceai, atunci c\u00e2nd este utilizat \u00een mod regulat \u0219i pe o perioad\u0103 lung\u0103 de timp, poate \u00eembun\u0103t\u0103\u021bi semnificativ aspectul \u0219i starea general\u0103 a pielii. Calmeaz\u0103 pielea uscat\u0103, reduce m\u00e2nc\u0103rimile \u0219i irita\u021biile. Datorit\u0103 propriet\u0103\u021bilor sale antiseptice, ajut\u0103 \u00een cazul pielii grase, p\u0103rului gras \u0219i problemelor de m\u0103trea\u021b\u0103.<\/p>\n\n\n\n<h4 class=\"wp-block-heading\"><strong>Utiliza\u021bi \u00een \u00eengrijirea zilnic\u0103 a pielii:<\/strong> Aplicarea este foarte simpl\u0103 - crema este u\u0219or de integrat \u00een rutina zilnic\u0103 de \u00eengrijire a pielii. Aplica\u021bi o cantitate mic\u0103 pe zona afectat\u0103 \u0219i masa\u021bi bine p\u00e2n\u0103 la absorb\u021bia complet\u0103. Ca \u0219i \u00een cazul celorlalte creme ale noastre, masajul ajut\u0103 la absorb\u021bia ingredientelor active.<\/h4>\n\n\n\n<h4 class=\"wp-block-heading\"><strong>Ingrediente (INCI):<\/strong> <em>Aqua, uree, stearat de gliceril SE, alcool cetearilic, ulei de Cocos Nucifera, ulei de semin\u021be de Helianthus Annuus, ulei de frunze de Melaleuca Alternifolia, alantoin\u0103, suc de frunze de Aloe Barbadensis, ulei de Lavandula Angustifolia, palmitat de ascorbil, pantenol, Rosmarinus Officinalis Leaf, Beta-caroten, Hamamelis Virginiana Extract, Salvia Officinalis Extract, Ceteareth-25, Glicerin\u0103, Isopropyl Palmitate, Propylene Glycol, Phenoxyethanol, Ethylhexylglycerin, Limonene, Linalool.<\/em><\/h4>\n\n\n\n<p>V\u0103 rug\u0103m s\u0103 consulta\u021bi eticheta produsului pentru cea mai actualizat\u0103 list\u0103 de ingrediente. Produs vegan - nu con\u021bine ingrediente de origine animal\u0103. F\u0103r\u0103 coloran\u021bi sintetici sau parfumuri. Testat dermatologic - potrivit pentru pielea sensibil\u0103. Parfum pl\u0103cut.<\/p>\n\n\n\n<p><strong>Volum<\/strong>: 75ml<\/p>","protected":false},"excerpt":{"rendered":"<p>&#8230; <a class=\"more-link\" href=\"#tab-description\">Cite\u0219te mai mult<\/a><\/p>","protected":false},"featured_media":9661,"comment_status":"open","ping_status":"closed","template":"","meta":{"inline_featured_image":false},"product_brand":[],"product_cat":[19],"product_tag":[],"class_list":{"0":"post-9659","1":"product","2":"type-product","3":"status-publish","4":"has-post-thumbnail","6":"product_cat-ostatne","8":"first","9":"instock","10":"taxable","11":"shipping-taxable","12":"purchasable","13":"product-type-simple"},"aioseo_notices":[],"_links":{"self":[{"href":"https:\/\/www.biokari.sk\/ro\/wp-json\/wp\/v2\/product\/9659","targetHints":{"allow":["GET"]}}],"collection":[{"href":"https:\/\/www.biokari.sk\/ro\/wp-json\/wp\/v2\/product"}],"about":[{"href":"https:\/\/www.biokari.sk\/ro\/wp-json\/wp\/v2\/types\/product"}],"replies":[{"embeddable":true,"href":"https:\/\/www.biokari.sk\/ro\/wp-json\/wp\/v2\/comments?post=9659"}],"wp:featuredmedia":[{"embeddable":true,"href":"https:\/\/www.biokari.sk\/ro\/wp-json\/wp\/v2\/media\/9661"}],"wp:attachment":[{"href":"https:\/\/www.biokari.sk\/ro\/wp-json\/wp\/v2\/media?parent=9659"}],"wp:term":[{"taxonomy":"product_brand","embeddable":true,"href":"https:\/\/www.biokari.sk\/ro\/wp-json\/wp\/v2\/product_brand?post=9659"},{"taxonomy":"product_cat","embeddable":true,"href":"https:\/\/www.biokari.sk\/ro\/wp-json\/wp\/v2\/product_cat?post=9659"},{"taxonomy":"product_tag","embeddable":true,"href":"https:\/\/www.biokari.sk\/ro\/wp-json\/wp\/v2\/product_tag?post=9659"}],"curies":[{"name":"wp","href":"https:\/\/api.w.org\/{rel}","templated":true}]}}