{"id":9666,"date":"2025-07-30T18:01:29","date_gmt":"2025-07-30T16:01:29","guid":{"rendered":"https:\/\/www.biokari.sk\/produkt\/herbiovit-bylinkova-konska-mast-250ml\/"},"modified":"2026-01-27T08:41:55","modified_gmt":"2026-01-27T07:41:55","slug":"herbiovit-bylinkova-konska-mast-250ml","status":"publish","type":"product","link":"https:\/\/www.biokari.sk\/ro\/produs\/herbiovit-unguent-pe-baza-de-plante-pentru-cai-250ml\/","title":{"rendered":"Unguent pe baz\u0103 de plante pentru cai Herbiovit 250ml"},"content":{"rendered":"<p><strong>Balsamul popular de cal pe baz\u0103 de plante, r\u0103coritor, \u00eentr-o versiune practic\u0103 mai mic\u0103.<\/strong><br>Astfel, \u00eel pute\u021bi avea \u00eentotdeauna cu dvs. \u00een timpul zilei - lua\u021bi-l la antrenament, pe drum, la serviciu sau oriunde dori\u021bi!<\/p>\n\n\n\n<p>Special compus <strong>balsam de cal pe baz\u0103 de plante, r\u0103coritor<\/strong> cu adaos de extracte de <strong>rozmarin, trifoi, ment\u0103 \u0219i arnic\u0103<\/strong>precum \u0219i cu extra <strong>Glucozamin\u0103<\/strong> a <strong>g\u00e1from<\/strong>. Con\u021bine r\u0103coritoare <strong>mentol<\/strong>. <strong>Formul\u0103 vegan\u0103.<\/strong><br>O baz\u0103 cremoas\u0103 unic\u0103 creat\u0103 prin combinarea <strong>suc de aloe vera<\/strong> a <strong>extract de Virginia hamamelis<\/strong> cu un efect calmant \u0219i hr\u0103nitor.<\/p>\n\n\n\n<h3 class=\"wp-block-heading\"><strong>Se recomand\u0103 ameliorarea rigidit\u0103\u021bii musculare pentru a trata pielea.<\/strong><\/h3>\n\n\n\n<p>Compozi\u021bie complex\u0103 dezvoltat\u0103 \u00een mod unic <strong>stimuleaz\u0103 \u00een mod natural circula\u021bia s\u00e2ngelui \u00een zona tratat\u0103.<\/strong><\/p>\n\n\n\n<p>Mul\u021bumiri pentru con\u021binut <strong>camfor, mentol \u0219i extracte din plante<\/strong> determin\u0103 o circula\u021bie semnificativ\u0103 a s\u00e2ngelui la nivelul pielii.<br>Un preparat de r\u0103cire care poate fi utilizat pe <strong>toate tipurile de piele<\/strong>.<br>Mentolul ofer\u0103 o senza\u021bie de r\u0103cire pe termen scurt, \u00een timp ce ingredientele active ac\u021bioneaz\u0103 treptat \u0219i au un efect de lung\u0103 durat\u0103.<\/p>\n\n\n\n<p>Ingredientele active din produs ajut\u0103 la <strong>ameliorarea \u0219i relaxarea rigidit\u0103\u021bii musculare, reten\u021bia de lichide<\/strong> \u0219i \u00eembun\u0103t\u0103\u021besc elasticitatea pielii tratate.<br><strong>Efect de r\u0103cire<\/strong> regenereaz\u0103 procesele metabolice \u00eencetinite \u0219i ajut\u0103 la eliminarea lichidelor acumulate \u0219i a substan\u021belor reziduale.<br><strong>Combina\u021bie de camfor \u0219i mentol<\/strong> creeaz\u0103 o senza\u021bie de r\u0103cire mai intens\u0103 pe piele.<br>Camforul cu <strong>efect local de circula\u021bie a s\u00e2ngelui<\/strong> ajut\u0103 la reducerea inflama\u021biei \u0219i a disconfortului cauzat de inflama\u021bie. Cre\u0219terea circula\u021biei s\u00e2ngelui \u00eent\u0103re\u0219te <strong>ap\u0103rarea organismului<\/strong>.<\/p>\n\n\n\n<p>Din extracte din plante \u00een crem\u0103 <strong>aloe vera<\/strong> atunci c\u00e2nd este utilizat extern, hidrateaz\u0103 pielea \u0219i \u00eembun\u0103t\u0103\u021be\u0219te microcircula\u021bia pielii \u0219i a membranelor mucoase.<br>V\u0103 mul\u021bumim pentru <strong>efectul vasodilatator al aloe vera<\/strong> \u00eembun\u0103t\u0103\u021be\u0219te circula\u021bia s\u00e2ngelui \u00een \u021besuturile deteriorate, ceea ce favorizeaz\u0103 vindecarea problemelor cutanate.<\/p>\n\n\n\n<p>\u2705 <strong>Produs vegan.<\/strong> Nu con\u021bine niciun ingredient de origine animal\u0103.<br>\u274c <strong>F\u0103r\u0103 parfumuri \u0219i coloran\u021bi sintetici, ingrediente de origine animal\u0103 \u0219i uleiuri minerale.<\/strong><br>\ud83c\udf3f <strong>Testat dermatologic, prietenos cu pielea.<\/strong><\/p>\n\n\n\n<p>\ud83d\udca1 <strong>Sfat:<\/strong> Dac\u0103 suferi\u021bi de dureri de cap sau migrene persistente, aplica\u021bi o cantitate mic\u0103 de balsam pe t\u00e2mple - <strong>ve\u021bi sim\u021bi efectul calmant aproape imediat.<\/strong><\/p>\n\n\n\n<p><strong>Cerere:<\/strong> Aplica\u021bi zilnic pe zona dorit\u0103 a pielii \u0219i masa\u021bi u\u0219or. Potrivit pentru toate tipurile de piele.<\/p>\n\n\n\n<p>\u26a0\ufe0f <strong>Numai pentru utilizare \u00een exterior!<\/strong><br>Pentru a p\u0103stra formula natural\u0103 pur\u0103, asigura\u021bi-v\u0103 c\u0103 introduce\u021bi m\u00e2inile curate \u00een creuzet atunci c\u00e2nd \u00eel utiliza\u021bi.<br><strong>Evita\u021bi contactul cu ochii, membranele mucoase \u0219i r\u0103nile deschise! A nu se l\u0103sa la \u00eendem\u00e2na copiilor!<\/strong> Num\u0103rul lotului este indicat pe ambalaj.<\/p>\n\n\n\n<p><strong>Depozitare:<\/strong> A se p\u0103stra la 10-25 \u00b0C, ferit de lumin\u0103 \u0219i c\u0103ldur\u0103.<\/p>\n\n\n\n<p><strong>Volum:<\/strong> 250ml<\/p>","protected":false},"excerpt":{"rendered":"<p>&#8230; <a class=\"more-link\" href=\"#tab-description\">Cite\u0219te mai mult<\/a><\/p>","protected":false},"featured_media":9668,"comment_status":"open","ping_status":"closed","template":"","meta":{"inline_featured_image":false},"product_brand":[],"product_cat":[19],"product_tag":[],"class_list":{"0":"post-9666","1":"product","2":"type-product","3":"status-publish","4":"has-post-thumbnail","6":"product_cat-ostatne","8":"first","9":"instock","10":"taxable","11":"shipping-taxable","12":"purchasable","13":"product-type-simple"},"aioseo_notices":[],"_links":{"self":[{"href":"https:\/\/www.biokari.sk\/ro\/wp-json\/wp\/v2\/product\/9666","targetHints":{"allow":["GET"]}}],"collection":[{"href":"https:\/\/www.biokari.sk\/ro\/wp-json\/wp\/v2\/product"}],"about":[{"href":"https:\/\/www.biokari.sk\/ro\/wp-json\/wp\/v2\/types\/product"}],"replies":[{"embeddable":true,"href":"https:\/\/www.biokari.sk\/ro\/wp-json\/wp\/v2\/comments?post=9666"}],"wp:featuredmedia":[{"embeddable":true,"href":"https:\/\/www.biokari.sk\/ro\/wp-json\/wp\/v2\/media\/9668"}],"wp:attachment":[{"href":"https:\/\/www.biokari.sk\/ro\/wp-json\/wp\/v2\/media?parent=9666"}],"wp:term":[{"taxonomy":"product_brand","embeddable":true,"href":"https:\/\/www.biokari.sk\/ro\/wp-json\/wp\/v2\/product_brand?post=9666"},{"taxonomy":"product_cat","embeddable":true,"href":"https:\/\/www.biokari.sk\/ro\/wp-json\/wp\/v2\/product_cat?post=9666"},{"taxonomy":"product_tag","embeddable":true,"href":"https:\/\/www.biokari.sk\/ro\/wp-json\/wp\/v2\/product_tag?post=9666"}],"curies":[{"name":"wp","href":"https:\/\/api.w.org\/{rel}","templated":true}]}}