{"id":9669,"date":"2025-07-31T12:58:09","date_gmt":"2025-07-31T10:58:09","guid":{"rendered":"https:\/\/www.biokari.sk\/produkt\/herbiovit-glukozaminovy-krem-250ml\/"},"modified":"2026-04-28T19:01:57","modified_gmt":"2026-04-28T17:01:57","slug":"herbiovit-glukozaminovy-krem-250ml","status":"publish","type":"product","link":"https:\/\/www.biokari.sk\/ro\/produs\/herbiovit-glucozamina-crema-250ml\/","title":{"rendered":"Herbiovit Gl\u00fccosamine crem\u0103 250ml"},"content":{"rendered":"<p><strong>Este recomandat pentru ameliorarea disconfortului articular \u0219i a rigidit\u0103\u021bii musculare, precum \u0219i pentru a ajuta la recuperarea \u00een cazul dificult\u0103\u021bilor de mi\u0219care.<\/strong> Compozi\u021bia complex\u0103 contribuie la relaxarea zonelor cu probleme \u0219i la eliminarea rigidit\u0103\u021bii.<\/p>\n\n\n\n<p><strong>Crema de glucozamin\u0103<\/strong> cu adaos <strong>ulei de eucalipt<\/strong>, <strong>ment\u0103<\/strong>, <strong>ureou<\/strong>, <strong>gheara diavolului<\/strong> \u0219i alte extracte de plante, precum \u0219i ingrediente active <strong>glucozamin\u0103, MSM, condroitin\u0103 \u0219i colagen<\/strong>. Con\u021bine r\u0103coritoare <strong>mentol<\/strong>. <strong>Formul\u0103 vegan\u0103.<\/strong><br>Baza cremoas\u0103 unic\u0103 este creat\u0103 prin combinarea <strong>suc de aloe vera<\/strong> a <strong>extract de Virginia hamamelis<\/strong>care au un efect calmant \u0219i \u00eengrijitor asupra pielii.<\/p>\n\n\n\n<h4 class=\"wp-block-heading\"><strong>Promovarea articula\u021biilor s\u0103n\u0103toase<\/strong>:<br>Cele mai importante substan\u021be nutritive pentru articula\u021bii sunt <strong>glucozamin\u0103, condroitin\u0103 \u0219i colagen<\/strong>.<br>Eficacitatea glucozaminei a fost confirmat\u0103 de cercetarea \u0219tiin\u021bific\u0103 - aceasta contribuie la <strong>\u00eembun\u0103t\u0103\u021birea func\u021bionalit\u0103\u021bii articula\u021biilor<\/strong>.<br>Acesta con\u021bine, de asemenea <strong>MSM (metilsulfonilmetan)<\/strong>, o surs\u0103 natural\u0103 de sulf biologic activ, care \u00eent\u0103re\u0219te efectul glucozaminei \u0219i sus\u021bine articula\u021biile.<\/h4>\n\n\n\n<h4 class=\"wp-block-heading\"><strong>Compozi\u021bie complex\u0103<\/strong>R: Glucozamina, MSM, condroitina \u0219i colagenul contribuie \u00eempreun\u0103 la:<br>\u00cengrijire pentru probleme articulare \u0219i k <strong>func\u021bionarea s\u0103n\u0103toas\u0103 a articula\u021biilor, tendoanelor \u0219i cartilajelor<\/strong>,<br>Pentru a sus\u021bine buna func\u021bionare a articula\u021biilor supuse frec\u0103rii \u0219i pentru a reface \u021besutul cartilaginos,<br>Pentru a \u00eembun\u0103t\u0103\u021bi elasticitatea ligamentelor \u0219i a \u021besutului conjunctiv \u0219i pentru a reduce inflama\u021bia articula\u021biilor.<\/h4>\n\n\n\n<h4 class=\"wp-block-heading\"><strong>Efect calmant al extractelor \u0219i uleiurilor din plante<\/strong>:<br>E<strong>ulei de ucalypt<\/strong> a <strong>mentol<\/strong> \u00cempreun\u0103, acestea contribuie la eliberarea zonelor cu probleme.<br>Datorit\u0103 mentolului, crema provoac\u0103 <strong>circula\u021bia semnificativ\u0103 a s\u00e2ngelui \u00een piele<\/strong> \u0219i pe termen scurt <strong>senza\u021bie de r\u0103cire<\/strong>.<br>Ingredientele active din crem\u0103 calmeaz\u0103 \u0219i relaxeaz\u0103 <strong>rigiditate muscular\u0103<\/strong> \u0219i reten\u021bia de lichide, \u00eembun\u0103t\u0103\u021be\u0219te elasticitatea pielii tratate.<\/h4>\n\n\n\n<p><strong>Efect de r\u0103cire<\/strong> promoveaz\u0103 regenerarea proceselor metabolice \u00eencetinite, ajut\u0103 la eliminarea lichidelor acumulate \u0219i a substan\u021belor reziduale. Acest efect \u00eent\u0103re\u0219te <strong>ulei de ment\u0103<\/strong>, al c\u0103rui extras a <strong>efect relaxant asupra spasmelor musculare<\/strong>.<br>Atunci c\u00e2nd este masat, acesta poate promova <strong>o mai bun\u0103 alimentare cu s\u00e2nge a mu\u0219chilor<\/strong> \u0219i astfel <strong>Metabolism<\/strong>.<\/p>\n\n\n\n<p><strong>Volum:<\/strong> 250ml<\/p>","protected":false},"excerpt":{"rendered":"<p>&#8230; <a class=\"more-link\" href=\"#tab-description\">Cite\u0219te mai mult<\/a><\/p>","protected":false},"featured_media":9671,"comment_status":"open","ping_status":"closed","template":"","meta":{"inline_featured_image":false},"product_brand":[],"product_cat":[19],"product_tag":[313],"class_list":{"0":"post-9669","1":"product","2":"type-product","3":"status-publish","4":"has-post-thumbnail","6":"product_cat-ostatne","7":"product_tag-top-ostatne","9":"first","10":"instock","11":"taxable","12":"shipping-taxable","13":"purchasable","14":"product-type-simple"},"aioseo_notices":[],"_links":{"self":[{"href":"https:\/\/www.biokari.sk\/ro\/wp-json\/wp\/v2\/product\/9669","targetHints":{"allow":["GET"]}}],"collection":[{"href":"https:\/\/www.biokari.sk\/ro\/wp-json\/wp\/v2\/product"}],"about":[{"href":"https:\/\/www.biokari.sk\/ro\/wp-json\/wp\/v2\/types\/product"}],"replies":[{"embeddable":true,"href":"https:\/\/www.biokari.sk\/ro\/wp-json\/wp\/v2\/comments?post=9669"}],"wp:featuredmedia":[{"embeddable":true,"href":"https:\/\/www.biokari.sk\/ro\/wp-json\/wp\/v2\/media\/9671"}],"wp:attachment":[{"href":"https:\/\/www.biokari.sk\/ro\/wp-json\/wp\/v2\/media?parent=9669"}],"wp:term":[{"taxonomy":"product_brand","embeddable":true,"href":"https:\/\/www.biokari.sk\/ro\/wp-json\/wp\/v2\/product_brand?post=9669"},{"taxonomy":"product_cat","embeddable":true,"href":"https:\/\/www.biokari.sk\/ro\/wp-json\/wp\/v2\/product_cat?post=9669"},{"taxonomy":"product_tag","embeddable":true,"href":"https:\/\/www.biokari.sk\/ro\/wp-json\/wp\/v2\/product_tag?post=9669"}],"curies":[{"name":"wp","href":"https:\/\/api.w.org\/{rel}","templated":true}]}}