{"id":9672,"date":"2025-07-31T13:04:06","date_gmt":"2025-07-31T11:04:06","guid":{"rendered":"https:\/\/www.biokari.sk\/produkt\/herbiovit-krem-na-ruky-75ml\/"},"modified":"2026-04-29T19:03:17","modified_gmt":"2026-04-29T17:03:17","slug":"herbiovit-krem-na-ruky-75ml","status":"publish","type":"product","link":"https:\/\/www.biokari.sk\/ro\/produs\/crema-de-maini-herbiovit-75ml\/","title":{"rendered":"Crem\u0103 de m\u00e2ini Herbiovit 75ml"},"content":{"rendered":"<p><strong>Crema de m\u00e2ini hidratant\u0103 Hand Love cu adaos de ulei de m\u0103sline, proteine de migdale, vitamina C, precum \u0219i glicerin\u0103 \u0219i uree.<\/strong><br>Baza unic\u0103 de crem\u0103 este creat\u0103 prin combinarea sucului de aloe vera calmant \u0219i hr\u0103nitor \u0219i a extractului de hamamelis.<\/p>\n\n\n\n<p><strong>Recomandat pentru \u00eengrijirea zilnic\u0103 a m\u00e2inilor \u0219i a unghiilor.<\/strong> <br>Formula u\u0219oar\u0103 este absorbit\u0103 rapid. Con\u021bine proteine valoroase de migdale, care ofer\u0103 o senza\u021bie pl\u0103cut\u0103 pe piele \u0219i \u00eembun\u0103t\u0103\u021be\u0219te hidratarea pielii. Adaug\u0103 hidratare at\u00e2t pielii, c\u00e2t \u0219i unghiilor. Con\u021bine uree hidratant\u0103, o substan\u021b\u0103 natural\u0103 de legare a apei care are un efect de \u00eenmuiere \u0219i anti-prurit, benefic \u00een tratarea pielii uscate \u0219i prevenirea simptomelor eczemelor. Ingredientele active favorizeaz\u0103 regenerarea natural\u0103 a pielii. \u00cenmoaie, catifeleaz\u0103 \u0219i hidrateaz\u0103 pielea uscat\u0103.<br>Cu utilizare regulat\u0103, pielea uscat\u0103 \u0219i cr\u0103pat\u0103, precum \u0219i suprafa\u021ba m\u00e2inilor \u0219i unghiilor devin tratate, moi \u0219i suple. Protejeaz\u0103 \u00eempotriva razelor nocive ale soarelui \u0219i a usc\u0103ciunii, iar cu o utilizare regulat\u0103 ajut\u0103 \u0219i la prevenirea \u00eemb\u0103tr\u00e2nirii premature a pielii. M\u00e2inile uscate pot cauza multe probleme, a\u0219a c\u0103 hidratarea constant\u0103 este esen\u021bial\u0103. Dac\u0103 dori\u021bi s\u0103 evita\u021bi cr\u0103p\u0103turile, microridurile \u0219i v\u0103 dori\u021bi m\u00e2ini moi, <strong>Crem\u0103 de m\u00e2ini hidratant\u0103 Herbiovit Hand Love<\/strong> va fi alegerea perfect\u0103 pentru dvs.<\/p>\n\n\n\n<p><strong>Produs vegan. Nu con\u021bine ingrediente de origine animal\u0103.<\/strong><br>Nu con\u021bine parfumuri \u0219i coloran\u021bi sintetici, ingrediente de origine animal\u0103 sau uleiuri minerale.<br><strong>Testat dermatologic - prietenos cu pielea.<\/strong><\/p>\n\n\n\n<p>\ud83d\udca1 <strong>Sfat:<\/strong> Dup\u0103 utilizarea regulat\u0103 a dezinfectantului pentru m\u00e2ini, c\u00e2nd pielea devine sensibil\u0103, face\u021bi parte din rutina dvs. s\u0103 v\u0103 hidrata\u021bi dup\u0103 fiecare sp\u0103lare a m\u00e2inilor. \u021aine\u021bi crema la \u00eendem\u00e2n\u0103 \u00een birou, la locul de munc\u0103 \u0219i \u00een baie.<\/p>\n\n\n\n<h3 class=\"wp-block-heading\"><strong>Folosi\u021bi crema de m\u00e2ini Herbiovit Hand Love:<\/strong><\/h3>\n\n\n\n<p>Aplica\u021bi zilnic pe partea dorit\u0103 a pielii \u0219i masa\u021bi u\u0219or. Potrivit pentru toate tipurile de piele!<\/p>\n\n\n\n<p>\u26a0\ufe0f <strong>Numai pentru utilizare \u00een exterior!<\/strong> Evita\u021bi contactul cu ochii, membranele mucoase \u0219i r\u0103nile deschise! A nu se l\u0103sa la \u00eendem\u00e2na copiilor! Num\u0103rul lotului este indicat pe creuzet.<\/p>\n\n\n\n<p><strong>Depozitare:<\/strong> A se p\u0103stra la 10-25 \u00b0C, ferit de lumina direct\u0103 a soarelui \u0219i de c\u0103ldur\u0103.<\/p>\n\n\n\n<h4 class=\"wp-block-heading\"><strong>Dosar de top:<\/strong> <br><strong>Ulei de m\u0103sline (Olea Europaea)<\/strong><br>M<strong>Angel Protein (Migdale dulci)<\/strong><br>U<strong>rea<\/strong> <br><strong>Ulei de nuc\u0103 de cocos (Cocos Nucifera)<\/strong><br><strong>VITAMINA C SUPLIMENTAR\u0102<\/strong><\/h4>\n\n\n\n<p><strong>Descoperi\u021bi lumea Mentha - face\u021bi clic aici pentru a afla ce plant\u0103 ajut\u0103 la \u00eengrijirea pielii.<\/strong><\/p>\n\n\n\n<p><strong>Adev\u0103rata funda\u021bie Mentha:<\/strong> suc de aloe vera \u0219i extract de hamamelis<\/p>\n\n\n\n<h4 class=\"wp-block-heading\"><strong>Compozi\u021bie:<\/strong> Aqua, glicerin\u0103, uree, stearat de gliceril Se, ulei de semin\u021be Ricinus Communis, ulei Cocos Nucifera, palmitat de ascorbil, protein\u0103 hidrolizat\u0103 de migdale dulci, frunze Rosmarinus Officinalis, extract Hamamelis Virginiana, ulei de fructe Olea Europaea, cetearet-25, alcool cetearilic, carbomer, CI 77891 (Dioxid de titan), Stearat de zinc, Gum\u0103 de xantan, Ciclopentasiloxan, Ulei din semin\u021be de Helianthus Annuus, Fenoxietanol, Trietanolamin\u0103, Dimeticon\u0103, Parfum*, Etilhexilglicerin\u0103, Alfa-izometil Ionon\u0103, Citronellol, Cumarin\u0103, Hexyl Cinnamal, Limonene, Linalool.<br>*din ulei esen\u021bial natural<\/h4>\n\n\n\n<p><strong>Volum<\/strong>: 250ml<\/p>\n\n\n\n<p><\/p>","protected":false},"excerpt":{"rendered":"<p>&#8230; <a class=\"more-link\" href=\"#tab-description\">Cite\u0219te mai mult<\/a><\/p>","protected":false},"featured_media":9674,"comment_status":"open","ping_status":"closed","template":"","meta":{"inline_featured_image":false},"product_brand":[],"product_cat":[19],"product_tag":[313],"class_list":{"0":"post-9672","1":"product","2":"type-product","3":"status-publish","4":"has-post-thumbnail","6":"product_cat-ostatne","7":"product_tag-top-ostatne","9":"first","10":"instock","11":"taxable","12":"shipping-taxable","13":"purchasable","14":"product-type-simple"},"aioseo_notices":[],"_links":{"self":[{"href":"https:\/\/www.biokari.sk\/ro\/wp-json\/wp\/v2\/product\/9672","targetHints":{"allow":["GET"]}}],"collection":[{"href":"https:\/\/www.biokari.sk\/ro\/wp-json\/wp\/v2\/product"}],"about":[{"href":"https:\/\/www.biokari.sk\/ro\/wp-json\/wp\/v2\/types\/product"}],"replies":[{"embeddable":true,"href":"https:\/\/www.biokari.sk\/ro\/wp-json\/wp\/v2\/comments?post=9672"}],"wp:featuredmedia":[{"embeddable":true,"href":"https:\/\/www.biokari.sk\/ro\/wp-json\/wp\/v2\/media\/9674"}],"wp:attachment":[{"href":"https:\/\/www.biokari.sk\/ro\/wp-json\/wp\/v2\/media?parent=9672"}],"wp:term":[{"taxonomy":"product_brand","embeddable":true,"href":"https:\/\/www.biokari.sk\/ro\/wp-json\/wp\/v2\/product_brand?post=9672"},{"taxonomy":"product_cat","embeddable":true,"href":"https:\/\/www.biokari.sk\/ro\/wp-json\/wp\/v2\/product_cat?post=9672"},{"taxonomy":"product_tag","embeddable":true,"href":"https:\/\/www.biokari.sk\/ro\/wp-json\/wp\/v2\/product_tag?post=9672"}],"curies":[{"name":"wp","href":"https:\/\/api.w.org\/{rel}","templated":true}]}}