{"id":9675,"date":"2025-07-31T13:29:34","date_gmt":"2025-07-31T11:29:34","guid":{"rendered":"https:\/\/www.biokari.sk\/produkt\/herbiovit-bylinkova-konska-mast-75ml\/"},"modified":"2026-04-18T19:02:58","modified_gmt":"2026-04-18T17:02:58","slug":"herbiovit-bylinkova-konska-mast-75ml","status":"publish","type":"product","link":"https:\/\/www.biokari.sk\/ro\/produs\/herbiovit-unguent-pe-baza-de-plante-pentru-cai-75ml\/","title":{"rendered":"Herbiovit Unguent pe baz\u0103 de plante pentru cai 75ml"},"content":{"rendered":"<p><strong>Popularul balsam de cal pe baz\u0103 de plante, r\u0103coritor, are un frate mai mic.<\/strong><br>Astfel, \u00eel pute\u021bi p\u0103stra cu dvs. pe tot parcursul zilei - lua\u021bi-l cu dvs. la antrenament, pe drum, la serviciu sau oriunde dori\u021bi!<\/p>\n\n\n\n<p><strong>Balsam de cal r\u0103coritor, special formulat, pe baz\u0103 de plante, cu adaos de extracte de rozmarin, troscot, ment\u0103 \u0219i arnic\u0103, precum \u0219i extra glucozamin\u0103 \u0219i ingrediente active camfor. Con\u021bine mentol r\u0103coritor. Formul\u0103 vegan\u0103.<\/strong><br>Baza unic\u0103 de crem\u0103 este creat\u0103 prin combinarea sucului de aloe vera calmant \u0219i hr\u0103nitor \u0219i a extractului de hamamelis.<\/p>\n\n\n\n<p><strong>Este recomandat pentru relaxarea rigidit\u0103\u021bii musculare cu scopul \u00eengrijirii pielii.<\/strong><br>Formula complex\u0103 unic dezvoltat\u0103 stimuleaz\u0103 \u00een mod natural circula\u021bia s\u00e2ngelui \u00een zona tratat\u0103.<\/p>\n\n\n\n<p>Camforul, mentolul \u0219i extractele din plante con\u021binute \u00een produs asigur\u0103 o circula\u021bie sanguin\u0103 excelent\u0103 a pielii la locul de aplicare. Un produs r\u0103coritor potrivit pentru utilizarea pe toate tipurile de piele. Mentolul ofer\u0103 o senza\u021bie de r\u0103cire pe termen scurt, \u00een timp ce ingredientele active au o ac\u021biune mai lent\u0103, dar de lung\u0103 durat\u0103.<\/p>\n\n\n\n<p>Ingredientele active din produs ajut\u0103 la ameliorarea \u0219i relaxarea rigidit\u0103\u021bii musculare, \u00eembun\u0103t\u0103\u021besc flexibilitatea zonei tratate \u0219i favorizeaz\u0103 drenajul. Efectul de r\u0103cire regenereaz\u0103 procesele metabolice \u00eencetinite \u0219i ajut\u0103 la eliminarea lichidelor acumulate \u0219i a substan\u021belor reziduale. Camforul combinat cu mentolul creeaz\u0103 o senza\u021bie de r\u0103cire \u0219i mai intens\u0103 pe piele. Camforul, cu componentele sale locale care conduc s\u00e2ngele, amelioreaz\u0103 inflama\u021bia \u0219i disconfortul cauzat de inflama\u021bie. Circula\u021bia mai rapid\u0103 a s\u00e2ngelui cre\u0219te ap\u0103rarea natural\u0103 a organismului.<\/p>\n\n\n\n<p>Din extracte din plante \u00een crem\u0103 <strong>aloe vera<\/strong> are un efect hidratant atunci c\u00e2nd este utilizat\u0103 extern \u0219i \u00eembun\u0103t\u0103\u021be\u0219te microcircula\u021bia pielii \u0219i a membranelor mucoase. Datorit\u0103 efectului vasodilatator al aloe vera, circula\u021bia s\u00e2ngelui este, de asemenea, \u00eembun\u0103t\u0103\u021bit\u0103 \u00een \u021besuturile deteriorate, ceea ce contribuie la vindecarea problemelor pielii.<\/p>\n\n\n\n<p>\u2705 <strong>Produs vegan. Nu con\u021bine ingrediente de origine animal\u0103.<\/strong><br>\u2705 <strong>F\u0103r\u0103 parfumuri \u0219i coloran\u021bi sintetici, ingrediente de origine animal\u0103 \u0219i uleiuri minerale.<\/strong><br>\u2705 <strong>Testat dermatologic, prietenos cu pielea.<\/strong>\ud83d\udca1 <strong>Sfat:<\/strong> Dac\u0103 suferi\u021bi de dureri de cap sau migrene ocazionale, aplica\u021bi o cantitate mic\u0103 pe t\u00e2mple - ve\u021bi sim\u021bi efectul calmant aproape imediat.<\/p>\n\n\n\n<h4 class=\"wp-block-heading\"><strong>Cerere:<\/strong>  Aplica\u021bi zilnic pe partea dorit\u0103 a pielii \u0219i masa\u021bi u\u0219or. <strong>Potrivit pentru toate tipurile de piele!<\/strong><\/h4>\n\n\n\n<p>\u26a0\ufe0f <strong>Numai pentru utilizare \u00een exterior!<\/strong> Pentru a p\u0103stra compozi\u021bia natural\u0103, asigura\u021bi-v\u0103 c\u0103 atinge\u021bi creuzetul cu m\u00e2inile curate atunci c\u00e2nd utiliza\u021bi produsul. <strong>Evita\u021bi contactul cu ochii, membranele mucoase \u0219i r\u0103nile deschise! A nu se l\u0103sa la \u00eendem\u00e2na copiilor!<\/strong> Num\u0103rul lotului este indicat pe creuzet.<\/p>\n\n\n\n<p><strong>Depozitare:<\/strong> 10-25 \u00b0C, protejat de lumin\u0103 \u0219i c\u0103ldur\u0103.<\/p>\n\n\n\n<h4 class=\"wp-block-heading\"><strong>FOLDER DE TOP:<\/strong> <br>\ud83c\udf3f <strong>Ulei de ment\u0103 (Mentha Piperita)<\/strong><br>\ud83c\udf3f <strong>Rozmarin (Rosmarinus Officinalis) - extract din frunze<\/strong><br>\ud83c\udf3f <strong>Arnica montana (Arnica montana) - extract de flori<\/strong><br>\ud83c\udf3f <strong>Symphytum Officinale (Symphytum Officinale) - extract de r\u0103d\u0103cin\u0103<\/strong><br><strong>+ GLUCOZAMIN\u0102 SUPLIMENTAR\u0102<\/strong><\/h4>\n\n\n\n<p><strong>Descoperi\u021bi lumea Mentha - face\u021bi clic aici pentru a afla ce plant\u0103 ajut\u0103 la \u00eengrijirea pielii.<\/strong><\/p>\n\n\n\n<p><strong>Adev\u0103rata funda\u021bie Mentha:<\/strong> suc de aloe vera \u0219i extract de hamamelis<\/p>\n\n\n\n<h4 class=\"wp-block-heading\"><strong>Compozi\u021bie: <\/strong><em>Aqua, glicerin\u0103, alcool izopropilic, suc de frunze Aloe Barbadensis, acetil glucozamin\u0103, extract Hamamelis Virginiana, extract de frunze Rosmarinus Officinalis, extract de r\u0103d\u0103cini Symphytum Officinale, Arnica Montana Flower Extract, Camfor, Mentol, Mentha Piperita Oil, CI 75810 (Clorofil\u0103), Carbomer, Propylene Glycol, Sodium Hydroxide, Phenoxyethanol, Ethylhexylglycerin, Limonene.<\/em><\/h4>\n\n\n\n<p><strong>Volum:<\/strong> 75ml<\/p>","protected":false},"excerpt":{"rendered":"<p>&#8230; <a class=\"more-link\" href=\"#tab-description\">Cite\u0219te mai mult<\/a><\/p>","protected":false},"featured_media":9677,"comment_status":"open","ping_status":"closed","template":"","meta":{"inline_featured_image":false},"product_brand":[],"product_cat":[19],"product_tag":[],"class_list":{"0":"post-9675","1":"product","2":"type-product","3":"status-publish","4":"has-post-thumbnail","6":"product_cat-ostatne","8":"first","9":"instock","10":"taxable","11":"shipping-taxable","12":"purchasable","13":"product-type-simple"},"aioseo_notices":[],"_links":{"self":[{"href":"https:\/\/www.biokari.sk\/ro\/wp-json\/wp\/v2\/product\/9675","targetHints":{"allow":["GET"]}}],"collection":[{"href":"https:\/\/www.biokari.sk\/ro\/wp-json\/wp\/v2\/product"}],"about":[{"href":"https:\/\/www.biokari.sk\/ro\/wp-json\/wp\/v2\/types\/product"}],"replies":[{"embeddable":true,"href":"https:\/\/www.biokari.sk\/ro\/wp-json\/wp\/v2\/comments?post=9675"}],"wp:featuredmedia":[{"embeddable":true,"href":"https:\/\/www.biokari.sk\/ro\/wp-json\/wp\/v2\/media\/9677"}],"wp:attachment":[{"href":"https:\/\/www.biokari.sk\/ro\/wp-json\/wp\/v2\/media?parent=9675"}],"wp:term":[{"taxonomy":"product_brand","embeddable":true,"href":"https:\/\/www.biokari.sk\/ro\/wp-json\/wp\/v2\/product_brand?post=9675"},{"taxonomy":"product_cat","embeddable":true,"href":"https:\/\/www.biokari.sk\/ro\/wp-json\/wp\/v2\/product_cat?post=9675"},{"taxonomy":"product_tag","embeddable":true,"href":"https:\/\/www.biokari.sk\/ro\/wp-json\/wp\/v2\/product_tag?post=9675"}],"curies":[{"name":"wp","href":"https:\/\/api.w.org\/{rel}","templated":true}]}}