{"id":9679,"date":"2025-08-07T09:07:57","date_gmt":"2025-08-07T07:07:57","guid":{"rendered":"https:\/\/www.biokari.sk\/produkt\/biokari-pstaciovy-krem-200g\/"},"modified":"2026-03-05T18:01:18","modified_gmt":"2026-03-05T17:01:18","slug":"biokari-pstaciovy-krem-200g","status":"publish","type":"product","link":"https:\/\/www.biokari.sk\/ro\/produs\/biokari-pstaci-crema-200g\/","title":{"rendered":"Biokari Crem\u0103 de fistic 200g"},"content":{"rendered":"<p><strong>Proteine \u0219i vegan<\/strong><\/p>\n\n\n\n<p><strong>Compozi\u021bie:<\/strong> \u00cendulcitor: Past\u0103 de soia: Maltitol, ulei de floarea soarelui, proteine izolate din soia, fistic 15%, culoare natural\u0103: clorofil\u0103, EMULGATOR: lecitin\u0103 de soia. <br><strong>Con\u021bine alergeni:<\/strong> Soia. Poate con\u021bine urme de alte nuci.<\/p>\n\n\n\n<p><strong>Valori nutri\u021bionale per 100g: <\/strong><br>Energie: 2078kj\/501kcal<br>Gr\u0103simi: 34g din care saturate: 4.1g<br>Carbohidra\u021bi: 36g din care zaharuri 1.1g din care polioli: 33g<br>Fibre: 1.7g, Proteine: 25g, Sare: 0.07g<\/p>\n\n\n\n<p>Se amestec\u0103 \u00eenainte de utilizare.<br>Suprafa\u021ba de ulei este un fenomen natural \u0219i nu afecteaz\u0103 compozi\u021bia produsului. <\/p>\n\n\n\n<p><strong>Greutate:<\/strong> 200g<br>A se p\u0103stra \u00eentr-un loc uscat. <br><strong>Perioada minim\u0103 de valabilitate p\u00e2n\u0103 la:<\/strong> vezi ambalajul<br><\/p>\n\n\n\n<p><\/p>\n\n\n\n<p><br><\/p>","protected":false},"excerpt":{"rendered":"<p>&#8230; <a class=\"more-link\" href=\"#tab-description\">Cite\u0219te mai mult<\/a><\/p>","protected":false},"featured_media":9681,"comment_status":"open","ping_status":"closed","template":"","meta":{"inline_featured_image":false},"product_brand":[],"product_cat":[71],"product_tag":[],"class_list":{"0":"post-9679","1":"product","2":"type-product","3":"status-publish","4":"has-post-thumbnail","6":"product_cat-potraviny","8":"first","9":"instock","10":"taxable","11":"shipping-taxable","12":"purchasable","13":"product-type-simple"},"aioseo_notices":[],"_links":{"self":[{"href":"https:\/\/www.biokari.sk\/ro\/wp-json\/wp\/v2\/product\/9679","targetHints":{"allow":["GET"]}}],"collection":[{"href":"https:\/\/www.biokari.sk\/ro\/wp-json\/wp\/v2\/product"}],"about":[{"href":"https:\/\/www.biokari.sk\/ro\/wp-json\/wp\/v2\/types\/product"}],"replies":[{"embeddable":true,"href":"https:\/\/www.biokari.sk\/ro\/wp-json\/wp\/v2\/comments?post=9679"}],"wp:featuredmedia":[{"embeddable":true,"href":"https:\/\/www.biokari.sk\/ro\/wp-json\/wp\/v2\/media\/9681"}],"wp:attachment":[{"href":"https:\/\/www.biokari.sk\/ro\/wp-json\/wp\/v2\/media?parent=9679"}],"wp:term":[{"taxonomy":"product_brand","embeddable":true,"href":"https:\/\/www.biokari.sk\/ro\/wp-json\/wp\/v2\/product_brand?post=9679"},{"taxonomy":"product_cat","embeddable":true,"href":"https:\/\/www.biokari.sk\/ro\/wp-json\/wp\/v2\/product_cat?post=9679"},{"taxonomy":"product_tag","embeddable":true,"href":"https:\/\/www.biokari.sk\/ro\/wp-json\/wp\/v2\/product_tag?post=9679"}],"curies":[{"name":"wp","href":"https:\/\/api.w.org\/{rel}","templated":true}]}}