{"id":9881,"date":"2025-09-07T11:52:58","date_gmt":"2025-09-07T09:52:58","guid":{"rendered":"https:\/\/www.biokari.sk\/produkt\/ecolife-univerzalny-cistiaci-prostriedok-1000ml\/"},"modified":"2026-01-27T08:41:52","modified_gmt":"2026-01-27T07:41:52","slug":"ecolife-univerzalny-cistiaci-prostriedok-1000ml","status":"publish","type":"product","link":"https:\/\/www.biokari.sk\/ro\/produs\/ecolife-univerzalny-cistiaci-prostriedok-1000ml\/","title":{"rendered":"Ecolife Univerz\u00e1lny \u010distiaci prostriedok 1000ml"},"content":{"rendered":"<p><strong>EcoLIFE Univerz\u00e1lny pr\u00edrodn\u00fd \u010distiaci prostriedok, ktor\u00fd <\/strong>\u010dist\u00ed \u013eahko a nezanech\u00e1va \u0161muhy.<\/p>\n\n\n\n<p><strong><em>Ekologick\u00e9 upratovanie dom\u00e1cnosti, 100% bez ch\u00e9mie<\/em><\/strong>. EcoLIFE neobsahuje s\u00edrany, je vyroben\u00fd z biologicky odb\u00farate\u013en\u00fdch ingredienci\u00ed rastlinn\u00e9ho p\u00f4vodu, balen\u00fd v recyklovate\u013en\u00fdch f\u013ea\u0161iach. Neobsahuje l\u00e1tky \u017eivo\u010d\u00ed\u0161neho p\u00f4vodu. Po\u010das v\u00fdvoja nebol testovan\u00fd na zvierat\u00e1ch.<\/p>\n\n\n\n<p><strong>Neobsahuje \u0161kodliv\u00e9 l\u00e1tky!<\/strong><\/p>\n\n\n\n<p><strong>Netoxick\u00e9 upratovanie bez \u0161m\u00fah<\/strong><\/p>\n\n\n\n<p><strong>N\u00e1vod na pou\u017eitie: 1. Um\u00fdvanie podl\u00e1h: <\/strong>Zrie\u010fte jedno vie\u010dko pr\u00edpravku na jedno vedro (5-8 litrov) vody. <strong>2. Univerz\u00e1lne \u010distenie:<\/strong> Pod\u013ea zne\u010distenia rie\u010fte v pomere 1:5 \u2013 1:10. Zachov\u00e1 p\u00f4vodn\u00fd lesk povrchov, schne r\u00fdchlo, bez zanechania \u0161m\u00fah a povlaku. <strong>Upozornenie!<\/strong> Sp\u00f4sobuje siln\u00e9 podr\u00e1\u017edenie o\u010d\u00ed. Bezpe\u010dnostn\u00e9 opatrenia: Uchov\u00e1vajte mimo dosahu det\u00ed. Po manipul\u00e1cii s prostriedkom si d\u00f4kladne umyte ruky, alebo zasiahnut\u00e9 \u010dasti tela. Pou\u017e\u00edvajte ochranu na o\u010di.<\/p>\n\n\n\n<p>Zlo\u017eenie: &lt;5% Coco-glucoside. V\u00fdstra\u017en\u00e9 upozornenia: Sp\u00f4sobuje v\u00e1\u017ene podr\u00e1\u017edenie o\u010d\u00ed. Bezpe\u010dnostn\u00e9 upozornenia: Ak je potrebn\u00e1<br>lek\u00e1rska pomoc, majte k dispoz\u00edcii obal alebo etiketu v\u00fdrobku. Uchov\u00e1vajte mimo dosahu det\u00ed. Po manipul\u00e1cii starostlivo<br>umyte ruky a zasiahnut\u00e9 \u010dasti tela. Noste ochrann\u00e9 okuliare. PO ZASIAHNUT\u00cd O\u010c\u00cd: Nieko\u013eko min\u00fat ich opatrne vyplachujte<br>vodou. Ak pou\u017e\u00edvate kontaktn\u00e9 \u0161o\u0161ovky a je to mo\u017en\u00e9, odstr\u00e1\u0148te ich. Pokra\u010dujte vo vyplachovan\u00ed. Pri zdravotn\u00fdch probl\u00e9moch<br>volajte TOXIKOLOGICK\u00c9 INFORMA\u010cN\u00c9 CENTRUM\/lek\u00e1ra. Ak podr\u00e1\u017edenie o\u010d\u00ed pretrv\u00e1va: vyh\u013eadajte lek\u00e1rsku pomoc\/starostlivos\u0165.<\/p>\n\n\n\n<p><strong>Volum:<\/strong> 1000ml<\/p>\n\n\n\n<p><\/p>","protected":false},"excerpt":{"rendered":"<p>&#8230; <a class=\"more-link\" href=\"#tab-description\">Cite\u0219te mai mult<\/a><\/p>","protected":false},"featured_media":9882,"comment_status":"open","ping_status":"closed","template":"","meta":{"inline_featured_image":false},"product_brand":[],"product_cat":[245],"product_tag":[],"class_list":{"0":"post-9881","1":"product","2":"type-product","3":"status-publish","4":"has-post-thumbnail","6":"product_cat-drogerie","8":"first","9":"instock","10":"taxable","11":"shipping-taxable","12":"purchasable","13":"product-type-simple"},"aioseo_notices":[],"_links":{"self":[{"href":"https:\/\/www.biokari.sk\/ro\/wp-json\/wp\/v2\/product\/9881","targetHints":{"allow":["GET"]}}],"collection":[{"href":"https:\/\/www.biokari.sk\/ro\/wp-json\/wp\/v2\/product"}],"about":[{"href":"https:\/\/www.biokari.sk\/ro\/wp-json\/wp\/v2\/types\/product"}],"replies":[{"embeddable":true,"href":"https:\/\/www.biokari.sk\/ro\/wp-json\/wp\/v2\/comments?post=9881"}],"wp:featuredmedia":[{"embeddable":true,"href":"https:\/\/www.biokari.sk\/ro\/wp-json\/wp\/v2\/media\/9882"}],"wp:attachment":[{"href":"https:\/\/www.biokari.sk\/ro\/wp-json\/wp\/v2\/media?parent=9881"}],"wp:term":[{"taxonomy":"product_brand","embeddable":true,"href":"https:\/\/www.biokari.sk\/ro\/wp-json\/wp\/v2\/product_brand?post=9881"},{"taxonomy":"product_cat","embeddable":true,"href":"https:\/\/www.biokari.sk\/ro\/wp-json\/wp\/v2\/product_cat?post=9881"},{"taxonomy":"product_tag","embeddable":true,"href":"https:\/\/www.biokari.sk\/ro\/wp-json\/wp\/v2\/product_tag?post=9881"}],"curies":[{"name":"wp","href":"https:\/\/api.w.org\/{rel}","templated":true}]}}